{"id":11700,"date":"2021-08-09T12:36:01","date_gmt":"2021-08-09T16:36:01","guid":{"rendered":"https:\/\/orthodiv.org\/?page_id=11700"},"modified":"2025-05-22T15:16:49","modified_gmt":"2025-05-22T19:16:49","slug":"reunions-precedentes","status":"publish","type":"page","link":"https:\/\/www.orthodiv.org\/fr\/zone-des-membres\/reunions-precedentes\/","title":{"rendered":"R\u00e9unions pr\u00e9c\u00e9dentes"},"content":{"rendered":"<div class=\"wpb-content-wrapper\"><p>[vc_row][vc_column][vc_custom_heading text=&#8221;2024 L\u2019ASSEMBL\u00c9E DES MEMBRES&#8221; use_theme_fonts=&#8221;yes&#8221;][vc_custom_heading text=&#8221;2024 PROC\u00c8S-VERBAL DE L\u2019ASSEMBL\u00c9E DES MEMBRES&#8221; font_container=&#8221;tag:h3|text_align:left&#8221; use_theme_fonts=&#8221;yes&#8221;][vc_column_text]<iframe src=\"\/\/docs.google.com\/viewer?url=https%3A%2F%2Fwww.orthodiv.org%2Fwp-content%2Fuploads%2F2024%2F06%2FMinutes-2024-Annual-Members-Meeting-Orthopaedic-Division-FR.docx&hl=en_US&embedded=true\" class=\"gde-frame\" style=\"width:100%; height:500px; border: none;\" scrolling=\"no\"><\/iframe>\n<p class=\"gde-text\"><a href=\"https:\/\/www.orthodiv.org\/wp-content\/uploads\/2024\/06\/Minutes-2024-Annual-Members-Meeting-Orthopaedic-Division-FR.docx\" class=\"gde-link\">Download (DOCX, Unknown)<\/a><\/p><\/p>\n<p><iframe src=\"\/\/docs.google.com\/viewer?url=https%3A%2F%2Fwww.orthodiv.org%2Fwp-content%2Fuploads%2F2024%2F06%2FFinal-AMM-PPT-2024.pdf&hl=en_US&embedded=true\" class=\"gde-frame\" style=\"width:100%; height:500px; border: none;\" scrolling=\"no\"><\/iframe>\n<p class=\"gde-text\"><a href=\"https:\/\/www.orthodiv.org\/wp-content\/uploads\/2024\/06\/Final-AMM-PPT-2024.pdf\" class=\"gde-link\">Download (PDF, Unknown)<\/a><\/p>[\/vc_column_text][vc_separator][\/vc_column][\/vc_row][vc_row][vc_column][vc_custom_heading text=&#8221;2023 L\u2019ASSEMBL\u00c9E DES MEMBRES&#8221; use_theme_fonts=&#8221;yes&#8221;][vc_custom_heading text=&#8221;2023 PROC\u00c8S-VERBAL DE L\u2019ASSEMBL\u00c9E DES MEMBRES&#8221; font_container=&#8221;tag:h3|text_align:left&#8221; use_theme_fonts=&#8221;yes&#8221;][vc_column_text]<iframe src=\"\/\/docs.google.com\/viewer?url=https%3A%2F%2Fwww.orthodiv.org%2Fwp-content%2Fuploads%2F2024%2F06%2FMinutes-2024-Annual-Members-Meeting-Orthopaedic-Division-FR.docx&hl=en_US&embedded=true\" class=\"gde-frame\" style=\"width:100%; height:500px; border: none;\" scrolling=\"no\"><\/iframe>\n<p class=\"gde-text\"><a href=\"https:\/\/www.orthodiv.org\/wp-content\/uploads\/2024\/06\/Minutes-2024-Annual-Members-Meeting-Orthopaedic-Division-FR.docx\" class=\"gde-link\">Download (DOCX, Unknown)<\/a><\/p><\/p>\n<p><iframe src=\"\/\/docs.google.com\/viewer?url=https%3A%2F%2Fwww.orthodiv.org%2Fwp-content%2Fuploads%2F2024%2F06%2FFinal-AMM-PPT-2024.pdf&hl=en_US&embedded=true\" class=\"gde-frame\" style=\"width:100%; height:500px; border: none;\" scrolling=\"no\"><\/iframe>\n<p class=\"gde-text\"><a href=\"https:\/\/www.orthodiv.org\/wp-content\/uploads\/2024\/06\/Final-AMM-PPT-2024.pdf\" class=\"gde-link\">Download (PDF, Unknown)<\/a><\/p>[\/vc_column_text][vc_separator][\/vc_column][\/vc_row][vc_row][vc_column][vc_custom_heading text=&#8221;2022 L\u2019ASSEMBL\u00c9E DES MEMBRES&#8221; use_theme_fonts=&#8221;yes&#8221;][vc_video link=&#8221;https:\/\/vimeo.com\/video\/721504892&#8243;][vc_custom_heading text=&#8221;2022 PROC\u00c8S-VERBAL DE L\u2019ASSEMBL\u00c9E DES MEMBRES&#8221; font_container=&#8221;tag:h3|text_align:left&#8221; use_theme_fonts=&#8221;yes&#8221;][vc_column_text]<iframe src=\"\/\/docs.google.com\/viewer?url=https%3A%2F%2Forthodiv.org%2Fwp-content%2Fuploads%2F2022%2F07%2FFINAL-MEMBERS-MEETING-MINUTES-June-15-2022-FR.pdf&hl=en_US&embedded=true\" class=\"gde-frame\" style=\"width:100%; height:500px; border: none;\" scrolling=\"no\"><\/iframe>\n<p class=\"gde-text\"><a href=\"https:\/\/orthodiv.org\/wp-content\/uploads\/2022\/07\/FINAL-MEMBERS-MEETING-MINUTES-June-15-2022-FR.pdf\" class=\"gde-link\">Download (PDF, Unknown)<\/a><\/p>[\/vc_column_text][vc_separator][\/vc_column][\/vc_row][vc_row][vc_column][vc_custom_heading text=&#8221;2021 PROC\u00c8S-VERBAL DE L\u2019ASSEMBL\u00c9E DES MEMBRES&#8221; use_theme_fonts=&#8221;yes&#8221;][vc_column_text]<iframe src=\"\/\/docs.google.com\/viewer?url=https%3A%2F%2Forthodiv.org%2Fwp-content%2Fuploads%2F2021%2F08%2FFRENCH-Members-Meeting-Minutes.pdf&hl=en_US&embedded=true\" class=\"gde-frame\" style=\"width:100%; height:500px; border: none;\" scrolling=\"no\"><\/iframe>\n<p class=\"gde-text\"><a href=\"https:\/\/orthodiv.org\/wp-content\/uploads\/2021\/08\/FRENCH-Members-Meeting-Minutes.pdf\" class=\"gde-link\">Download (PDF, Unknown)<\/a><\/p>[\/vc_column_text][vc_separator][\/vc_column][\/vc_row][vc_row][vc_column][vc_custom_heading text=&#8221;2020 Members Meeting &#8221; use_theme_fonts=&#8221;yes&#8221;][vc_column_text]<\/p>\n<iframe src=\"\/\/docs.google.com\/viewer?url=https%3A%2F%2Forthodiv.org%2Fwp-content%2Fuploads%2F2020%2F06%2FFINAL-MEMBERS-MEETING-MINUTES-May-20-2020-Virtual.pdf&hl=en_US&embedded=true\" class=\"gde-frame\" style=\"width:100%; height:500px; border: none;\" scrolling=\"no\"><\/iframe>\n<p class=\"gde-text\"><a href=\"https:\/\/orthodiv.org\/wp-content\/uploads\/2020\/06\/FINAL-MEMBERS-MEETING-MINUTES-May-20-2020-Virtual.pdf\" class=\"gde-link\">Download (PDF, Unknown)<\/a><\/p>\n<p>[\/vc_column_text][vc_separator][\/vc_column][\/vc_row][vc_row][vc_column][vc_custom_heading text=&#8221;2019 Members Meeting &#8221; use_theme_fonts=&#8221;yes&#8221;][vc_column_text]<\/p>\n<iframe src=\"\/\/docs.google.com\/viewer?url=https%3A%2F%2Forthodiv.org%2Fwp-content%2Fuploads%2F2020%2F05%2FFinal-Approved-MEMBERS-MEETING-MINUTES-June-82019-1.pdf&hl=en_US&embedded=true\" class=\"gde-frame\" style=\"width:100%; height:500px; border: none;\" scrolling=\"no\"><\/iframe>\n<p class=\"gde-text\"><a href=\"https:\/\/orthodiv.org\/wp-content\/uploads\/2020\/05\/Final-Approved-MEMBERS-MEETING-MINUTES-June-82019-1.pdf\" class=\"gde-link\">Download (PDF, Unknown)<\/a><\/p>\n<p>[\/vc_column_text][vc_separator][\/vc_column][\/vc_row][vc_row][vc_column][vc_custom_heading text=&#8221;2017 Symposium &#8221; use_theme_fonts=&#8221;yes&#8221;][vc_custom_heading text=&#8221;Video&#8221; font_container=&#8221;tag:h3|text_align:left&#8221; use_theme_fonts=&#8221;yes&#8221;][\/vc_column][\/vc_row][vc_row][vc_column width=&#8221;1\/2&#8243;][vc_video link=&#8221;https:\/\/youtu.be\/GrDE5vr8Ur4&#8243;][\/vc_column][vc_column width=&#8221;1\/2&#8243;][\/vc_column][\/vc_row][vc_row][vc_column][vc_separator][vc_custom_heading text=&#8221;2016 Symposium&#8221; use_theme_fonts=&#8221;yes&#8221;][\/vc_column][\/vc_row][vc_row][vc_column][vc_custom_heading text=&#8221;Video&#8221; font_container=&#8221;tag:h3|text_align:left&#8221; use_theme_fonts=&#8221;yes&#8221;][\/vc_column][\/vc_row][vc_row][vc_column width=&#8221;1\/2&#8243;][vc_video link=&#8221;https:\/\/vimeo.com\/240895696&#8243; align=&#8221;center&#8221;][\/vc_column][vc_column width=&#8221;1\/2&#8243;][\/vc_column][\/vc_row][vc_row][vc_column][vc_custom_heading text=&#8221;Audio&#8221; font_container=&#8221;tag:h3|text_align:left&#8221; use_theme_fonts=&#8221;yes&#8221;][\/vc_column][\/vc_row][vc_row][vc_column width=&#8221;1\/2&#8243;][vc_column_text]<\/p>\n<h3>Part 1<\/h3>\n<audio class=\"wp-audio-shortcode\" id=\"audio-11700-1\" preload=\"none\" style=\"width: 100%;\" controls=\"controls\"><source type=\"audio\/mpeg\" src=\"https:\/\/orthodiv.org\/wp-content\/uploads\/2018\/04\/1049-Orthopedic-Division-Symposium-2016-Part-1.mp3?_=1\" \/><a href=\"https:\/\/orthodiv.org\/wp-content\/uploads\/2018\/04\/1049-Orthopedic-Division-Symposium-2016-Part-1.mp3\">https:\/\/orthodiv.org\/wp-content\/uploads\/2018\/04\/1049-Orthopedic-Division-Symposium-2016-Part-1.mp3<\/a><\/audio>\n<p>[\/vc_column_text][\/vc_column][vc_column width=&#8221;1\/2&#8243;][vc_column_text]<\/p>\n<h3>Part 2<\/h3>\n<audio class=\"wp-audio-shortcode\" id=\"audio-11700-2\" preload=\"none\" style=\"width: 100%;\" controls=\"controls\"><source type=\"audio\/mpeg\" src=\"https:\/\/orthodiv.org\/wp-content\/uploads\/2018\/04\/1050-Orthopedic-Division-Symposium-2016-Part-2.mp3?_=2\" \/><a href=\"https:\/\/orthodiv.org\/wp-content\/uploads\/2018\/04\/1050-Orthopedic-Division-Symposium-2016-Part-2.mp3\">https:\/\/orthodiv.org\/wp-content\/uploads\/2018\/04\/1050-Orthopedic-Division-Symposium-2016-Part-2.mp3<\/a><\/audio>\n<p>[\/vc_column_text][\/vc_column][\/vc_row]<\/p>\n<\/div>","protected":false},"excerpt":{"rendered":"<p>[vc_row][vc_column][vc_custom_heading text=&#8221;2024 L\u2019ASSEMBL\u00c9E DES MEMBRES&#8221; use_theme_fonts=&#8221;yes&#8221;][vc_custom_heading text=&#8221;2024 PROC\u00c8S-VERBAL DE L\u2019ASSEMBL\u00c9E DES MEMBRES&#8221; font_container=&#8221;tag:h3|text_align:left&#8221; use_theme_fonts=&#8221;yes&#8221;][vc_column_text] [\/vc_column_text][vc_separator][\/vc_column][\/vc_row][vc_row][vc_column][vc_custom_heading text=&#8221;2023 L\u2019ASSEMBL\u00c9E DES MEMBRES&#8221; use_theme_fonts=&#8221;yes&#8221;][vc_custom_heading text=&#8221;2023 PROC\u00c8S-VERBAL DE L\u2019ASSEMBL\u00c9E DES MEMBRES&#8221; font_container=&#8221;tag:h3|text_align:left&#8221; use_theme_fonts=&#8221;yes&#8221;][vc_column_text] [\/vc_column_text][vc_separator][\/vc_column][\/vc_row][vc_row][vc_column][vc_custom_heading text=&#8221;2022 L\u2019ASSEMBL\u00c9E DES MEMBRES&#8221; use_theme_fonts=&#8221;yes&#8221;][vc_video link=&#8221;https:\/\/vimeo.com\/video\/721504892&#8243;][vc_custom_heading text=&#8221;2022 PROC\u00c8S-VERBAL DE L\u2019ASSEMBL\u00c9E DES MEMBRES&#8221; font_container=&#8221;tag:h3|text_align:left&#8221; use_theme_fonts=&#8221;yes&#8221;][vc_column_text][\/vc_column_text][vc_separator][\/vc_column][\/vc_row][vc_row][vc_column][vc_custom_heading text=&#8221;2021 PROC\u00c8S-VERBAL DE L\u2019ASSEMBL\u00c9E DES MEMBRES&#8221; use_theme_fonts=&#8221;yes&#8221;][vc_column_text][\/vc_column_text][vc_separator][\/vc_column][\/vc_row][vc_row][vc_column][vc_custom_heading text=&#8221;2020 Members Meeting &#8221; use_theme_fonts=&#8221;yes&#8221;][vc_column_text]&#8230;  <a class=\"excerpt-read-more\" href=\"https:\/\/www.orthodiv.org\/fr\/zone-des-membres\/reunions-precedentes\/\" title=\"LireR\u00e9unions pr\u00e9c\u00e9dentes\">Lire la suite &raquo;<\/a><\/p>\n","protected":false},"author":1623,"featured_media":0,"parent":3691,"menu_order":55,"comment_status":"closed","ping_status":"closed","template":"template-member.php","meta":{"_bbp_topic_count":0,"_bbp_reply_count":0,"_bbp_total_topic_count":0,"_bbp_total_reply_count":0,"_bbp_voice_count":0,"_bbp_anonymous_reply_count":0,"_bbp_topic_count_hidden":0,"_bbp_reply_count_hidden":0,"_bbp_forum_subforum_count":0,"inline_featured_image":false,"footnotes":""},"class_list":["post-11700","page","type-page","status-publish","hentry"],"_links":{"self":[{"href":"https:\/\/www.orthodiv.org\/fr\/wp-json\/wp\/v2\/pages\/11700","targetHints":{"allow":["GET"]}}],"collection":[{"href":"https:\/\/www.orthodiv.org\/fr\/wp-json\/wp\/v2\/pages"}],"about":[{"href":"https:\/\/www.orthodiv.org\/fr\/wp-json\/wp\/v2\/types\/page"}],"author":[{"embeddable":true,"href":"https:\/\/www.orthodiv.org\/fr\/wp-json\/wp\/v2\/users\/1623"}],"replies":[{"embeddable":true,"href":"https:\/\/www.orthodiv.org\/fr\/wp-json\/wp\/v2\/comments?post=11700"}],"version-history":[{"count":13,"href":"https:\/\/www.orthodiv.org\/fr\/wp-json\/wp\/v2\/pages\/11700\/revisions"}],"predecessor-version":[{"id":22772,"href":"https:\/\/www.orthodiv.org\/fr\/wp-json\/wp\/v2\/pages\/11700\/revisions\/22772"}],"up":[{"embeddable":true,"href":"https:\/\/www.orthodiv.org\/fr\/wp-json\/wp\/v2\/pages\/3691"}],"wp:attachment":[{"href":"https:\/\/www.orthodiv.org\/fr\/wp-json\/wp\/v2\/media?parent=11700"}],"curies":[{"name":"wp","href":"https:\/\/api.w.org\/{rel}","templated":true}]}}