{"id":14034,"date":"2022-04-28T16:04:39","date_gmt":"2022-04-28T20:04:39","guid":{"rendered":"https:\/\/orthodiv.org\/?page_id=14034"},"modified":"2023-06-01T13:54:07","modified_gmt":"2023-06-01T17:54:07","slug":"prix-dexcellence-en-enseignement-carol-kennedy","status":"publish","type":"page","link":"https:\/\/www.orthodiv.org\/fr\/reseauter-avec-ses-pairs\/prix-subventions-et-bourses\/prix-dexcellence-en-enseignement-carol-kennedy\/","title":{"rendered":"Prix D&#8217;Excellence En Enseignement Carol Kennedy"},"content":{"rendered":"<p>&nbsp;<\/p>\n<table>\n<tbody>\n<tr>\n<td><img loading=\"lazy\" decoding=\"async\" class=\"size-medium wp-image-14027 aligncenter\" src=\"https:\/\/orthodiv.org\/wp-content\/uploads\/2022\/04\/award-kennedy-1-300x199.png\" alt=\"\" width=\"300\" height=\"199\" srcset=\"https:\/\/www.orthodiv.org\/wp-content\/uploads\/2022\/04\/award-kennedy-1-300x199.png 300w, https:\/\/www.orthodiv.org\/wp-content\/uploads\/2022\/04\/award-kennedy-1-768x509.png 768w, https:\/\/www.orthodiv.org\/wp-content\/uploads\/2022\/04\/award-kennedy-1.png 783w\" sizes=\"auto, (max-width: 300px) 100vw, 300px\" \/><\/td>\n<td><img loading=\"lazy\" decoding=\"async\" class=\"wp-image-14026 aligncenter\" src=\"https:\/\/orthodiv.org\/wp-content\/uploads\/2022\/04\/award-kennedy-2.jpeg\" alt=\"\" width=\"220\" height=\"220\" srcset=\"https:\/\/www.orthodiv.org\/wp-content\/uploads\/2022\/04\/award-kennedy-2.jpeg 300w, https:\/\/www.orthodiv.org\/wp-content\/uploads\/2022\/04\/award-kennedy-2-150x150.jpeg 150w, https:\/\/www.orthodiv.org\/wp-content\/uploads\/2022\/04\/award-kennedy-2-125x125.jpeg 125w\" sizes=\"auto, (max-width: 220px) 100vw, 220px\" \/><\/td>\n<\/tr>\n<\/tbody>\n<\/table>\n<h3><\/h3>\n<h3>Contexte<\/h3>\n<blockquote><p>\u00ab\u00a0L\u2019excellence en enseignement se d\u00e9finit par l\u2019apport de la personne \u00e0 l\u2019environnement d\u2019apprentissage de par son \u00e9nergie d\u00e9bordante, son int\u00e9r\u00eat sinc\u00e8re dans la r\u00e9ussite des \u00e9tudiants et ses grandes forces dans les r\u00f4les suivants\u00a0: expert du domaine, p\u00e9dagogue de premier ordre, mentor, communicateur hors pair et \u00e9valuateur syst\u00e9matique et constant.<a href=\"#reference1\">1<\/a>\u00a0\u00bb<\/p><\/blockquote>\n<p>Depuis pr\u00e8s de 40\u00a0ans, Carol Kennedy incarne l\u2019excellence en enseignement et en pratique de la th\u00e9rapie manuelle orthop\u00e9dique et de la physioth\u00e9rapie musculosquelettique (TMOPM) au Canada. Ce prix vient donc honorer son h\u00e9ritage en d\u00e9finissant et soulignant l\u2019excellence en enseignement clinique de la TMOPM dans un contexte de formation continue.<\/p>\n<p>Carol Kennedy est une experte clinique reconnue au Canada et \u00e0 l\u2019\u00e9tranger dans la pratique de la th\u00e9rapie manuelle orthop\u00e9dique, de la physioth\u00e9rapie musculosquelettique et de la physioth\u00e9rapie cervicale. Son immense savoir-faire est le fruit de son in\u00e9puisable passion pour l\u2019enseignement, comme en t\u00e9moignent ses \u00e9valuations critiques, sa participation aux cours et colloques de formation continue, ses discussions avec d\u2019autres experts cliniques et sa ma\u00eetrise post-professionnelle apr\u00e8s 30\u00a0ans de pratique. L\u2019expertise de Carol et l\u2019\u00e9volution exceptionnelle de sa carri\u00e8re sont rendues manifestes dans son apport\u00a0: articles, livres de r\u00e9f\u00e9rence, symposiums, recherche clinique, pratique clinique, enseignement (contenu et comp\u00e9tence).<\/p>\n<h3>Paracours<\/h3>\n<p>Carol a d\u00e9marr\u00e9 sa carri\u00e8re en enseignement \u00e0 la division d\u2019orthop\u00e9die de l\u2019Association canadienne de physioth\u00e9rapie (ACP); elle y est demeur\u00e9e instructrice et examinatrice loyale et d\u00e9vou\u00e9e tout au long de sa carri\u00e8re. Elle place l\u2019\u00e9tudiant au c\u0153ur de toutes ses activit\u00e9s (instruction, mentorat, encadrement, \u00e9valuation) et utilise les donn\u00e9es les plus r\u00e9centes et les plus rigoureuses. Son approche est toujours juste et raisonn\u00e9e. Elle tient compte des commentaires de ses \u00e9tudiants, et ses propres r\u00e9troactions sont honn\u00eates, rationnelles et constructives. Il est \u00e9vident pour tous, \u00e9tudiants et coll\u00e8gues, que Carol se passionne pour son sujet et pour la r\u00e9ussite et le perfectionnement de chacun de ses \u00e9tudiants. Elle \u00e9nonce clairement ses objectifs d\u2019enseignement, les r\u00e9sultats qu\u2019elle attend et ses crit\u00e8res d\u2019\u00e9valuation.<\/p>\n<p>Elle \u00e9largit l\u2019environnement d\u2019apprentissage en TMOPM au-del\u00e0 du cadre post-professionnel et universitaire. Elle ne rate jamais l\u2019occasion de partager ses connaissances, que ce soit avec des coll\u00e8gues chevronn\u00e9s ou moins exp\u00e9riment\u00e9s, avec ses \u00e9tudiants ou ses patients. On la voit r\u00e9guli\u00e8rement se porter volontaire pour animer des s\u00e9minaires en soir\u00e9e, des groupes d\u2019\u00e9tude libres et toute une panoplie de cours en ligne (modules de formation, groupes de discussion, encadrement et mentorat \u00e0 distance). Elle est toujours \u00e0 la fois le ma\u00eetre et l\u2019\u00e9l\u00e8ve.<\/p>\n<p>Son curriculum vit\u00e6 t\u00e9moigne de l\u2019ampleur de son exp\u00e9rience et de la diversit\u00e9 de ses fonctions en enseignement\u00a0: examinatrice en chef de la division d\u2019orthop\u00e9die, repr\u00e9sentante du Canada \u00e0 l\u2019International Federation of Orthopaedic Manipulative Physical Therapists (IFOMPT), premi\u00e8re sp\u00e9cialiste clinique de l\u2019ACP en physioth\u00e9rapie musculosquelettique, et directrice visionnaire du certificat d\u2019\u00e9tudes sup\u00e9rieures en physioth\u00e9rapie orthop\u00e9dique musculosquelettique de l\u2019Universit\u00e9 de la Colombie-Britannique. Dans son d\u00e9vouement in\u00e9branlable \u00e0 la TMOPM, elle fait preuve d\u2019humilit\u00e9, d\u2019un esprit doucement maternel et de professionnalisme.<\/p>\n<p>Les bons enseignants incarnent toujours leur philosophie p\u00e9dagogique; celle de Carol se fonde sur les pratiques cliniques exemplaires et sur un cadre d\u2019apprentissage o\u00f9 les objectifs sont clairs, o\u00f9 la progression est logique et o\u00f9 on r\u00e9pond aux besoins de tous les \u00e9tudiants. Elle est toujours pr\u00eate \u00e0 se laisser convaincre par les faits nouveaux et les id\u00e9es nouvelles, et ne cache jamais son ignorance. Au fil de carri\u00e8re, Carol a d\u00e9fini l\u2019excellence en enseignement et est devenue une r\u00e9f\u00e9rence autant pour les professeurs que pour les cliniciens.<\/p>\n<h3>Objectif<\/h3>\n<p>Le prix r\u00e9compense les physioth\u00e9rapeutes qui se d\u00e9marquent par l\u2019excellence de leur enseignement et qui ont eu un apport important dans la formation en TMOPM.<\/p>\n<h3>Proc\u00e9dure De Mise En Candidature<\/h3>\n<p>Les mises en candidature doivent \u00eatre effectu\u00e9es par un membre de l\u2019ACP. Il s\u2019agit d\u2019un processus confidentiel, dont seuls le proposant et le comit\u00e9 des prix ont connaissance.<\/p>\n<p>La mise en candidature doit s\u2019accompagner des \u00e9l\u00e9ments suivants\u00a0:<\/p>\n<ol class=\"content-list\">\n<li class=\"p2\">Trois lettres de recommandation d\u2019un maximum de 1\u00a0200\u00a0mots chacune.<\/li>\n<li class=\"p2\">L\u2019un des proposants doit \u00eatre nomm\u00e9 \u00ab\u00a0premier proposant\u00a0\u00bb.<\/li>\n<li class=\"p2\">3)\u00a0Les lettres doivent expliquer ce qui fait l\u2019unicit\u00e9 du candidat, montrer qu\u2019il r\u00e9pond aux crit\u00e8res de s\u00e9lection et souligner ses comp\u00e9tences, son exp\u00e9rience et ce qui en fait un enseignant exceptionnel.<\/li>\n<li class=\"p2\">Curriculum vit\u00e6 du candidat.<\/li>\n<\/ol>\n<h3>Crit\u00e8res De S\u00e9lection<\/h3>\n<p>Le candidat doit<\/p>\n<ol style=\"list-style-type: lower-alpha; margin-left: 15px;\">\n<li>d\u00e9montrer une ma\u00eetrise exceptionnelle du sujet;<\/li>\n<li>se d\u00e9marquer par l\u2019excellence de la pr\u00e9paration et de l\u2019organisation du plan et des objectifs de cours, des lectures et travaux de laboratoire, des projets, du bar\u00e8me, des examens et des documents requis dans le cadre de cours d\u2019\u00e9tudes sup\u00e9rieures (des \u00e9valuations de pairs peuvent accompagner la mise en candidature);<\/li>\n<li>susciter l\u2019int\u00e9r\u00eat des \u00e9tudiants pour le sujet;<\/li>\n<li>encourager l\u2019esprit critique, l\u2019ind\u00e9pendance de pens\u00e9e et la capacit\u00e9 \u00e0 r\u00e9soudre des probl\u00e8mes des \u00e9tudiants;<\/li>\n<li>cultiver le go\u00fbt de toujours apprendre;<\/li>\n<li>pr\u00e9voir un niveau de difficult\u00e9 appropri\u00e9;<\/li>\n<li>exiger des \u00e9tudiants un niveau de connaissance approfondi et uniforme du sujet;<\/li>\n<li>se montrer int\u00e9ress\u00e9 par le progr\u00e8s des \u00e9tudiants et \u00eatre disponible et d\u2019un abord facile en dehors des heures de cours;<\/li>\n<li>\u00eatre une ressource f\u00e9conde pour les \u00e9tudiants et les coll\u00e8gues;<\/li>\n<li>participer au mentorat des instructeurs en TMOPM dans le cadre de leur formation;<\/li>\n<li>faire valoir et soutenir l\u2019excellence en enseignement par son apport aux programmes de formation en TMOPM et \u00e0 la communaut\u00e9 en g\u00e9n\u00e9ral.<\/li>\n<\/ol>\n<h3>S\u00e9lection Des Candidats<\/h3>\n<p class=\"p1\">Le laur\u00e9at sera s\u00e9lectionn\u00e9 par le comit\u00e9 des prix de la division d\u2019orthop\u00e9die.<\/p>\n<h3>R\u00e9compense<\/h3>\n<p>Un troph\u00e9e sera choisi par le comit\u00e9 des prix et la direction du DNO.<\/p>\n<h3>Pr\u00e9sentation<\/h3>\n<p>Le prix sera remis lors du symposium annuel ou de l\u2019assembl\u00e9e annuelle de la division d\u2019orthop\u00e9die.<\/p>\n<p><a class=\"greenBtn\" href=\"https:\/\/orthodiv.org\/wp-content\/uploads\/2022\/04\/Final-French-Carol-Kennedy-Excellence-in-Teaching-AWARD-2022.docx\">Formulaire De Mise En Candidature<\/a><\/p>\n<p id=\"reference1\" style=\"padding-left: 30px;\"><em>1 Schreyer Institute for Learning Excellence. Penn State University. Consult\u00e9 le 28\u00a0f\u00e9vrier\u00a02022<\/em><br \/>\n<a href=\"https:\/\/www.schreyerinstitute.psu.edu\/definition\"><em>www.schreyerinstitute.psu.edu\/definition<\/em><\/a><\/p>\n<hr \/>\n<ul class=\"content-list\">\n<li>2022 &#8211; <a href=\"https:\/\/www.orthodiv.org\/fr\/reseauter-avec-ses-pairs\/prix-subventions-et-bourses\/prix-dexcellence-en-enseignement-carol-kennedy-2022\/\">Kate Kennedy<\/a><\/li>\n<li>2023 \u2013\u00a0<a href=\"https:\/\/www.orthodiv.org\/fr\/reseauter-avec-ses-pairs\/prix-subventions-et-bourses\/prix-dexcellence-en-enseignement-carol-kennedy-2023\/\">\u00c8ve Chaput<\/a><\/li>\n<\/ul>\n","protected":false},"excerpt":{"rendered":"<p>&nbsp; Contexte \u00ab\u00a0L\u2019excellence en enseignement se d\u00e9finit par l\u2019apport de la personne \u00e0 l\u2019environnement d\u2019apprentissage de par son \u00e9nergie d\u00e9bordante, son int\u00e9r\u00eat sinc\u00e8re dans la r\u00e9ussite des \u00e9tudiants et ses grandes forces dans les r\u00f4les suivants\u00a0: expert du domaine, p\u00e9dagogue de premier ordre, mentor, communicateur hors pair et \u00e9valuateur syst\u00e9matique et constant.1\u00a0\u00bb Depuis pr\u00e8s de&#8230;  <a class=\"excerpt-read-more\" href=\"https:\/\/www.orthodiv.org\/fr\/reseauter-avec-ses-pairs\/prix-subventions-et-bourses\/prix-dexcellence-en-enseignement-carol-kennedy\/\" title=\"LirePrix D&#8217;Excellence En Enseignement Carol Kennedy\">Lire la suite &raquo;<\/a><\/p>\n","protected":false},"author":1623,"featured_media":0,"parent":3115,"menu_order":40,"comment_status":"closed","ping_status":"closed","template":"","meta":{"_bbp_topic_count":0,"_bbp_reply_count":0,"_bbp_total_topic_count":0,"_bbp_total_reply_count":0,"_bbp_voice_count":0,"_bbp_anonymous_reply_count":0,"_bbp_topic_count_hidden":0,"_bbp_reply_count_hidden":0,"_bbp_forum_subforum_count":0,"inline_featured_image":false,"footnotes":""},"class_list":["post-14034","page","type-page","status-publish","hentry"],"_links":{"self":[{"href":"https:\/\/www.orthodiv.org\/fr\/wp-json\/wp\/v2\/pages\/14034","targetHints":{"allow":["GET"]}}],"collection":[{"href":"https:\/\/www.orthodiv.org\/fr\/wp-json\/wp\/v2\/pages"}],"about":[{"href":"https:\/\/www.orthodiv.org\/fr\/wp-json\/wp\/v2\/types\/page"}],"author":[{"embeddable":true,"href":"https:\/\/www.orthodiv.org\/fr\/wp-json\/wp\/v2\/users\/1623"}],"replies":[{"embeddable":true,"href":"https:\/\/www.orthodiv.org\/fr\/wp-json\/wp\/v2\/comments?post=14034"}],"version-history":[{"count":6,"href":"https:\/\/www.orthodiv.org\/fr\/wp-json\/wp\/v2\/pages\/14034\/revisions"}],"predecessor-version":[{"id":17134,"href":"https:\/\/www.orthodiv.org\/fr\/wp-json\/wp\/v2\/pages\/14034\/revisions\/17134"}],"up":[{"embeddable":true,"href":"https:\/\/www.orthodiv.org\/fr\/wp-json\/wp\/v2\/pages\/3115"}],"wp:attachment":[{"href":"https:\/\/www.orthodiv.org\/fr\/wp-json\/wp\/v2\/media?parent=14034"}],"curies":[{"name":"wp","href":"https:\/\/api.w.org\/{rel}","templated":true}]}}