{"id":14047,"date":"2022-04-28T16:30:45","date_gmt":"2022-04-28T20:30:45","guid":{"rendered":"https:\/\/orthodiv.org\/?page_id=14047"},"modified":"2023-06-01T14:48:39","modified_gmt":"2023-06-01T18:48:39","slug":"bourse-de-recherche-bert-chesworth","status":"publish","type":"page","link":"https:\/\/www.orthodiv.org\/fr\/reseauter-avec-ses-pairs\/prix-subventions-et-bourses\/bourse-de-recherche-bert-chesworth\/","title":{"rendered":"Bourse De Recherche Bert Chesworth"},"content":{"rendered":"<h3>Context Et Histoire<\/h3>\n<h5 style=\"padding-left: 30px;\">Mission de la division nationale d\u2019orthop\u00e9die<\/h5>\n<p style=\"padding-left: 30px;\"><em>\u201cLa division d\u2019orthop\u00e9die de l\u2019Association canadienne de physioth\u00e9rapie vise l\u2019excellence en physioth\u00e9rapie musculosquelettique pour am\u00e9liorer la sant\u00e9 des patients. Nos membres exercent une pratique r\u00e9flexive, adoptent un raisonnement clinique avanc\u00e9 et int\u00e8grent des donn\u00e9es probantes. Pour ce faire, ils suivent des cours \u00e0 la fine pointe de la recherche et des formations reconnues internationalement, profitent de ressources sur les pratiques exemplaires et \u00e9changent avec leurs pairs et des experts.\u201d<\/em><\/p>\n<img loading=\"lazy\" decoding=\"async\" class=\"alignright size-full wp-image-14043\" src=\"https:\/\/orthodiv.org\/wp-content\/uploads\/2022\/04\/award-bert-chesworth.png\" alt=\"Bert Chesworth Honorarium\" width=\"240\" height=\"241\" srcset=\"https:\/\/www.orthodiv.org\/wp-content\/uploads\/2022\/04\/award-bert-chesworth.png 240w, https:\/\/www.orthodiv.org\/wp-content\/uploads\/2022\/04\/award-bert-chesworth-150x150.png 150w, https:\/\/www.orthodiv.org\/wp-content\/uploads\/2022\/04\/award-bert-chesworth-125x125.png 125w\" sizes=\"auto, (max-width: 240px) 100vw, 240px\" \/>\n<p>Bert\u00a0Chesworth est professeur \u00e9m\u00e9rite \u00e0 l\u2019Universit\u00e9 Western. Avant de prendre sa retraite en\u00a02019, M.\u00a0Chesworth \u00e9tait professeur agr\u00e9g\u00e9 et directeur de l\u2019\u00c9cole de physioth\u00e9rapie. \u00c9pid\u00e9miologiste et biostatisticien de formation, il poss\u00e8de \u00e9galement 20\u00a0ans d\u2019exp\u00e9rience clinique en physioth\u00e9rapie musculosquelettique dans les secteurs priv\u00e9 et public. Son apport \u00e0 la recherche dans ce domaine est consid\u00e9rable. Il a obtenu son agr\u00e9ment\u00a0FCAMPT en\u00a01989 et son doctorat en\u00a02000, \u00e0 la suite de quoi il s\u2019est joint \u00e0 l\u2019\u00e9quipe du personnel technique et sur le terrain du Registre ontarien des arthroplasties dont il a d\u00e9velopp\u00e9 la base de donn\u00e9es et le protocole de collecte des donn\u00e9es \u00e9lectroniques.<\/p>\n<p>Entre\u00a02006 et\u00a02019, il a enseign\u00e9 au premier cycle et au sein du programme de physioth\u00e9rapie professionnel \u00e0 l\u2019Universit\u00e9 Western. Il a \u00e9galement form\u00e9 et supervis\u00e9 des \u00e9tudiants de deuxi\u00e8me et troisi\u00e8me cycle dans le cadre de cours d\u2019\u00e9ducation continue en th\u00e9rapie manuelle et de la Ma\u00eetrise en sciences cliniques offerte en ligne \u00e0 l\u2019Universit\u00e9 Western.<\/p>\n<p>Ses recherches portent sur les r\u00e9sultats de la r\u00e9adaptation musculosquelettique, le remplacement total de l\u2019articulation de la hanche et du genou, les fractures de la hanche et la th\u00e9rapie manuelle.<\/p>\n<h3>Objet<\/h3>\n<p>Cette bourse a \u00e9t\u00e9 nomm\u00e9e en l\u2019honneur de M.\u00a0Chesworth, la premi\u00e8re personne \u00e0 obtenir \u00e0 la fois le titre de FCAMPT et un doctorat, et dont le travail de clinicien-chercheur a eu une incidence directe sur la sant\u00e9 musculosquelettique dans le domaine de la physioth\u00e9rapie orthop\u00e9dique. Elle vise \u00e0 reconna\u00eetre les r\u00e9alisations de chercheurs et \u00e0 leur donner l\u2019occasion de diffuser leurs conclusions pour guider la pratique. Les membres de la division d\u2019orthop\u00e9die peuvent utiliser cette bourse pour\u00a0: 1)\u00a0pr\u00e9senter leur \u00e9tude dans le cadre d\u2019une conf\u00e9rence nationale ou internationale (et couvrir les frais d\u2019inscription, d\u2019h\u00e9bergement et de d\u00e9placement), et 2)\u00a0financer un projet de recherche dans le domaine musculosquelettique.<\/p>\n<h3>Crit\u00e8res De S\u00e9lection<\/h3>\n<ul class=\"content-list\">\n<li>\u00catre membre de la division d\u2019orthop\u00e9die de l\u2019Association canadienne de physioth\u00e9rapie<\/li>\n<\/ul>\n<p><strong>Option 1 : Aide financi\u00e8re pour la participation \u00e0 une conf\u00e9rence ou un symposium<\/strong><\/p>\n<ul class=\"content-list\">\n<li>Pr\u00e9senter un r\u00e9sum\u00e9 du projet de recherche (300\u00a0mots) et une courte description de l\u2019\u00e9quipe de recherche.<\/li>\n<li>Soumettre une infographie d\u2019une page qui sera publi\u00e9e dans la Revue clinique de la division d\u2019orthop\u00e9die (RCDO).<\/li>\n<li>Awardees will submit a one-page infographic for dissemination through the Orthopaedic Division Clinical Update (ODCU)<\/li>\n<li>Remettre un texte de 1\u00a0000\u00a0mots expliquant la fa\u00e7on dont les fonds seront utilis\u00e9s.<\/li>\n<\/ul>\n<p><strong>OU<\/strong><\/p>\n<p><strong>Option 2 :\u00a0Aide financi\u00e8re pour r\u00e9aliser un projet de recherche dans le domaine musculosquelettique<\/strong><\/p>\n<ul class=\"content-list\">\n<li>Originalit\u00e9 du projet et mesure dans laquelle il contribue \u00e0 am\u00e9liorer la pratique et les connaissances dans le domaine.<\/li>\n<li>Incidence potentielle sur la formation et la pratique.<\/li>\n<li>Innovation \u2013 cr\u00e9ativit\u00e9 et nouveaux concepts.<\/li>\n<li>Co\u00fbts de soumission \u00e0 une revue d\u2019examen par les pairs en consultation libre.<\/li>\n<li>Explication de 1\u00a0000\u00a0mots sur la fa\u00e7on dont les fonds seront utilis\u00e9s.<\/li>\n<\/ul>\n<p>Le processus est confidentiel.<\/p>\n<p>Le comit\u00e9 des prix de la division d\u2019orthop\u00e9die s\u00e9lectionnera la personne laur\u00e9ate.<\/p>\n<h3>R\u00e9compenses<\/h3>\n<p>Deux bourses de 1\u00a0000\u00a0$<\/p>\n<p><strong>Date limite pour pr\u00e9senter une demande<\/strong>\u00a0: 31\u00a0janvier et 30\u00a0septembre de chaque ann\u00e9e<br \/>\nLes personnes choisies seront avis\u00e9es le 15\u00a0octobre et le 15\u00a0f\u00e9vrier.<\/p>\n<p><a class=\"greenBtn\" href=\"https:\/\/orthodiv.org\/wp-content\/uploads\/2022\/04\/BERT-CHESWORTH-RESEARCH-HONORARIUM_-FR.docx\">Formulaire De Demande<\/a><\/p>\n<hr \/>\n<ul class=\"content-list\">\n<li>2023 \u2013\u00a0<a href=\"https:\/\/www.orthodiv.org\/fr\/reseauter-avec-ses-pairs\/prix-subventions-et-bourses\/bourse-de-recherche-bert-chesworth-2023\/\">Adriana Richard and\u00a0Riaz Ingar<\/a><\/li>\n<\/ul>\n","protected":false},"excerpt":{"rendered":"<p>Context Et Histoire Mission de la division nationale d\u2019orthop\u00e9die \u201cLa division d\u2019orthop\u00e9die de l\u2019Association canadienne de physioth\u00e9rapie vise l\u2019excellence en physioth\u00e9rapie musculosquelettique pour am\u00e9liorer la sant\u00e9 des patients. Nos membres exercent une pratique r\u00e9flexive, adoptent un raisonnement clinique avanc\u00e9 et int\u00e8grent des donn\u00e9es probantes. Pour ce faire, ils suivent des cours \u00e0 la fine pointe&#8230;  <a class=\"excerpt-read-more\" href=\"https:\/\/www.orthodiv.org\/fr\/reseauter-avec-ses-pairs\/prix-subventions-et-bourses\/bourse-de-recherche-bert-chesworth\/\" title=\"LireBourse De Recherche Bert Chesworth\">Lire la suite &raquo;<\/a><\/p>\n","protected":false},"author":1623,"featured_media":0,"parent":3115,"menu_order":20,"comment_status":"closed","ping_status":"closed","template":"","meta":{"_bbp_topic_count":0,"_bbp_reply_count":0,"_bbp_total_topic_count":0,"_bbp_total_reply_count":0,"_bbp_voice_count":0,"_bbp_anonymous_reply_count":0,"_bbp_topic_count_hidden":0,"_bbp_reply_count_hidden":0,"_bbp_forum_subforum_count":0,"inline_featured_image":false,"footnotes":""},"class_list":["post-14047","page","type-page","status-publish","hentry"],"_links":{"self":[{"href":"https:\/\/www.orthodiv.org\/fr\/wp-json\/wp\/v2\/pages\/14047","targetHints":{"allow":["GET"]}}],"collection":[{"href":"https:\/\/www.orthodiv.org\/fr\/wp-json\/wp\/v2\/pages"}],"about":[{"href":"https:\/\/www.orthodiv.org\/fr\/wp-json\/wp\/v2\/types\/page"}],"author":[{"embeddable":true,"href":"https:\/\/www.orthodiv.org\/fr\/wp-json\/wp\/v2\/users\/1623"}],"replies":[{"embeddable":true,"href":"https:\/\/www.orthodiv.org\/fr\/wp-json\/wp\/v2\/comments?post=14047"}],"version-history":[{"count":8,"href":"https:\/\/www.orthodiv.org\/fr\/wp-json\/wp\/v2\/pages\/14047\/revisions"}],"predecessor-version":[{"id":17151,"href":"https:\/\/www.orthodiv.org\/fr\/wp-json\/wp\/v2\/pages\/14047\/revisions\/17151"}],"up":[{"embeddable":true,"href":"https:\/\/www.orthodiv.org\/fr\/wp-json\/wp\/v2\/pages\/3115"}],"wp:attachment":[{"href":"https:\/\/www.orthodiv.org\/fr\/wp-json\/wp\/v2\/media?parent=14047"}],"curies":[{"name":"wp","href":"https:\/\/api.w.org\/{rel}","templated":true}]}}