{"id":14064,"date":"2022-04-28T17:30:44","date_gmt":"2022-04-28T21:30:44","guid":{"rendered":"https:\/\/orthodiv.org\/?page_id=14064"},"modified":"2023-06-01T13:47:24","modified_gmt":"2023-06-01T17:47:24","slug":"prix-de-mentorat-lynn-chapman","status":"publish","type":"page","link":"https:\/\/www.orthodiv.org\/fr\/reseauter-avec-ses-pairs\/prix-subventions-et-bourses\/prix-de-mentorat-lynn-chapman\/","title":{"rendered":"Prix De Mentorat Lynn-Chapman"},"content":{"rendered":"<table>\n<tbody>\n<tr>\n<td><img loading=\"lazy\" decoding=\"async\" class=\"size-medium wp-image-14027 aligncenter\" src=\"https:\/\/orthodiv.org\/wp-content\/uploads\/2022\/04\/award-lynn-chapman-1.png\" alt=\"\" width=\"300\" height=\"199\" \/><\/td>\n<td><img loading=\"lazy\" decoding=\"async\" class=\"wp-image-14026 aligncenter\" src=\"https:\/\/orthodiv.org\/wp-content\/uploads\/2022\/04\/award-lynn-chapman.png\" alt=\"\" width=\"181\" height=\"267\" \/><\/td>\n<\/tr>\n<\/tbody>\n<\/table>\n<h3>Mise En Contexte<\/h3>\n<p>Le mentorat est une relation sp\u00e9ciale entre deux personnes, dont l\u2019une (le mentor) aide activement l\u2019autre (le mentor\u00e9) \u00e0 faire progresser ses comp\u00e9tences et sa carri\u00e8re. \u00c0 la fois professeur, parrain, conseiller, mod\u00e8le, instructeur et ami, le mentor id\u00e9al offre ses conseils, sa perspective et son soutien au mentor\u00e9 tout en ayant confiance en ses capacit\u00e9s, et a un entregent exceptionnel. L\u2019\u00e9tablissement d\u2019une bonne relation de mentorat est essentiel au d\u00e9veloppement des comp\u00e9tences avanc\u00e9es en physioth\u00e9rapie musculosquelettique et, par cons\u00e9quent, \u00e0 l\u2019offre de soins de qualit\u00e9. Lynn Chapman \u00e9tait l\u2019image m\u00eame de ces qualit\u00e9s\u00a0: elle visait l\u2019excellence dans chacun de ses jumelages, contribuant \u00e0 former la rel\u00e8ve de la physioth\u00e9rapie musculosquelettique orthop\u00e9dique au Canada. Le prix a \u00e9t\u00e9 cr\u00e9\u00e9 en son nom.<\/p>\n<h3>Historique<\/h3>\n<p>La division d\u2019orthop\u00e9die de l\u2019Association canadienne de physioth\u00e9rapie (ACP) a lanc\u00e9 le prix de mentorat Lynn-Chapman en 2016 pour rendre honneur \u00e0 la physioth\u00e9rapeute du m\u00eame nom, une femme exceptionnelle admir\u00e9e de ses pairs et d\u00e9c\u00e9d\u00e9e en 2015. La division souhaitait ainsi souligner son excellent travail de mentorat et ses importantes contributions \u00e0 la profession, tant \u00e0 l\u2019\u00e9chelle locale que nationale.<\/p>\n<p>Lynn ne cherchait pas \u00e0 se faire un nom. Elle \u00e9tait surtout motiv\u00e9e par le d\u00e9sir d\u2019encourager la qualit\u00e9 en physioth\u00e9rapie pour am\u00e9liorer la s\u00e9curit\u00e9 et l\u2019efficacit\u00e9 des soins aux patients. M\u00eame si elle ne ressentait pas le besoin d\u2019\u00eatre sous les projecteurs, elle a inspir\u00e9, directement ou indirectement, bien des physioth\u00e9rapeutes en th\u00e9rapie orthop\u00e9dique musculosquelettique par son travail acharn\u00e9 et sa passion.<\/p>\n<p>Avec le consentement de sa famille, la division d\u2019orthop\u00e9die a recommand\u00e9 la cr\u00e9ation du prix en reconnaissance de son apport consid\u00e9rable au mentorat clinique et \u00e0 la formation. D\u00e9sireuse de partager son expertise et ses connaissances, elle aimait investir dans les autres et faisait toujours preuve de respect, d\u2019empathie, et d\u2019\u00e9coute attentive. Le prix r\u00e9compense des coll\u00e8gues qui poss\u00e8dent toutes les qualit\u00e9s d\u2019un excellent mentor et font figure de pionniers et de piliers de la profession, tout en aidant constamment les physioth\u00e9rapeutes \u00e0 am\u00e9liorer leurs connaissances et comp\u00e9tences pour faire progresser le domaine de la physioth\u00e9rapie musculosquelettique orthop\u00e9dique.<\/p>\n<h3>Philosophy<\/h3>\n<p>Les membres de la profession ont les convictions suivantes :<\/p>\n<ul class=\"content-list\">\n<li>Gr\u00e2ce au mentorat, les physioth\u00e9rapeutes peuvent am\u00e9liorer les soins aux patients par l\u2019\u00e9laboration de politiques, la recherche clinique et le d\u00e9veloppement des cours et du programme.<\/li>\n<li>Une personne peut devenir un mentor inspirant de diverses fa\u00e7ons, \u00e0 n\u2019importe quel stade de sa carri\u00e8re.<\/li>\n<li>Les physioth\u00e9rapeutes qui agissent comme mentors aupr\u00e8s de leurs coll\u00e8gues aident \u00e0 la fois leurs mentor\u00e9s et la profession.<\/li>\n<li>Une personne peut travailler avec assiduit\u00e9 et passion pour faire progresser la profession, m\u00eame si elle reste dans l\u2019ombre.<\/li>\n<li>Les physioth\u00e9rapeutes qui sont des mod\u00e8les de professionnalisme et de g\u00e9n\u00e9rosit\u00e9 inspirent souvent autant leurs pairs que les figures de proue de la profession.<\/li>\n<\/ul>\n<h3>Objectif<\/h3>\n<p>Un mentor aide au perfectionnement professionnel de ses mentor\u00e9s; c\u2019est une personne avec qui on peut \u00e9changer et discuter pour mieux comprendre les aspects les plus complexes des soins aux patients. Le prix de mentorat Lynn-Chapman de la division d\u2019orthop\u00e9die souligne le travail des physioth\u00e9rapeutes qui, en offrant inspiration et soutien \u00e0 leurs pairs, ont activement particip\u00e9 \u00e0 leur mentorat les ont aid\u00e9s \u00e0 faire progresser leurs connaissances de la physioth\u00e9rapie musculosquelettique orthop\u00e9dique.<\/p>\n<h3>Crit\u00e8res De S\u00e9lection<\/h3>\n<p>Les candidats doivent \u00eatre reconnus par leurs pairs en tant que mentors en physioth\u00e9rapie musculosquelettique\/orthop\u00e9dique, mod\u00e8le et source d\u2019inspiration; ils doivent avoir contribu\u00e9 \u00e0 la formation de plusieurs coll\u00e8gues. La pr\u00e9f\u00e9rence sera accord\u00e9e aux personnes qui sont des leaders dans le domaine, ou qui favorisent la participation de leurs coll\u00e8gues \u00e0 des activit\u00e9s professionnelles. Les candidats doivent \u00eatre membres de la division d\u2019orthop\u00e9die de l\u2019Association canadienne de physioth\u00e9rapie depuis au moins cinq ans.<br \/>\nLes activit\u00e9s accept\u00e9es sont notamment les suivantes\u00a0:<\/p>\n<ul class=\"content-list\">\n<li>Avoir mentor\u00e9 au moins deux physioth\u00e9rapeutes en ce qui concerne la pratique, la formation, la recherche, la repr\u00e9sentation ou les activit\u00e9s professionnelles dans le domaine de la physioth\u00e9rapie musculosquelettique\/orthop\u00e9dique, et ainsi apport\u00e9 une importante contribution \u00e0 leur perfectionnement professionnel.<\/li>\n<li>Faire figure de mod\u00e8le pour ses pairs en participant \u00e0 des activit\u00e9s de b\u00e9n\u00e9volat professionnel qui font avancer la profession et la division d\u2019orthop\u00e9die de l\u2019ACP.<\/li>\n<\/ul>\n<h3>Admissibilit\u00e9<\/h3>\n<p class=\"p1\">Tous les candidats doivent \u00eatre des physioth\u00e9rapeutes membres en bonne et due forme de la division d\u2019orthop\u00e9die de l\u2019ACP.<\/p>\n<h3>S\u00e9lection De Candidats<\/h3>\n<p>Le laur\u00e9at ou les laur\u00e9ats seront s\u00e9lectionn\u00e9s par le comit\u00e9 des prix de la division d\u2019orthop\u00e9die.<\/p>\n<h3>Pr\u00e9sentation<\/h3>\n<p>Le ou les prix seront remis lors du symposium annuel de la division d\u2019orthop\u00e9die.<\/p>\n<h3>R\u00e9compense<\/h3>\n<ul class=\"content-list\">\n<li>Reconnaissance lors du symposium annuel de la division d\u2019orthop\u00e9die<\/li>\n<li>Certificat au nom du laur\u00e9at<\/li>\n<\/ul>\n<h3>Proc\u00e9dure De Mise En Canidature<\/h3>\n<p>Les mises en candidature doivent \u00eatre effectu\u00e9es par un membre de l\u2019Association canadienne de physioth\u00e9rapie. Il s\u2019agit d\u2019un processus confidentiel, dont seuls le proposant et le comit\u00e9 des prix ont connaissance.<\/p>\n<p>La mise en candidature doit s\u2019accompagner des \u00e9l\u00e9ments suivants :<\/p>\n<ol class=\"content-list\">\n<li>Trois lettres de recommandation d\u2019un maximum de 1200\u00a0mots chacune. Au moins deux d\u2019entre elles doivent provenir de mentor\u00e9s de la personne propos\u00e9e.<\/li>\n<li>L\u2019un des proposants doit \u00eatre nomm\u00e9 \u00ab\u00a0premier proposant\u00a0\u00bb.<\/li>\n<li>Les lettres doivent expliquer comment le candidat r\u00e9pond aux crit\u00e8res de s\u00e9lection, et souligner ses comp\u00e9tences, son exp\u00e9rience et ses qualit\u00e9s comme mentor en fournissant des exemples concrets.<\/li>\n<li>Curriculum vit\u00e6 du candidat.<\/li>\n<\/ol>\n<p><strong>Questions Pour Orienter La R\u00e9dactioin<\/strong><\/p>\n<ol class=\"content-list\">\n<li>En quoi le candidat est-il une source d\u2019inspiration pour vous?<\/li>\n<li>En quoi a-t-il fait progresser vos connaissances et votre exp\u00e9rience clinique dans le domaine de la physioth\u00e9rapie musculosquelettique\/orthop\u00e9dique?<\/li>\n<li>Comment vous a-t-il pouss\u00e9 \u00e0 explorer des avenues que vous auriez autrement d\u00e9laiss\u00e9es?<\/li>\n<li>D\u00e9crivez les caract\u00e9ristiques du candidat qui influencent votre milieu de pratique.<\/li>\n<\/ol>\n<p><a class=\"greenBtn\" href=\"https:\/\/orthodiv.org\/wp-content\/uploads\/2022\/04\/FINAL-LYNN-CHAPMAN-CLINICAL-MENTORSHIP-AWARD-2022-FR.docx\">Formulaire De Mise En Candidature<\/a><\/p>\n<hr \/>\n<ul class=\"content-list\">\n<li>2018 &#8211; <a href=\"https:\/\/orthodiv.org\/networking\/awards-grants-bursaries\/lynn-chapman-award-winner-roland-lavallee-2018\/\">Roland Lavallee<\/a><\/li>\n<li>2021 \u2013 <a href=\"https:\/\/orthodiv.org\/networking\/awards-grants-bursaries\/lynn-chapman-award-winners-2021\/\">Alison Beaton, Darcy Doyle, Allison Gaudet, Rob Holmes, Sabrina Morelli, Jaymi Zurek<\/a><\/li>\n<li>2022 &#8211; <a href=\"https:\/\/www.orthodiv.org\/fr\/reseauter-avec-ses-pairs\/prix-subventions-et-bourses\/prix-de-mentorat-lynn-chapman-robin-eisler-2022\/\">Robin Eisler<\/a><\/li>\n<li>2023 \u2013\u00a0<a href=\"https:\/\/www.orthodiv.org\/fr\/reseauter-avec-ses-pairs\/prix-subventions-et-bourses\/prix-de-mentorat-lynn-chapman-2023\/\">Stephane Lamy, Terry Woodard, Tim Rogers, Parag Shah, Vince Cunanan<\/a><\/li>\n<\/ul>\n","protected":false},"excerpt":{"rendered":"<p>Mise En Contexte Le mentorat est une relation sp\u00e9ciale entre deux personnes, dont l\u2019une (le mentor) aide activement l\u2019autre (le mentor\u00e9) \u00e0 faire progresser ses comp\u00e9tences et sa carri\u00e8re. \u00c0 la fois professeur, parrain, conseiller, mod\u00e8le, instructeur et ami, le mentor id\u00e9al offre ses conseils, sa perspective et son soutien au mentor\u00e9 tout en ayant&#8230;  <a class=\"excerpt-read-more\" href=\"https:\/\/www.orthodiv.org\/fr\/reseauter-avec-ses-pairs\/prix-subventions-et-bourses\/prix-de-mentorat-lynn-chapman\/\" title=\"LirePrix De Mentorat Lynn-Chapman\">Lire la suite &raquo;<\/a><\/p>\n","protected":false},"author":1623,"featured_media":0,"parent":3115,"menu_order":30,"comment_status":"closed","ping_status":"closed","template":"","meta":{"_bbp_topic_count":0,"_bbp_reply_count":0,"_bbp_total_topic_count":0,"_bbp_total_reply_count":0,"_bbp_voice_count":0,"_bbp_anonymous_reply_count":0,"_bbp_topic_count_hidden":0,"_bbp_reply_count_hidden":0,"_bbp_forum_subforum_count":0,"inline_featured_image":false,"footnotes":""},"class_list":["post-14064","page","type-page","status-publish","hentry"],"_links":{"self":[{"href":"https:\/\/www.orthodiv.org\/fr\/wp-json\/wp\/v2\/pages\/14064","targetHints":{"allow":["GET"]}}],"collection":[{"href":"https:\/\/www.orthodiv.org\/fr\/wp-json\/wp\/v2\/pages"}],"about":[{"href":"https:\/\/www.orthodiv.org\/fr\/wp-json\/wp\/v2\/types\/page"}],"author":[{"embeddable":true,"href":"https:\/\/www.orthodiv.org\/fr\/wp-json\/wp\/v2\/users\/1623"}],"replies":[{"embeddable":true,"href":"https:\/\/www.orthodiv.org\/fr\/wp-json\/wp\/v2\/comments?post=14064"}],"version-history":[{"count":8,"href":"https:\/\/www.orthodiv.org\/fr\/wp-json\/wp\/v2\/pages\/14064\/revisions"}],"predecessor-version":[{"id":17125,"href":"https:\/\/www.orthodiv.org\/fr\/wp-json\/wp\/v2\/pages\/14064\/revisions\/17125"}],"up":[{"embeddable":true,"href":"https:\/\/www.orthodiv.org\/fr\/wp-json\/wp\/v2\/pages\/3115"}],"wp:attachment":[{"href":"https:\/\/www.orthodiv.org\/fr\/wp-json\/wp\/v2\/media?parent=14064"}],"curies":[{"name":"wp","href":"https:\/\/api.w.org\/{rel}","templated":true}]}}