{"id":14079,"date":"2022-04-28T18:01:29","date_gmt":"2022-04-28T22:01:29","guid":{"rendered":"https:\/\/orthodiv.org\/?page_id=14079"},"modified":"2022-04-28T18:02:29","modified_gmt":"2022-04-28T22:02:29","slug":"prix-de-la-releve-en-leadership","status":"publish","type":"page","link":"https:\/\/www.orthodiv.org\/fr\/reseauter-avec-ses-pairs\/prix-subventions-et-bourses\/prix-de-la-releve-en-leadership\/","title":{"rendered":"Prix De La Rel\u00e8ve En Leadership"},"content":{"rendered":"<img loading=\"lazy\" decoding=\"async\" class=\"size-medium wp-image-14075 aligncenter\" src=\"https:\/\/orthodiv.org\/wp-content\/uploads\/2022\/04\/award-emerging-leadership-300x177.jpg\" alt=\"Emerging Leadership Award\" width=\"300\" height=\"177\" srcset=\"https:\/\/www.orthodiv.org\/wp-content\/uploads\/2022\/04\/award-emerging-leadership-300x177.jpg 300w, https:\/\/www.orthodiv.org\/wp-content\/uploads\/2022\/04\/award-emerging-leadership-768x452.jpg 768w, https:\/\/www.orthodiv.org\/wp-content\/uploads\/2022\/04\/award-emerging-leadership.jpg 847w\" sizes=\"auto, (max-width: 300px) 100vw, 300px\" \/>\n<h3>Objectif<\/h3>\n<p>Ce prix est d\u00e9cern\u00e9 \u00e0 une personne qui fait preuve d\u2019un leadership exemplaire en d\u00e9but de carri\u00e8re et contribue de mani\u00e8re exceptionnelle et novatrice \u00e0 la promotion de la physioth\u00e9rapie orthop\u00e9dique\/musculosquelettique.<\/p>\n<p>Le ou la laur\u00e9ate s\u2019illustre gr\u00e2ce \u00e0 nombre de qualit\u00e9s \u2013 sens de l\u2019initiative, enthousiasme, cr\u00e9ativit\u00e9, d\u00e9vouement, humilit\u00e9, int\u00e9grit\u00e9, aptitude au mentorat, respect, esprit de collaboration \u2013 ainsi que par sa participation \u00e0 des comit\u00e9s de la division d\u2019orthop\u00e9die, son travail pour faire avancer la cause de la physioth\u00e9rapie orthop\u00e9dique\/musculosquelettique et sa promotion de la vision, de la mission et des valeurs de la division d\u2019orthop\u00e9die de l\u2019ACP.<\/p>\n<p><strong>VISION<\/strong>\u00a0: \u00ab\u00a0Une communaut\u00e9 qui inspire l\u2019excellence en physioth\u00e9rapie musculosquelettique.\u00a0\u00bb<\/p>\n<p><strong>MISSION<\/strong>\u00a0: La division d\u2019orthop\u00e9die de l\u2019Association canadienne de physioth\u00e9rapie vise l\u2019excellence en physioth\u00e9rapie musculosquelettique pour am\u00e9liorer la sant\u00e9 des patients. Nos membres exercent une pratique r\u00e9flexive, adoptent un raisonnement clinique avanc\u00e9 et int\u00e8grent des donn\u00e9es probantes. Pour ce faire, ils suivent des cours \u00e0 la fine pointe de la recherche et des formations reconnues internationalement, profitent de ressources sur les pratiques exemplaires et \u00e9changent avec leurs pairs et des experts.<\/p>\n<p><strong>VALEURS<\/strong>\u00a0: Communaut\u00e9, souci des membres, excellence, p\u00e9rennit\u00e9, int\u00e9grit\u00e9, \u00e9quit\u00e9, diversit\u00e9 et inclusion<\/p>\n<p><span style=\"color: #005970; font-size: 1.5rem; font-weight: 600;\">Proc\u00e9dure De Mise En Candidature<\/span><\/p>\n<p>Seuls les membres actuels de l\u2019ACP peuvent proposer une candidature. Le processus est confidentiel.<\/p>\n<p>La candidature doit comprendre ce qui suit :<\/p>\n<ol class=\"content-list\">\n<li>Deux lettres de recommandation d\u2019au plus 1\u00a0000\u00a0mots chacune.<\/li>\n<li>L\u2019un des deux auteurs de la candidature doit \u00eatre identifi\u00e9 comme auteur principal.<\/li>\n<li>Pour que la candidature soit retenue, les lettres doivent souligner l\u2019excellence de la personne candidate, expliquer pourquoi elle m\u00e9rite ce prix et \u00e9noncer ses contributions \u00e0 l\u2019avancement de la physioth\u00e9rapie orthop\u00e9dique\/musculosquelettique ainsi que de la mission et de la vision de la division d\u2019orthop\u00e9die et de la physioth\u00e9rapie en g\u00e9n\u00e9ral.<\/li>\n<li>Le curriculum vitae de la personne candidate.<\/li>\n<\/ol>\n<h3>Crit\u00e8res De S\u00e9lection<\/h3>\n<ol class=\"content-list\">\n<li>Les personnes candidates doivent \u00eatre membres en r\u00e8gle de la division d\u2019orthop\u00e9die de l\u2019ACP depuis au moins trois ans et \u00eatre physioth\u00e9rapeutes agr\u00e9\u00e9s depuis moins de huit\u00a0ans.\u00a0\u00a0.<\/li>\n<li>Les personnes candidates doivent avoir fait preuve d\u2019un leadership exemplaire, incarn\u00e9 de fortes valeurs et grandement contribu\u00e9 \u00e0 la physioth\u00e9rapie orthop\u00e9dique\/musculosquelettique en ayant notamment :<\/li>\n<\/ol>\n<ul class=\"content-list\">\n<li>propos\u00e9 des initiatives novatrices<\/li>\n<li>d\u00e9fendu les int\u00e9r\u00eats de la profession<\/li>\n<li>inspir\u00e9 des personnes et des groupes \u00e0 accomplir des objectifs communs<\/li>\n<li>accueilli de nouvelles id\u00e9es<\/li>\n<li>agi avec beaucoup d\u2019int\u00e9grit\u00e9 et d\u2019impartialit\u00e9<\/li>\n<li>communiqu\u00e9 avec honn\u00eatet\u00e9, \u00e9cout\u00e9 activement et agi avec d\u00e9lib\u00e9ration et ouverture<\/li>\n<li>inclus des perspectives vari\u00e9es dans le d\u00e9veloppement de nouvelles id\u00e9es et la r\u00e9solution de probl\u00e8mes<\/li>\n<li>pos\u00e9 des actions et pris des d\u00e9cisions qui concordent avec le plan strat\u00e9gique de la division d\u2019orthop\u00e9die (vision, mission, valeurs et orientation)<\/li>\n<\/ul>\n<h3>S\u00e9lection De La Personne Laur\u00e9ate<\/h3>\n<p>Le comit\u00e9 des prix de la division d\u2019orthop\u00e9die s\u00e9lectionnera la personne laur\u00e9ate.<\/p>\n<h3>R\u00e9compenses<\/h3>\n<p>Prix physique et certificat d\u00e9cern\u00e9s par le comit\u00e9 des prix et la direction de la division d\u2019orthop\u00e9die.<\/p>\n<h3>Pr\u00e9sentation<\/h3>\n<p>Le prix sera pr\u00e9sent\u00e9 lors du symposium annuel ou de la r\u00e9union annuelle de la division d\u2019orthop\u00e9die.<\/p>\n<p><a class=\"greenBtn\" href=\"https:\/\/orthodiv.org\/wp-content\/uploads\/2022\/04\/EMERGING-LEADERSHIP-AWARD-NOD-2022-French.docx\">Formulaire De Mise En Candidature<\/a><\/p>\n","protected":false},"excerpt":{"rendered":"<p>Objectif Ce prix est d\u00e9cern\u00e9 \u00e0 une personne qui fait preuve d\u2019un leadership exemplaire en d\u00e9but de carri\u00e8re et contribue de mani\u00e8re exceptionnelle et novatrice \u00e0 la promotion de la physioth\u00e9rapie orthop\u00e9dique\/musculosquelettique. Le ou la laur\u00e9ate s\u2019illustre gr\u00e2ce \u00e0 nombre de qualit\u00e9s \u2013 sens de l\u2019initiative, enthousiasme, cr\u00e9ativit\u00e9, d\u00e9vouement, humilit\u00e9, int\u00e9grit\u00e9, aptitude au mentorat, respect,&#8230;  <a class=\"excerpt-read-more\" href=\"https:\/\/www.orthodiv.org\/fr\/reseauter-avec-ses-pairs\/prix-subventions-et-bourses\/prix-de-la-releve-en-leadership\/\" title=\"LirePrix De La Rel\u00e8ve En Leadership\">Lire la suite &raquo;<\/a><\/p>\n","protected":false},"author":1623,"featured_media":0,"parent":3115,"menu_order":50,"comment_status":"closed","ping_status":"closed","template":"","meta":{"_bbp_topic_count":0,"_bbp_reply_count":0,"_bbp_total_topic_count":0,"_bbp_total_reply_count":0,"_bbp_voice_count":0,"_bbp_anonymous_reply_count":0,"_bbp_topic_count_hidden":0,"_bbp_reply_count_hidden":0,"_bbp_forum_subforum_count":0,"inline_featured_image":false,"footnotes":""},"class_list":["post-14079","page","type-page","status-publish","hentry"],"_links":{"self":[{"href":"https:\/\/www.orthodiv.org\/fr\/wp-json\/wp\/v2\/pages\/14079","targetHints":{"allow":["GET"]}}],"collection":[{"href":"https:\/\/www.orthodiv.org\/fr\/wp-json\/wp\/v2\/pages"}],"about":[{"href":"https:\/\/www.orthodiv.org\/fr\/wp-json\/wp\/v2\/types\/page"}],"author":[{"embeddable":true,"href":"https:\/\/www.orthodiv.org\/fr\/wp-json\/wp\/v2\/users\/1623"}],"replies":[{"embeddable":true,"href":"https:\/\/www.orthodiv.org\/fr\/wp-json\/wp\/v2\/comments?post=14079"}],"version-history":[{"count":2,"href":"https:\/\/www.orthodiv.org\/fr\/wp-json\/wp\/v2\/pages\/14079\/revisions"}],"predecessor-version":[{"id":14082,"href":"https:\/\/www.orthodiv.org\/fr\/wp-json\/wp\/v2\/pages\/14079\/revisions\/14082"}],"up":[{"embeddable":true,"href":"https:\/\/www.orthodiv.org\/fr\/wp-json\/wp\/v2\/pages\/3115"}],"wp:attachment":[{"href":"https:\/\/www.orthodiv.org\/fr\/wp-json\/wp\/v2\/media?parent=14079"}],"curies":[{"name":"wp","href":"https:\/\/api.w.org\/{rel}","templated":true}]}}