{"id":14100,"date":"2022-04-29T13:23:12","date_gmt":"2022-04-29T17:23:12","guid":{"rendered":"https:\/\/orthodiv.org\/?page_id=14100"},"modified":"2025-11-19T11:02:32","modified_gmt":"2025-11-19T16:02:32","slug":"bourse-detudes-commemorative-cliff-fowler-en-education","status":"publish","type":"page","link":"https:\/\/www.orthodiv.org\/fr\/reseauter-avec-ses-pairs\/prix-subventions-et-bourses\/bourse-detudes-commemorative-cliff-fowler-en-education\/","title":{"rendered":"Bourse D&#8217;\u00c9tudes Comm\u00e9morative Cliff Fowler En \u00c9ducation"},"content":{"rendered":"<h2><img loading=\"lazy\" decoding=\"async\" class=\"alignright size-medium wp-image-14095\" src=\"https:\/\/orthodiv.org\/wp-content\/uploads\/2022\/04\/award-cliff-fowler-229x300.png\" alt=\"Cliff Fowler Memorial Education Scholarship Award\" width=\"229\" height=\"300\" srcset=\"https:\/\/www.orthodiv.org\/wp-content\/uploads\/2022\/04\/award-cliff-fowler-229x300.png 229w, https:\/\/www.orthodiv.org\/wp-content\/uploads\/2022\/04\/award-cliff-fowler.png 564w\" sizes=\"auto, (max-width: 229px) 100vw, 229px\" \/>Clinicien, professeur, leader, visionnaire, mentor<\/h2>\n<p>&nbsp;<\/p>\n<h3>Contexte<\/h3>\n<p>Cliff Fowler a fond\u00e9 avec John Oldham et David Lamb le programme canadien d\u2019enseignement en th\u00e9rapie manuelle orthop\u00e9dique aux cycles sup\u00e9rieurs. Ensemble, ils ont pass\u00e9 le premier examen IFOMPT, tenu en 1973, et ont mis sur pied le premier cursus avec examen permettant aux physioth\u00e9rapeutes d\u2019obtenir cette accr\u00e9ditation au Canada. Cliff a \u00e9t\u00e9 le premier laur\u00e9at du Golden Hands Award, en 1998. Il a aussi inspir\u00e9 de nombreux leaders canadiens du domaine d\u2019hier et d\u2019aujourd\u2019hui. C\u2019est pour ses contributions aux progr\u00e8s de la th\u00e9rapie manuelle orthop\u00e9dique et sa soif d\u2019apprendre inextinguible que nous honorons son h\u00e9ritage avec cette bourse.<\/p>\n<h3>Histoire<\/h3>\n<p>Cliff rejoint l\u2019Arm\u00e9e britannique en 1959 pour devenir physioth\u00e9rapeute. \u00c0 l\u2019\u00e9poque, les programmes publics n\u2019acceptaient pas les hommes! En 1965, il assiste au tout premier cours de th\u00e9rapie manuelle pour physioth\u00e9rapeutes, donn\u00e9 en Angleterre par James Cyriax, Alan Stoddard et Gregory Grieve. Il \u00e9migre au Canada en 1966\u00a0: il travaille d\u2019abord \u00e0 North\u00a0Bay et \u00e0 Scarborough, puis d\u00e9m\u00e9nage \u00e0 Red\u00a0Deer en 1969 pour y \u00e9tablir sa premi\u00e8re pratique priv\u00e9e, avec David Lamb. Sa formation en th\u00e9rapie manuelle orthop\u00e9dique (TMO) le distingue des physioth\u00e9rapeutes traditionnels, et sa passion pour la TMO le motive \u00e0 suivre d\u2019autres cours, \u00e0 passer l\u2019examen international et \u00e0 prendre les r\u00eanes de l\u2019\u00e9laboration d\u2019un cursus avec examen au Canada. Il a \u00e9t\u00e9 examinateur en chef du programme canadien de bourse d\u2019\u00e9tudes en th\u00e9rapie manuelle orthop\u00e9dique de 1974 \u00e0 1994 et auteur d\u2019un chapitre portant sur la ceinture pelvienne dans la premi\u00e8re \u00e9dition de Modern Manual Therapy, dirig\u00e9e par Gregory Grieve. Il a \u00e9galement particip\u00e9 \u00e0 la cr\u00e9ation du North American Institute of Orthopaedic Manual Therapy. Cliff a enseign\u00e9 au pays et \u00e0 l\u2019\u00e9tranger, et a pr\u00e9sent\u00e9 ses id\u00e9es novatrices en pratique clinique lors de quatre conf\u00e9rences IFOMPT et de nombreux autres s\u00e9minaires internationaux. Il est rest\u00e9 actif dans le milieu clinique durant toute sa carri\u00e8re et a accompagn\u00e9 et inspir\u00e9 de nombreux physioth\u00e9rapeutes devenus leaders de la profession par la suite.<\/p>\n<h3>Esprit<\/h3>\n<p>Cette bourse vise \u00e0 honorer l\u2019h\u00e9ritage de Cliff Fowler, synonyme de passion, de soif d\u2019apprendre, de formation continue, de r\u00e9flexion critique et introspective, et de raisonnement clinique en physioth\u00e9rapie musculosquelettique et orthop\u00e9dique.<\/p>\n<h3>Objectif<\/h3>\n<p>Cette bourse vise \u00e0 financer la formation continue gr\u00e2ce au programme int\u00e9gr\u00e9 de physioth\u00e9rapie musculosquelettique avanc\u00e9e (AIM), dont l\u2019objectif est de renforcer le raisonnement clinique, les comp\u00e9tences pratiques, les connaissances scientifiques et la r\u00e9flexion critique et introspective.<\/p>\n<h3>Nature Et Conditions<\/h3>\n<ul class=\"content-list\">\n<li class=\"li1\">Financement de 1000\u00a0$ dans le cadre du programme AIM<\/li>\n<li>P\u00e9riode de 1\u00a0an pour terminer un parcours d\u2019apprentissage AIM et soumettre les d\u00e9penses \u00e0 la division nationale d\u2019orthop\u00e9die pour obtenir un remboursement<\/li>\n<li>Les laur\u00e9ats devront raconter leur exp\u00e9rience dans un billet de blogue ou sur les r\u00e9seaux sociaux, \u00e0 l\u2019aide de contenu fourni par la division nationale d\u2019orthop\u00e9die<\/li>\n<\/ul>\n<h3>Crit\u00e8res De S\u00e9lection<\/h3>\n<ul class=\"content-list\">\n<li>\u00catre membre de la division d\u2019orthop\u00e9die de l\u2019Association canadienne de physioth\u00e9rapie et \u00e9tudiant d\u2019un programme AIM (niveau\u00a02 minimum)<\/li>\n<li>Soumettre un document de 1200\u00a0mots d\u00e9crivant en quoi les objectifs professionnels et d\u2019apprentissage du candidat refl\u00e8tent les contributions de Cliff Fowler \u00e0 la formation continue en physioth\u00e9rapie musculosquelettique\/orthop\u00e9dique et en raisonnement clinique; et en quoi la bourse permet de les atteindre<\/li>\n<li>Donner des exemples, dans la soumission, de r\u00e9ussites en perfectionnement professionnel (r\u00e9ussites personnelles, cliniques ou universitaires, mentorat, repr\u00e9sentation)<\/li>\n<li>Expliquer, dans la soumission, de quelle mani\u00e8re le financement sera utilis\u00e9 dans le cadre du programme AIM<\/li>\n<li>Fournir un curriculum vit\u00e6<\/li>\n<\/ul>\n<p>Il s\u2019agit d\u2019un processus confidentiel, dont seuls le candidat et le comit\u00e9 des prix ont connaissance.<\/p>\n<p>Le laur\u00e9at sera s\u00e9lectionn\u00e9 par le comit\u00e9 des prix de la division d\u2019orthop\u00e9die.<\/p>\n<p><s>Date limite\u00a0: 30\u00a0juin. Les laur\u00e9ats seront notifi\u00e9s le 1er\u00a0ao\u00fbt au plus tard.<\/s><br \/>\n<strong>Date limite de d\u00e9p\u00f4t des candidatures prolong\u00e9e jusqu\u2019au 31 ao\u00fbt 2025<\/strong><\/p>\n<p><a class=\"greenBtn\" href=\"https:\/\/orthodiv.org\/wp-content\/uploads\/2022\/04\/CLIFF-FOWLER-Memorial-Education-Scholarship-Award_for-translation-_-2022-FR.docx\">Formulaire De Candidature<\/a><\/p>\n<hr \/>\n<ul class=\"content-list\">\n<li>2022 &#8211; <a href=\"https:\/\/www.orthodiv.org\/networking\/awards-grants-bursaries\/cliff-fowler-memorial-education-scholarship-2022-terry-wang\/\">Terry Wang<\/a><\/li>\n<li>2024 &#8211; <a href=\"https:\/\/www.orthodiv.org\/fr\/reseauter-avec-ses-pairs\/prix-subventions-et-bourses\/bourse-detudes-commemorative-cliff-fowler-en-education-laureate-2024-jacalyn-moore-2024\/\">Jacalyn Moore<\/a><\/li>\n<li>2025 &#8211; <a href=\"https:\/\/www.orthodiv.org\/fr\/reseauter-avec-ses-pairs\/prix-subventions-et-bourses\/bourse-detudes-commemorative-cliff-fowler-en-education-laureate-2025-harneet-somal\/\">Harneet Somal<\/a><\/li>\n<\/ul>\n<p>&nbsp;<\/p>\n","protected":false},"excerpt":{"rendered":"<p>Clinicien, professeur, leader, visionnaire, mentor &nbsp; Contexte Cliff Fowler a fond\u00e9 avec John Oldham et David Lamb le programme canadien d\u2019enseignement en th\u00e9rapie manuelle orthop\u00e9dique aux cycles sup\u00e9rieurs. Ensemble, ils ont pass\u00e9 le premier examen IFOMPT, tenu en 1973, et ont mis sur pied le premier cursus avec examen permettant aux physioth\u00e9rapeutes d\u2019obtenir cette accr\u00e9ditation&#8230;  <a class=\"excerpt-read-more\" href=\"https:\/\/www.orthodiv.org\/fr\/reseauter-avec-ses-pairs\/prix-subventions-et-bourses\/bourse-detudes-commemorative-cliff-fowler-en-education\/\" title=\"LireBourse D&#8217;\u00c9tudes Comm\u00e9morative Cliff Fowler En \u00c9ducation\">Lire la suite &raquo;<\/a><\/p>\n","protected":false},"author":1623,"featured_media":0,"parent":3115,"menu_order":60,"comment_status":"closed","ping_status":"closed","template":"","meta":{"_bbp_topic_count":0,"_bbp_reply_count":0,"_bbp_total_topic_count":0,"_bbp_total_reply_count":0,"_bbp_voice_count":0,"_bbp_anonymous_reply_count":0,"_bbp_topic_count_hidden":0,"_bbp_reply_count_hidden":0,"_bbp_forum_subforum_count":0,"inline_featured_image":false,"footnotes":""},"class_list":["post-14100","page","type-page","status-publish","hentry"],"_links":{"self":[{"href":"https:\/\/www.orthodiv.org\/fr\/wp-json\/wp\/v2\/pages\/14100","targetHints":{"allow":["GET"]}}],"collection":[{"href":"https:\/\/www.orthodiv.org\/fr\/wp-json\/wp\/v2\/pages"}],"about":[{"href":"https:\/\/www.orthodiv.org\/fr\/wp-json\/wp\/v2\/types\/page"}],"author":[{"embeddable":true,"href":"https:\/\/www.orthodiv.org\/fr\/wp-json\/wp\/v2\/users\/1623"}],"replies":[{"embeddable":true,"href":"https:\/\/www.orthodiv.org\/fr\/wp-json\/wp\/v2\/comments?post=14100"}],"version-history":[{"count":6,"href":"https:\/\/www.orthodiv.org\/fr\/wp-json\/wp\/v2\/pages\/14100\/revisions"}],"predecessor-version":[{"id":23365,"href":"https:\/\/www.orthodiv.org\/fr\/wp-json\/wp\/v2\/pages\/14100\/revisions\/23365"}],"up":[{"embeddable":true,"href":"https:\/\/www.orthodiv.org\/fr\/wp-json\/wp\/v2\/pages\/3115"}],"wp:attachment":[{"href":"https:\/\/www.orthodiv.org\/fr\/wp-json\/wp\/v2\/media?parent=14100"}],"curies":[{"name":"wp","href":"https:\/\/api.w.org\/{rel}","templated":true}]}}