{"id":17129,"date":"2023-06-01T13:50:06","date_gmt":"2023-06-01T17:50:06","guid":{"rendered":"https:\/\/www.orthodiv.org\/?page_id=17129"},"modified":"2023-06-05T16:24:18","modified_gmt":"2023-06-05T20:24:18","slug":"prix-dexcellence-en-enseignement-carol-kennedy-2023","status":"publish","type":"page","link":"https:\/\/www.orthodiv.org\/fr\/reseauter-avec-ses-pairs\/prix-subventions-et-bourses\/prix-dexcellence-en-enseignement-carol-kennedy-2023\/","title":{"rendered":"Prix D\u2019Excellence En Enseignement Carol Kennedy &#8211; 2023"},"content":{"rendered":"<h3>\u00c8ve Chaput<\/h3>\n<p>&nbsp;<\/p>\n<div id=\"attachment_17104\" style=\"width: 690px\" class=\"wp-caption aligncenter\"><img loading=\"lazy\" decoding=\"async\" aria-describedby=\"caption-attachment-17104\" class=\"wp-image-17104 size-large\" src=\"https:\/\/www.orthodiv.org\/wp-content\/uploads\/2023\/06\/carol-kennedy-award-winner-2023-1024x682.jpg\" alt=\"Carol Kennedy Award Winner 2023\" width=\"680\" height=\"453\" srcset=\"https:\/\/www.orthodiv.org\/wp-content\/uploads\/2023\/06\/carol-kennedy-award-winner-2023-1024x682.jpg 1024w, https:\/\/www.orthodiv.org\/wp-content\/uploads\/2023\/06\/carol-kennedy-award-winner-2023-300x200.jpg 300w, https:\/\/www.orthodiv.org\/wp-content\/uploads\/2023\/06\/carol-kennedy-award-winner-2023-768x511.jpg 768w, https:\/\/www.orthodiv.org\/wp-content\/uploads\/2023\/06\/carol-kennedy-award-winner-2023.jpg 1200w\" sizes=\"auto, (max-width: 680px) 100vw, 680px\" \/><p id=\"caption-attachment-17104\" class=\"wp-caption-text\">Kate Kennedy, \u00c8ve Chaput and Pierre Langevin<\/p><\/div>\n<p><!--It is an honour for me to present the 2023 Carol Kennedy award to \u00c8ve Chaput.\n\nCe prix r\u00e9compense un ou une physioth\u00e9rapeute qui a fait preuve d\u2019excellence en enseignement et qui a apport\u00e9 une contribution importante en \u00e9ducation en physioth\u00e9rapie musculosquelettique.\n\nNotre r\u00e9cipiendaire me\u0300ne une carrie\u0300re exceptionnelle depuis plus de 20 ans. Elle a contribue\u0301e d\u2019une fac\u0327on particulie\u0300rement importante et durable au niveau de l\u2019enseignement et de la formation en physiothe\u0301rapie au niveau provincial et national. Ses nombreuses exp\u00e9riences d\u2019apprentissages, ses formations et sa scolarite\u0301 de\u0301montrent chez elle une mai\u0302trise exceptionnelle du sujet.\nTre\u0300s rapidement de\u0300s son entre\u0301e en pratique, elle s\u2019est impliqu\u00e9e de fac\u0327on ge\u0301ne\u0301reuse dans l\u2019enseignement. Elle est implique\u0301e depuis plusieurs ann\u00e9es en enseignement du programme AIM \u00e0 AQPMA. Elle est grandement implique\u0301e, elle est membre de plusieurs comit\u00e9s et elle a d\u2019ailleurs \u00e9t\u00e9 impliqu\u00e9 comme membre de CAMPT.\n\nAu nom de l\u2019AQP et en mon nom personnel, c\u2019est un plaisir de remettre ce prix \u00e0 mon amie, \u00c8ve Chaput.--><\/p>\n<p>&nbsp;<\/p>\n<p>&nbsp;<\/p>\n","protected":false},"excerpt":{"rendered":"<p>\u00c8ve Chaput &nbsp; &nbsp; &nbsp;<\/p>\n","protected":false},"author":1623,"featured_media":0,"parent":3115,"menu_order":0,"comment_status":"closed","ping_status":"closed","template":"","meta":{"_bbp_topic_count":0,"_bbp_reply_count":0,"_bbp_total_topic_count":0,"_bbp_total_reply_count":0,"_bbp_voice_count":0,"_bbp_anonymous_reply_count":0,"_bbp_topic_count_hidden":0,"_bbp_reply_count_hidden":0,"_bbp_forum_subforum_count":0,"inline_featured_image":false,"footnotes":""},"class_list":["post-17129","page","type-page","status-publish","hentry"],"_links":{"self":[{"href":"https:\/\/www.orthodiv.org\/fr\/wp-json\/wp\/v2\/pages\/17129","targetHints":{"allow":["GET"]}}],"collection":[{"href":"https:\/\/www.orthodiv.org\/fr\/wp-json\/wp\/v2\/pages"}],"about":[{"href":"https:\/\/www.orthodiv.org\/fr\/wp-json\/wp\/v2\/types\/page"}],"author":[{"embeddable":true,"href":"https:\/\/www.orthodiv.org\/fr\/wp-json\/wp\/v2\/users\/1623"}],"replies":[{"embeddable":true,"href":"https:\/\/www.orthodiv.org\/fr\/wp-json\/wp\/v2\/comments?post=17129"}],"version-history":[{"count":3,"href":"https:\/\/www.orthodiv.org\/fr\/wp-json\/wp\/v2\/pages\/17129\/revisions"}],"predecessor-version":[{"id":17177,"href":"https:\/\/www.orthodiv.org\/fr\/wp-json\/wp\/v2\/pages\/17129\/revisions\/17177"}],"up":[{"embeddable":true,"href":"https:\/\/www.orthodiv.org\/fr\/wp-json\/wp\/v2\/pages\/3115"}],"wp:attachment":[{"href":"https:\/\/www.orthodiv.org\/fr\/wp-json\/wp\/v2\/media?parent=17129"}],"curies":[{"name":"wp","href":"https:\/\/api.w.org\/{rel}","templated":true}]}}