{"id":20705,"date":"2024-01-24T12:49:14","date_gmt":"2024-01-24T17:49:14","guid":{"rendered":"https:\/\/www.orthodiv.org\/?page_id=20705"},"modified":"2024-02-01T10:32:53","modified_gmt":"2024-02-01T15:32:53","slug":"quelques-conseils-pour-de-merveilleuses-manips-2024","status":"publish","type":"page","link":"https:\/\/www.orthodiv.org\/fr\/la-formation-pour-ameliorer-vos-competences\/adjunct-education\/quelques-conseils-pour-de-merveilleuses-manips-2024\/","title":{"rendered":"Quelques conseils pour de merveilleuses manips &#8211; 2024"},"content":{"rendered":"<p class=\"p3\"><strong>Enseignant<\/strong>: Francois Landry<br \/>\n<strong>Horaire<\/strong>: 1 jour, 8:30-4:30PM<br \/>\n<strong>Date<\/strong>: Samedi 4 mai<br \/>\n<strong>Tarif<\/strong>: 250$ plus taxes (210$ plus taxes pour les enseignants)<br \/>\n<strong>Pr\u00e9requis<\/strong>: \u00eatre FCAMPT<br \/>\n<strong>Lieu<\/strong>: Ottawa, Holistic Wellness Physiotherapy<\/p>\n<p>Formation continue offerte par la Division Orthop\u00e9dique Nationale<\/p>\n<ol class=\"content-list\">\n<li>Objectifs-clinicien<br \/>\nReconna\u00eetre diff\u00e9rentes strat\u00e9gies en vue d\u2019effectuer les manipulations vert\u00e9brales<br \/>\nPoss\u00e9der les outils pour adapter ces strat\u00e9gies en fonction de:<br \/>\n\u2022Sa morphologie<br \/>\n\u2022Son temp\u00e9rament<br \/>\n\u2022La morphologie du patient<br \/>\n\u2022L\u2019\u00e9tat physique et psychologique du patient<br \/>\nInt\u00e9grer ces strat\u00e9gies dans son quotidien<\/li>\n<li>Objectifs-enseignant<br \/>\nMaitriser les concepts g\u00e9n\u00e9raux de l\u2019enseignement des manipulations<br \/>\nD\u00e9velopper son sens d\u2019observation en tant qu\u2019enseignant en th\u00e9rapie musculosquelettique<br \/>\navanc\u00e9e<br \/>\n\u2022Enseignement standard ou le plus fr\u00e9quemment utilis\u00e9<br \/>\n\u2022Reconna\u00eetre les difficult\u00e9s de l\u2019apprenti et en d\u00e9terminer la source<br \/>\n\u2022Proposer une\/plusieurs avenues d\u2019am\u00e9lioration (au hasard)<br \/>\n\u2022Proposer l\u2019am\u00e9lioration la plus efficace (avec l\u2019exp\u00e9rience d\u2019enseignement)<\/li>\n<\/ol>\n<p>Pour pr\u00e9parer ad\u00e9quatement ce cours, les participants devront identifier les manipulations qui<br \/>\nles int\u00e9ressent le plus ou celle(s) avec la\/lesquelle(s) ils rencontrent le plus de difficult\u00e9s<br \/>\nafin d\u2019en faire un cours sur mesure. J\u2019aurai besoin de cette information de quatre \u00e0 six<br \/>\nsemaines avant la tenue du cours pour adapter le contenu pour chaque groupe.<\/p>\n<p><strong>Course instructor:<\/strong><\/p>\n<p><img loading=\"lazy\" decoding=\"async\" class=\"alignright size-full wp-image-20703\" src=\"https:\/\/www.orthodiv.org\/wp-content\/uploads\/2024\/01\/francois-landry-instructor.png\" alt=\"Francois Landry\" width=\"313\" height=\"241\" srcset=\"https:\/\/www.orthodiv.org\/wp-content\/uploads\/2024\/01\/francois-landry-instructor.png 313w, https:\/\/www.orthodiv.org\/wp-content\/uploads\/2024\/01\/francois-landry-instructor-300x231.png 300w\" sizes=\"auto, (max-width: 313px) 100vw, 313px\" \/>Francois Landry<\/p>\n<p>Dipl\u00f4m\u00e9 de l\u2019Universit\u00e9 de Montr\u00e9al en 1982, Fran\u00e7ois a d\u00e9but\u00e9 sa carri\u00e8re \u00e0 Calgary, Alberta o\u00f9 il a entam\u00e9 sa formation en th\u00e9rapie manuelle orthop\u00e9dique. De retour au Qu\u00e9bec en 1985, il compl\u00e8te les deux premi\u00e8res ann\u00e9es de formation en ost\u00e9opathie \u00e0 l\u2019Acad\u00e9mie Still Qu\u00e9bec, puis son certificat en th\u00e9rapie manuelle avanc\u00e9e en 1994. Charg\u00e9 de cours \u00e0 l\u2019Universit\u00e9 McGill de 1989 \u00e0 1994, \u00e0 l\u2019Universit\u00e9 de Montr\u00e9al de 1991 \u00e0 1994, instructeur pour l\u2019AQPMA et l\u2019Association canadienne de physioth\u00e9rapie, il enseigne donc la th\u00e9rapie manuelle depuis 34 ans. Fran\u00e7ois est examinateur canadien de ce programme depuis 2001.<\/p>\n<p>Actif au sein de la profession, Fran\u00e7ois a \u00e9t\u00e9 impliqu\u00e9 au sein de l\u2019AQPMA, du comit\u00e9 d\u2019inspection professionnelle de l\u2019OPPQ et est pr\u00e9sentement membre du comit\u00e9 d\u2019orientation sur la th\u00e9rapie manuelle.<\/p>\n<p>Il fonde la clinique de physioth\u00e9rapie du Plateau Mont-Royal en 1989, desservant la population du quartier dans lequel il a grandi. Cette clinique est depuis devenue un centre de r\u00e9f\u00e9rence, offrant des services vari\u00e9s et sp\u00e9cialis\u00e9s.<\/p>\n<p>Il enseigne pr\u00e9sentement les cours de niveaux 4 et 5, les cours pr\u00e9paratoires aux examens interm\u00e9diaire et avanc\u00e9 ainsi qu\u2019un cours de manipulations intitul\u00e9\u00a0: Conseils cliniques pour de merveilleuses manips.<\/p>\n<p><strong>Tarif:<\/strong><\/p>\n<p>250$ plus taxes (210$ plus taxes pour les enseignants)<\/p>\n<p><a class=\"greenBtn\" href=\"https:\/\/cpaorthopaedicdivision.arlo.co\/w\/on\/courses\/15-wonderful-tips-for-successful-manips-saturday-may-4\">s&#8217;inscrire<\/a><\/p>\n","protected":false},"excerpt":{"rendered":"<p>Enseignant: Francois Landry Horaire: 1 jour, 8:30-4:30PM Date: Samedi 4 mai Tarif: 250$ plus taxes (210$ plus taxes pour les enseignants) Pr\u00e9requis: \u00eatre FCAMPT Lieu: Ottawa, Holistic Wellness Physiotherapy Formation continue offerte par la Division Orthop\u00e9dique Nationale Objectifs-clinicien Reconna\u00eetre diff\u00e9rentes strat\u00e9gies en vue d\u2019effectuer les manipulations vert\u00e9brales Poss\u00e9der les outils pour adapter ces strat\u00e9gies en&#8230;  <a class=\"excerpt-read-more\" href=\"https:\/\/www.orthodiv.org\/fr\/la-formation-pour-ameliorer-vos-competences\/adjunct-education\/quelques-conseils-pour-de-merveilleuses-manips-2024\/\" title=\"LireQuelques conseils pour de merveilleuses manips &#8211; 2024\">Lire la suite &raquo;<\/a><\/p>\n","protected":false},"author":1623,"featured_media":0,"parent":14486,"menu_order":0,"comment_status":"closed","ping_status":"closed","template":"","meta":{"_bbp_topic_count":0,"_bbp_reply_count":0,"_bbp_total_topic_count":0,"_bbp_total_reply_count":0,"_bbp_voice_count":0,"_bbp_anonymous_reply_count":0,"_bbp_topic_count_hidden":0,"_bbp_reply_count_hidden":0,"_bbp_forum_subforum_count":0,"inline_featured_image":false,"footnotes":""},"class_list":["post-20705","page","type-page","status-publish","hentry"],"_links":{"self":[{"href":"https:\/\/www.orthodiv.org\/fr\/wp-json\/wp\/v2\/pages\/20705","targetHints":{"allow":["GET"]}}],"collection":[{"href":"https:\/\/www.orthodiv.org\/fr\/wp-json\/wp\/v2\/pages"}],"about":[{"href":"https:\/\/www.orthodiv.org\/fr\/wp-json\/wp\/v2\/types\/page"}],"author":[{"embeddable":true,"href":"https:\/\/www.orthodiv.org\/fr\/wp-json\/wp\/v2\/users\/1623"}],"replies":[{"embeddable":true,"href":"https:\/\/www.orthodiv.org\/fr\/wp-json\/wp\/v2\/comments?post=20705"}],"version-history":[{"count":7,"href":"https:\/\/www.orthodiv.org\/fr\/wp-json\/wp\/v2\/pages\/20705\/revisions"}],"predecessor-version":[{"id":20756,"href":"https:\/\/www.orthodiv.org\/fr\/wp-json\/wp\/v2\/pages\/20705\/revisions\/20756"}],"up":[{"embeddable":true,"href":"https:\/\/www.orthodiv.org\/fr\/wp-json\/wp\/v2\/pages\/14486"}],"wp:attachment":[{"href":"https:\/\/www.orthodiv.org\/fr\/wp-json\/wp\/v2\/media?parent=20705"}],"curies":[{"name":"wp","href":"https:\/\/api.w.org\/{rel}","templated":true}]}}