{"id":21454,"date":"2024-08-27T17:45:10","date_gmt":"2024-08-27T21:45:10","guid":{"rendered":"https:\/\/www.orthodiv.org\/?page_id=21454"},"modified":"2024-11-21T11:22:26","modified_gmt":"2024-11-21T16:22:26","slug":"aim-niveau-1","status":"publish","type":"page","link":"https:\/\/www.orthodiv.org\/fr\/la-formation-pour-ameliorer-vos-competences\/aim-niveau-1\/","title":{"rendered":"AIM Niveau 1"},"content":{"rendered":"<p><strong>Le Niveau 1 est le point d&#8217;entr\u00e9e au Programme de Physioth\u00e9rapie AIM de la Division Orthop\u00e9dique et doit \u00eatre compl\u00e9t\u00e9 avant de s&#8217;inscrire \u00e0 un cours de Niveau 2.<\/strong><\/p>\n<p>&nbsp;<\/p>\n<div style=\"padding: 56.25% 0 0 0; position: relative;\"><iframe style=\"position: absolute; top: 0; left: 0; width: 100%; height: 100%;\" title=\"Niveau 1_Introduction_ND_fr\" src=\"https:\/\/player.vimeo.com\/video\/998777940?badge=0&amp;autopause=0&amp;player_id=0&amp;app_id=58479\" frameborder=\"0\"><\/iframe><\/div>\n<p><script src=\"https:\/\/player.vimeo.com\/api\/player.js\"><\/script><\/p>\n<p><strong>Il existe deux options pour compl\u00e9ter le Niveau 1 du programme AIM :<\/strong><\/p>\n<ol class=\"content-list\" style=\"font-size: 16px;\">\n<li><strong>Modules Autonomes<\/strong><br \/>\nIl y a 7 modules qui consistent en une pr\u00e9sentation vid\u00e9o ou audio PowerPoint de 20 \u00e0 30 minutes. \u00c0 la fin de chaque module, il y aura 5 questions \u00e0 choix multiple formatives (la r\u00e9ponse correcte est fournie apr\u00e8s votre tentative afin que vous puissiez apprendre du processus) qui doivent \u00eatre compl\u00e9t\u00e9es pour d\u00e9clencher automatiquement le module suivant. Les modules doivent \u00eatre compl\u00e9t\u00e9s dans l&#8217;ordre, mais ils ne doivent pas n\u00e9cessairement \u00eatre compl\u00e9t\u00e9s en une seule session.Les modules couvrent des sujets tels que les examens sommaires du quadrant sup\u00e9rieur et inf\u00e9rieur, la reconnaissance des pathologies vert\u00e9brales graves, l&#8217;\u00e9tablissement d&#8217;une alliance th\u00e9rapeutique, les cadres de raisonnement clinique, et d&#8217;autres.Les modules doivent \u00eatre compl\u00e9t\u00e9s dans les 3 mois suivant l&#8217;inscription (sinon des frais de 25,00 $ s&#8217;appliquent pour renouveler l&#8217;acc\u00e8s).<\/li>\n<li><strong>Inscrivez-vous \u00e0 un cours de Niveau 1<\/strong> (offert seulement au Qu\u00e9bec).<br \/>\nVoir <a href=\"https:\/\/www.orthodiv.org\/education\/upcoming-courses\/\">Prochains cours<\/a> pour les cours de Niveau 1 disponibles.<\/li>\n<\/ol>\n<p>L&#8217;option d&#8217;examen \u00e0 choix multiples (QCM) pour le niveau 1 a \u00e9t\u00e9 abandonn\u00e9e depuis d\u00e9cembre 2024.<\/p>\n<p>Pour vous inscrire \u00e0 un cours de Niveau 2, veuillez \u00eatre pr\u00eat \u00e0 soumettre l\u2019attestation de r\u00e9ussite que vous recevrez apr\u00e8s avoir compl\u00e9t\u00e9 le Niveau 1, peu importe l&#8217;option que vous aurez choisie ci-dessus.<\/p>\n<p><strong>Les inscriptions \u00e0 l&#8217;option Modules sont toujours ouvertes<\/strong>.<\/p>\n<p><a class=\"greenBtn\" href=\"https:\/\/www.orthodiv.org\/education\/exam-application-forms\/aim-level-1-application\/\"> INSCRIVEZ-VOUS AU Modules De NIVEAU 1 <\/a><\/p>\n<p>Frais pour les Modules :<br \/>\nMembres de la CPA &#8211; 150,00 $ + taxe provinciale<br \/>\nNon-Membres &#8211; 250,00 $ + taxe provinciale<\/p>\n","protected":false},"excerpt":{"rendered":"<p>Le Niveau 1 est le point d&#8217;entr\u00e9e au Programme de Physioth\u00e9rapie AIM de la Division Orthop\u00e9dique et doit \u00eatre compl\u00e9t\u00e9 avant de s&#8217;inscrire \u00e0 un cours de Niveau 2. &nbsp; Il existe deux options pour compl\u00e9ter le Niveau 1 du programme AIM : Modules Autonomes Il y a 7 modules qui consistent en une pr\u00e9sentation&#8230;  <a class=\"excerpt-read-more\" href=\"https:\/\/www.orthodiv.org\/fr\/la-formation-pour-ameliorer-vos-competences\/aim-niveau-1\/\" title=\"LireAIM Niveau 1\">Lire la suite &raquo;<\/a><\/p>\n","protected":false},"author":1623,"featured_media":0,"parent":3087,"menu_order":0,"comment_status":"closed","ping_status":"closed","template":"","meta":{"_bbp_topic_count":0,"_bbp_reply_count":0,"_bbp_total_topic_count":0,"_bbp_total_reply_count":0,"_bbp_voice_count":0,"_bbp_anonymous_reply_count":0,"_bbp_topic_count_hidden":0,"_bbp_reply_count_hidden":0,"_bbp_forum_subforum_count":0,"inline_featured_image":false,"footnotes":""},"class_list":["post-21454","page","type-page","status-publish","hentry"],"_links":{"self":[{"href":"https:\/\/www.orthodiv.org\/fr\/wp-json\/wp\/v2\/pages\/21454","targetHints":{"allow":["GET"]}}],"collection":[{"href":"https:\/\/www.orthodiv.org\/fr\/wp-json\/wp\/v2\/pages"}],"about":[{"href":"https:\/\/www.orthodiv.org\/fr\/wp-json\/wp\/v2\/types\/page"}],"author":[{"embeddable":true,"href":"https:\/\/www.orthodiv.org\/fr\/wp-json\/wp\/v2\/users\/1623"}],"replies":[{"embeddable":true,"href":"https:\/\/www.orthodiv.org\/fr\/wp-json\/wp\/v2\/comments?post=21454"}],"version-history":[{"count":13,"href":"https:\/\/www.orthodiv.org\/fr\/wp-json\/wp\/v2\/pages\/21454\/revisions"}],"predecessor-version":[{"id":21869,"href":"https:\/\/www.orthodiv.org\/fr\/wp-json\/wp\/v2\/pages\/21454\/revisions\/21869"}],"up":[{"embeddable":true,"href":"https:\/\/www.orthodiv.org\/fr\/wp-json\/wp\/v2\/pages\/3087"}],"wp:attachment":[{"href":"https:\/\/www.orthodiv.org\/fr\/wp-json\/wp\/v2\/media?parent=21454"}],"curies":[{"name":"wp","href":"https:\/\/api.w.org\/{rel}","templated":true}]}}