{"id":22926,"date":"2025-07-02T16:28:37","date_gmt":"2025-07-02T20:28:37","guid":{"rendered":"https:\/\/www.orthodiv.org\/?page_id=22926"},"modified":"2025-07-02T16:28:37","modified_gmt":"2025-07-02T20:28:37","slug":"bourse-detudes-commemorative-cliff-fowler-en-education-laureate-2024-jacalyn-moore-2024","status":"publish","type":"page","link":"https:\/\/www.orthodiv.org\/fr\/reseauter-avec-ses-pairs\/prix-subventions-et-bourses\/bourse-detudes-commemorative-cliff-fowler-en-education-laureate-2024-jacalyn-moore-2024\/","title":{"rendered":"Bourse D&#8217;\u00c9tudes Comm\u00e9morative Cliff Fowler En \u00c9ducation &#8211; Laur\u00e9ate 2024 &#8211; Jacalyn Moore &#8211; 2024"},"content":{"rendered":"<h3>Jacalyn Moore<\/h3>\n<p>&nbsp;<\/p>\n<img loading=\"lazy\" decoding=\"async\" class=\"wp-image-22921 size-medium alignleft\" src=\"https:\/\/www.orthodiv.org\/wp-content\/uploads\/2025\/07\/cliff-fowler-winner-2024-jacalyn-moore-280x300.jpg\" alt=\"\" width=\"280\" height=\"300\" srcset=\"https:\/\/www.orthodiv.org\/wp-content\/uploads\/2025\/07\/cliff-fowler-winner-2024-jacalyn-moore-280x300.jpg 280w, https:\/\/www.orthodiv.org\/wp-content\/uploads\/2025\/07\/cliff-fowler-winner-2024-jacalyn-moore.jpg 626w\" sizes=\"auto, (max-width: 280px) 100vw, 280px\" \/>\n<p class=\"p1\">&#8220;Le programme AIM m&#8217;a permis de devenir la physioth\u00e9rapeute que j&#8217;ai toujours r\u00eav\u00e9 d&#8217;\u00eatre. Il a affin\u00e9 mon esprit critique et mes comp\u00e9tences en \u00e9valuation globale, ainsi que ma capacit\u00e9 \u00e0 comprendre en profondeur l&#8217;\u00e9tiologie et le pronostic des blessures musculosquelettiques et neuropathiques. Gr\u00e2ce aux recommandations pratiques fond\u00e9es sur des donn\u00e9es probantes qui m&#8217;ont \u00e9t\u00e9 pr\u00e9sent\u00e9es tout au long de la formation, je suis maintenant en mesure de prodiguer des traitements cibl\u00e9s et efficaces. Je recommande les cours AIM \u00e0 tous les physioth\u00e9rapeutes impliqu\u00e9s dans la r\u00e9adaptation musculosquelettique et orthop\u00e9dique.&#8221; <span class=\"Apple-converted-space\">\u00a0 \u00a0<\/span><\/p>\n<p class=\"p2\"><span class=\"Apple-converted-space\">\u00a0\u00a0 \u00a0 \u00a0 \u00a0 \u00a0 \u00a0 \u00a0 \u00a0 \u00a0 \u00a0 \u00a0 \u00a0 \u00a0 \u00a0 \u00a0 \u00a0 \u00a0 \u00a0 \u00a0 \u00a0 \u00a0 <\/span><i>Jacalyn Moore<\/i><\/p>\n","protected":false},"excerpt":{"rendered":"<p>Jacalyn Moore &nbsp; &#8220;Le programme AIM m&#8217;a permis de devenir la physioth\u00e9rapeute que j&#8217;ai toujours r\u00eav\u00e9 d&#8217;\u00eatre. Il a affin\u00e9 mon esprit critique et mes comp\u00e9tences en \u00e9valuation globale, ainsi que ma capacit\u00e9 \u00e0 comprendre en profondeur l&#8217;\u00e9tiologie et le pronostic des blessures musculosquelettiques et neuropathiques. Gr\u00e2ce aux recommandations pratiques fond\u00e9es sur des donn\u00e9es probantes&#8230;  <a class=\"excerpt-read-more\" href=\"https:\/\/www.orthodiv.org\/fr\/reseauter-avec-ses-pairs\/prix-subventions-et-bourses\/bourse-detudes-commemorative-cliff-fowler-en-education-laureate-2024-jacalyn-moore-2024\/\" title=\"LireBourse D&#8217;\u00c9tudes Comm\u00e9morative Cliff Fowler En \u00c9ducation &#8211; Laur\u00e9ate 2024 &#8211; Jacalyn Moore &#8211; 2024\">Lire la suite &raquo;<\/a><\/p>\n","protected":false},"author":1623,"featured_media":0,"parent":3115,"menu_order":0,"comment_status":"closed","ping_status":"closed","template":"","meta":{"_bbp_topic_count":0,"_bbp_reply_count":0,"_bbp_total_topic_count":0,"_bbp_total_reply_count":0,"_bbp_voice_count":0,"_bbp_anonymous_reply_count":0,"_bbp_topic_count_hidden":0,"_bbp_reply_count_hidden":0,"_bbp_forum_subforum_count":0,"inline_featured_image":false,"footnotes":""},"class_list":["post-22926","page","type-page","status-publish","hentry"],"_links":{"self":[{"href":"https:\/\/www.orthodiv.org\/fr\/wp-json\/wp\/v2\/pages\/22926","targetHints":{"allow":["GET"]}}],"collection":[{"href":"https:\/\/www.orthodiv.org\/fr\/wp-json\/wp\/v2\/pages"}],"about":[{"href":"https:\/\/www.orthodiv.org\/fr\/wp-json\/wp\/v2\/types\/page"}],"author":[{"embeddable":true,"href":"https:\/\/www.orthodiv.org\/fr\/wp-json\/wp\/v2\/users\/1623"}],"replies":[{"embeddable":true,"href":"https:\/\/www.orthodiv.org\/fr\/wp-json\/wp\/v2\/comments?post=22926"}],"version-history":[{"count":1,"href":"https:\/\/www.orthodiv.org\/fr\/wp-json\/wp\/v2\/pages\/22926\/revisions"}],"predecessor-version":[{"id":22927,"href":"https:\/\/www.orthodiv.org\/fr\/wp-json\/wp\/v2\/pages\/22926\/revisions\/22927"}],"up":[{"embeddable":true,"href":"https:\/\/www.orthodiv.org\/fr\/wp-json\/wp\/v2\/pages\/3115"}],"wp:attachment":[{"href":"https:\/\/www.orthodiv.org\/fr\/wp-json\/wp\/v2\/media?parent=22926"}],"curies":[{"name":"wp","href":"https:\/\/api.w.org\/{rel}","templated":true}]}}