{"id":23362,"date":"2025-11-19T10:59:31","date_gmt":"2025-11-19T15:59:31","guid":{"rendered":"https:\/\/www.orthodiv.org\/?page_id=23362"},"modified":"2026-05-06T11:30:49","modified_gmt":"2026-05-06T15:30:49","slug":"bourse-detudes-commemorative-cliff-fowler-en-education-laureate-2025-harneet-somal","status":"publish","type":"page","link":"https:\/\/www.orthodiv.org\/fr\/reseauter-avec-ses-pairs\/prix-subventions-et-bourses\/bourse-detudes-commemorative-cliff-fowler-en-education-laureate-2025-harneet-somal\/","title":{"rendered":"Bourse D\u2019\u00c9tudes Comm\u00e9morative Cliff Fowler En \u00c9ducation \u2013 Laur\u00e9ate 2025 &#8211; Harneet Somal"},"content":{"rendered":"<h3>Harneet Somal<\/h3>\n<p>&nbsp;<\/p>\n<p><img loading=\"lazy\" decoding=\"async\" class=\"wp-image-23359 size-medium alignleft\" src=\"https:\/\/www.orthodiv.org\/wp-content\/uploads\/2025\/11\/cliff-fowler-award-winner-2025-harneet-somal-240x300.jpg\" alt=\"Harneet Somal\" width=\"240\" height=\"300\" srcset=\"https:\/\/www.orthodiv.org\/wp-content\/uploads\/2025\/11\/cliff-fowler-award-winner-2025-harneet-somal-240x300.jpg 240w, https:\/\/www.orthodiv.org\/wp-content\/uploads\/2025\/11\/cliff-fowler-award-winner-2025-harneet-somal.jpg 400w\" sizes=\"auto, (max-width: 240px) 100vw, 240px\" \/><br \/>\n&#8220;Le programme AIM a jou\u00e9 un r\u00f4le fondamental dans la formation de la clinicienne que je suis aujourd&#8217;hui. A travers les niveaux 1d 3, j&#8217;ai renforc\u00e9 mes comp\u00e9tences en \u00e9valuation, en th\u00e9rapie permis d&#8217;aller au del\u00e0 des protocoles, pour offrir des donn\u00e9es probantes. Le programme m&#8217;a pouss\u00e9e \u00e0 penser autrement, \u00e0 rester curieuse et \u00e0 int\u00e9grer une pratique r\u00e9flexive dans chacune de mes rencontres avec les patients.<\/p>\n<p>En tant que physioth\u00e9rapeute en pratique priv\u00e9e et contre aeraneuse concernes sure encemented la formation en physioth\u00e9rapie, le curriculum AIM m&#8217;a donn\u00e9 les outils n\u00e9cessaires pour faire le lien entre l&#8217;expertise musculosquelettique et des soins centr\u00e9s sur le patient et adapt\u00e9s \u00e0 leur culture.<\/p>\n<p>Cette bourse soutient non seulement ma progression continue vers le titre de Fellow, mais elle renforce \u00e9galement mon engagement \u00e0 contribuer \u00e0 l&#8217;avenir de l&#8217;enseignement en orthop\u00e9die et \u00e9ventuellement, \u00e0 enseigner moi meme au sein du programme AIM.&#8221;<\/p>\n<p>&nbsp;<\/p>\n","protected":false},"excerpt":{"rendered":"<p>Harneet Somal &nbsp; &#8220;Le programme AIM a jou\u00e9 un r\u00f4le fondamental dans la formation de la clinicienne que je suis aujourd&#8217;hui. A travers les niveaux 1d 3, j&#8217;ai renforc\u00e9 mes comp\u00e9tences en \u00e9valuation, en th\u00e9rapie permis d&#8217;aller au del\u00e0 des protocoles, pour offrir des donn\u00e9es probantes. Le programme m&#8217;a pouss\u00e9e \u00e0 penser autrement, \u00e0 rester&#8230;  <a class=\"excerpt-read-more\" href=\"https:\/\/www.orthodiv.org\/fr\/reseauter-avec-ses-pairs\/prix-subventions-et-bourses\/bourse-detudes-commemorative-cliff-fowler-en-education-laureate-2025-harneet-somal\/\" title=\"LireBourse D\u2019\u00c9tudes Comm\u00e9morative Cliff Fowler En \u00c9ducation \u2013 Laur\u00e9ate 2025 &#8211; Harneet Somal\">Lire la suite &raquo;<\/a><\/p>\n","protected":false},"author":1623,"featured_media":0,"parent":3115,"menu_order":0,"comment_status":"closed","ping_status":"closed","template":"","meta":{"_bbp_topic_count":0,"_bbp_reply_count":0,"_bbp_total_topic_count":0,"_bbp_total_reply_count":0,"_bbp_voice_count":0,"_bbp_anonymous_reply_count":0,"_bbp_topic_count_hidden":0,"_bbp_reply_count_hidden":0,"_bbp_forum_subforum_count":0,"inline_featured_image":false,"footnotes":""},"class_list":["post-23362","page","type-page","status-publish","hentry"],"_links":{"self":[{"href":"https:\/\/www.orthodiv.org\/fr\/wp-json\/wp\/v2\/pages\/23362","targetHints":{"allow":["GET"]}}],"collection":[{"href":"https:\/\/www.orthodiv.org\/fr\/wp-json\/wp\/v2\/pages"}],"about":[{"href":"https:\/\/www.orthodiv.org\/fr\/wp-json\/wp\/v2\/types\/page"}],"author":[{"embeddable":true,"href":"https:\/\/www.orthodiv.org\/fr\/wp-json\/wp\/v2\/users\/1623"}],"replies":[{"embeddable":true,"href":"https:\/\/www.orthodiv.org\/fr\/wp-json\/wp\/v2\/comments?post=23362"}],"version-history":[{"count":3,"href":"https:\/\/www.orthodiv.org\/fr\/wp-json\/wp\/v2\/pages\/23362\/revisions"}],"predecessor-version":[{"id":24217,"href":"https:\/\/www.orthodiv.org\/fr\/wp-json\/wp\/v2\/pages\/23362\/revisions\/24217"}],"up":[{"embeddable":true,"href":"https:\/\/www.orthodiv.org\/fr\/wp-json\/wp\/v2\/pages\/3115"}],"wp:attachment":[{"href":"https:\/\/www.orthodiv.org\/fr\/wp-json\/wp\/v2\/media?parent=23362"}],"curies":[{"name":"wp","href":"https:\/\/api.w.org\/{rel}","templated":true}]}}