{"id":23645,"date":"2025-12-12T15:53:14","date_gmt":"2025-12-12T20:53:14","guid":{"rendered":"https:\/\/www.orthodiv.org\/?page_id=23645"},"modified":"2025-12-12T15:53:58","modified_gmt":"2025-12-12T20:53:58","slug":"neurolens-2026","status":"publish","type":"page","link":"https:\/\/www.orthodiv.org\/fr\/la-formation-pour-ameliorer-vos-competences\/adjunct-education\/neurolens-2026\/","title":{"rendered":"\u00c0 travers la lentille neuro : le maillon manquant dans la pratique quotidienne du diagnostic diff\u00e9rentiel et du traitement musculosquelettique"},"content":{"rendered":"<p class=\"p3\"><strong>Formateur<\/strong>: Jordan Burgess<br \/>\n<strong>Dates du cours<\/strong>: 7 et 8 mars 2026<br \/>\n<strong>Horaire<\/strong>:<br \/>\n7 mars : 8 h \u00e0 16 h 30<br \/>\n8 mars : 8 h \u00e0 13 h<br \/>\n<strong>Lieu<\/strong>: Amped Physiotherapy\u20282600, chemin Leitrim \u2013 2e \u00e9tage\u2028Gloucester (Ontario)<\/p>\n<p>Formation continue offerte par la Division Orthop\u00e9dique Nationale<\/p>\n<p class=\"p1\"><b>Description du cours :<\/b><\/p>\n<p class=\"p1\">Les approches traditionnelles d\u2019\u00e9valuation et de traitement musculosquelettiques (MSK) sous-estiment souvent le r\u00f4le du syst\u00e8me nerveux dans la douleur et la performance. Cet angle mort laisse les cliniciens d\u00e9concert\u00e9s devant des cas qui ne concordent pas avec les mod\u00e8les classiques \u2014 comme une \u00e9picondylalgie qui alterne entre l\u2019\u00e9picondyle m\u00e9dial et lat\u00e9ral, une <i>fasciite plantaire<\/i> sans fascia douloureux, ou une \u2018<i>entorse du LCM\u2019<\/i> sans m\u00e9canisme de blessure ni signe de l\u00e9sion tissulaire.<\/p>\n<p class=\"p1\"><b>Le cours NeuroLens vous aide \u00e0 combler cette lacune. Vous apprendrez \u00e0 \u00e9valuer le syst\u00e8me nerveux d\u00e8s le d\u00e9part \u2014 et non pas comme une r\u00e9flexion apr\u00e8s coup\u2014 en examinant sa sant\u00e9, sa fonction et son influence sur les troubles MSK persistants.<\/b><\/p>\n<p class=\"p1\">Ce cours ne pr\u00e9tend pas fournir toutes les r\u00e9ponses, puisque chaque patient est unique. Il vise plut\u00f4t \u00e0 vous doter d\u2019un raisonnement clinique et d\u2019un cadre analytique vous permettant de voir les probl\u00e8mes sous un angle diff\u00e9rent et de progresser plus rapidement vers la bonne solution.<\/p>\n<p class=\"p1\"><b>En combinant les principes fondamentaux de r\u00e9flexion avec des techniques d\u2019\u00e9valuation et de traitement innovantes, vous apprendrez \u00e0 interpr\u00e9ter les pr\u00e9sentations MSK \u00e0 travers la lentille du syst\u00e8me nerveux \u2014 en remettant en question les anciens postulats, en aiguisant votre raisonnement clinique et transformant votre approche th\u00e9rapeutique.<\/b><\/p>\n<p class=\"p1\"><b>Objectifs du cours :<\/b><\/p>\n<ul class=\"content-list\">\n<li class=\"p1\">Comprendre le syst\u00e8me nerveux comme un syst\u00e8me organique actif plut\u00f4t qu\u2019un simple r\u00e9seau de communication passif<\/li>\n<li class=\"p1\">Chercher \u00e0 optimiser la fonction du syst\u00e8me nerveux, tout comme celle des composantes musculaires et squelettiques du syst\u00e8me MSK dans la pratique quotidienne<\/li>\n<li class=\"p1\">Approfondir la compr\u00e9hension du r\u00f4le du syst\u00e8me nerveux dans la production des sympt\u00f4mes MSK<\/li>\n<li class=\"p1\">Mieux comprendre les m\u00e9canismes physiologiques et les caract\u00e9ristiques anatomiques du syst\u00e8me nerveux pouvant influencer la pr\u00e9sentation clinique et l\u2019\u00e9volution des troubles MSK persistants<\/li>\n<li class=\"p1\">Utiliser les principes fondamentaux pour \u00e9clairer la r\u00e9flexion critique en diagnostic diff\u00e9rentiel<\/li>\n<li class=\"p1\">Pratiquer des techniques innovantes de th\u00e9rapie manuelle int\u00e9grant les tissus nerveux dans le raisonnement et l\u2019application (50 % du cours est consacr\u00e9 \u00e0 la pratique)<\/li>\n<li class=\"p1\">Raffiner les techniques actuelles d\u2019\u00e9valuation et de traitement des dysfonctions du syst\u00e8me nerveux<\/li>\n<\/ul>\n<p><strong>Profil du formateur:<\/strong><\/p>\n<img loading=\"lazy\" decoding=\"async\" class=\"wp-image-23646 size-medium alignright\" src=\"https:\/\/www.orthodiv.org\/wp-content\/uploads\/2025\/12\/Jordan-Burgess-Headshot-300x300.jpg\" alt=\"\" width=\"300\" height=\"300\" srcset=\"https:\/\/www.orthodiv.org\/wp-content\/uploads\/2025\/12\/Jordan-Burgess-Headshot-300x300.jpg 300w, https:\/\/www.orthodiv.org\/wp-content\/uploads\/2025\/12\/Jordan-Burgess-Headshot-150x150.jpg 150w, https:\/\/www.orthodiv.org\/wp-content\/uploads\/2025\/12\/Jordan-Burgess-Headshot-125x125.jpg 125w, https:\/\/www.orthodiv.org\/wp-content\/uploads\/2025\/12\/Jordan-Burgess-Headshot.jpg 480w\" sizes=\"auto, (max-width: 300px) 100vw, 300px\" \/>\n<p class=\"p1\"><b>Jordan Burgess<\/b> est physioth\u00e9rapeute s\u00e9nior avec plus de 25 ans d\u2019exp\u00e9rience clinique et professionnelle, offrant une perspective globale sur les soins musculosquelettiques, la formation professionnelle et la d\u00e9fense des int\u00e9r\u00eats dans le syst\u00e8me de sant\u00e9. Son parcours comprend la pratique clinique, l\u2019enseignement universitaire, le mentorat et le leadership national.<\/p>\n<p class=\"p1\">Il a travaill\u00e9 dans divers contextes cliniques, allant des services externes hospitaliers \u00e0 Toronto aux cliniques rurales et \u00e0 la propri\u00e9t\u00e9 d\u2019une clinique priv\u00e9e ax\u00e9e sur la physioth\u00e9rapie sportive dans la r\u00e9gion d\u2019Ottawa. Son expertise se concentre sur les troubles neuro-musculosquelettiques, avec une formation avanc\u00e9e en th\u00e9rapie manuelle (FCAMPT), en stimulation intramusculaire Gunn (Gunn IMS) et en entra\u00eenement de la force et du conditionnement (CSCS).<br \/>\nIl a r\u00e9cemment d\u00e9velopp\u00e9 du mat\u00e9riel \u00e9ducatif sur le r\u00f4le du syst\u00e8me nerveux dans les troubles MSK, pr\u00e9sent\u00e9 dans son nouveau cours <b>\u00c0 travers la lentille neuro : voir le syst\u00e8me nerveux dans le diagnostic diff\u00e9rentiel MSK<\/b>.<\/p>\n<p class=\"p1\">Jordan a occup\u00e9 des postes d\u2019enseignement et de supervision clinique \u00e0 l\u2019Universit\u00e9 de Toronto, \u00e0 l\u2019Universit\u00e9 Queen\u2019s et au sein du programme de la Division orthop\u00e9dique de l\u2019Association canadienne de physioth\u00e9rapie (ACP). Il a encadr\u00e9 avec succ\u00e8s de nombreux physioth\u00e9rapeutes en voie d\u2019obtenir leur titre de FCAMPT. Son enseignement met l\u2019accent sur le raisonnement clinique avanc\u00e9, une r\u00e9flexion critique sur les pratiques actuelles d\u2019\u00e9valuation et de traitement des troubles MSK, ainsi que sur les habilet\u00e9s manuelles essentielles \u00e0 une pratique physioth\u00e9rapeutique efficace.<\/p>\n<p class=\"p1\">Jordan d\u00e9tient un <b>B.A. (avec distinction) en \u00e9ducation physique<\/b> de l\u2019Universit\u00e9 Western, un <b>B.Sc. en physioth\u00e9rapie<\/b> de l\u2019Universit\u00e9 de Toronto, et plusieurs certifications cliniques avanc\u00e9es, dont :<\/p>\n<ul class=\"ul1\">\n<li class=\"li1\"><b>Fellow<\/b> de l\u2019Acad\u00e9mie canadienne des physioth\u00e9rapeutes en th\u00e9rapie manuelle et musculosquelettique (FCAMPT)<\/li>\n<li class=\"li1\"><b>Certified Strength and Conditioning Specialist (CSCS)<\/b><b><\/b><\/li>\n<li class=\"li1\"><b>Praticien Gunn IMS<\/b><\/li>\n<\/ul>\n<p>&nbsp;<\/p>\n<p><a class=\"greenBtn\" href=\"https:\/\/cpaorthopaedicdivision.arlo.co\/w\/on\/courses\/105-looking-through-the-neurolens-the-missing-link-in-the-everyday-practice-of-msk-differential-diagnosis-and-treatment\">s&#8217;inscrire<\/a><\/p>\n","protected":false},"excerpt":{"rendered":"<p>Formateur: Jordan Burgess Dates du cours: 7 et 8 mars 2026 Horaire: 7 mars : 8 h \u00e0 16 h 30 8 mars : 8 h \u00e0 13 h Lieu: Amped Physiotherapy\u20282600, chemin Leitrim \u2013 2e \u00e9tage\u2028Gloucester (Ontario) Formation continue offerte par la Division Orthop\u00e9dique Nationale Description du cours : Les approches traditionnelles d\u2019\u00e9valuation et&#8230;  <a class=\"excerpt-read-more\" href=\"https:\/\/www.orthodiv.org\/fr\/la-formation-pour-ameliorer-vos-competences\/adjunct-education\/neurolens-2026\/\" title=\"Lire\u00c0 travers la lentille neuro : le maillon manquant dans la pratique quotidienne du diagnostic diff\u00e9rentiel et du traitement musculosquelettique\">Lire la suite &raquo;<\/a><\/p>\n","protected":false},"author":1623,"featured_media":0,"parent":14486,"menu_order":0,"comment_status":"closed","ping_status":"closed","template":"","meta":{"_bbp_topic_count":0,"_bbp_reply_count":0,"_bbp_total_topic_count":0,"_bbp_total_reply_count":0,"_bbp_voice_count":0,"_bbp_anonymous_reply_count":0,"_bbp_topic_count_hidden":0,"_bbp_reply_count_hidden":0,"_bbp_forum_subforum_count":0,"inline_featured_image":false,"footnotes":""},"class_list":["post-23645","page","type-page","status-publish","hentry"],"_links":{"self":[{"href":"https:\/\/www.orthodiv.org\/fr\/wp-json\/wp\/v2\/pages\/23645","targetHints":{"allow":["GET"]}}],"collection":[{"href":"https:\/\/www.orthodiv.org\/fr\/wp-json\/wp\/v2\/pages"}],"about":[{"href":"https:\/\/www.orthodiv.org\/fr\/wp-json\/wp\/v2\/types\/page"}],"author":[{"embeddable":true,"href":"https:\/\/www.orthodiv.org\/fr\/wp-json\/wp\/v2\/users\/1623"}],"replies":[{"embeddable":true,"href":"https:\/\/www.orthodiv.org\/fr\/wp-json\/wp\/v2\/comments?post=23645"}],"version-history":[{"count":2,"href":"https:\/\/www.orthodiv.org\/fr\/wp-json\/wp\/v2\/pages\/23645\/revisions"}],"predecessor-version":[{"id":23649,"href":"https:\/\/www.orthodiv.org\/fr\/wp-json\/wp\/v2\/pages\/23645\/revisions\/23649"}],"up":[{"embeddable":true,"href":"https:\/\/www.orthodiv.org\/fr\/wp-json\/wp\/v2\/pages\/14486"}],"wp:attachment":[{"href":"https:\/\/www.orthodiv.org\/fr\/wp-json\/wp\/v2\/media?parent=23645"}],"curies":[{"name":"wp","href":"https:\/\/api.w.org\/{rel}","templated":true}]}}