{"id":23749,"date":"2026-01-13T13:18:44","date_gmt":"2026-01-13T18:18:44","guid":{"rendered":"https:\/\/www.orthodiv.org\/?page_id=23749"},"modified":"2026-01-13T13:18:44","modified_gmt":"2026-01-13T18:18:44","slug":"prix-etudiant-de-la-division-de-lorthopedie","status":"publish","type":"page","link":"https:\/\/www.orthodiv.org\/fr\/reseauter-avec-ses-pairs\/prix-subventions-et-bourses\/prix-etudiant-de-la-division-de-lorthopedie\/","title":{"rendered":"Prix \u00e9tudiant de la Division de l\u2019orthop\u00e9die"},"content":{"rendered":"<h3>Objectif du prix<\/h3>\n<p>La Division d\u2019orthop\u00e9die (DO) de l\u2019Association canadienne de physioth\u00e9rapie offre chaque ann\u00e9e un prix d\u2019une valeur de 250 $ \u00e0 un\u00b7e \u00e9tudiant\u00b7e provenant de chacun des programmes canadiens d\u2019acc\u00e8s \u00e0 la pratique en physioth\u00e9rapie. Ce prix est d\u00e9cern\u00e9 \u00e0 un\u00b7e \u00e9tudiant\u00b7e ayant d\u00e9montr\u00e9 un leadership exceptionnel, ainsi qu\u2019un int\u00e9r\u00eat marqu\u00e9 pour l\u2019orthop\u00e9die. Le prix prend la forme d\u2019un certificat applicable \u00e0 un cours du syllabus offert par la NOD, \u00e0 utiliser dans les deux ans suivant sa r\u00e9ception.<\/p>\n<p>Chaque ann\u00e9e, un prix est remis \u00e0 un\u00b7e \u00e9tudiant\u00b7e finissant\u00b7e qui :<\/p>\n<ol class=\"content-list\">\n<li>a satisfait aux exigences d\u2019un programme canadien d\u2019acc\u00e8s \u00e0 la pratique en physioth\u00e9rapie;<\/li>\n<li>est reconnu comme l\u2019\u00e9tudiant\u00b7e qui s\u2019est le plus illustr\u00e9 dans la d\u00e9monstration de comp\u00e9tences incluant le leadership, l\u2019engagement en d\u00e9fense des int\u00e9r\u00eats, en plus d\u2019avoir manifest\u00e9 un int\u00e9r\u00eat marqu\u00e9 pour l\u2019orthop\u00e9die.<\/li>\n<\/ol>\n<p><strong>R\u00e9cipiendaire(s) du Prix \u00e9tudiant de la Division d\u2019orthop\u00e9die de l\u2019ACP:<\/strong><\/p>\n<p><strong>2025<\/strong><\/p>\n<ul class=\"content-list\">\n<li>Courtney Hlady &#8211; University of Toronto<\/li>\n<li>Jantz Sawatsky \u2013 Western University<\/li>\n<li>Laim Morrassut \u2013 Queens University<\/li>\n<li>Samuel Beaulac \u2013 University of Ottawa<\/li>\n<li>Ben Flaman \u2013 University of Saskatchewan<\/li>\n<li>Colin Robineault \u2013 Universite de Sherbrooke<\/li>\n<li>Catherine Turcotte \u2013 Universite Laval<\/li>\n<li>Sarah Aitken \u2013 University of British Columbia<\/li>\n<li>Sean Borkhoff \u2013 McMaster University<\/li>\n<li>Cody Miller \u2013 McGill University<\/li>\n<\/ul>\n<p style=\"font-weight: 400;\"><strong>2024<\/strong><\/p>\n<ul class=\"content-list\">\n<li style=\"font-weight: 400;\">Evan Bagnall &#8211; University of Toronto<\/li>\n<li style=\"font-weight: 400;\">Lyanne Martin \u2013 Western University<\/li>\n<li style=\"font-weight: 400;\">Tristan Bourgie &#8211; University of Ottawa<\/li>\n<li style=\"font-weight: 400;\">Erin Hebron &#8211; University of Saskatchewan<\/li>\n<li style=\"font-weight: 400;\">Rosie Croteau &#8211; Universite de Sherbrooke<\/li>\n<li style=\"font-weight: 400;\">Carolina Temponi Goncalves \u2013 Dalhousie University<\/li>\n<li style=\"font-weight: 400;\">Margaret Phan &#8211; University of British Columbia<\/li>\n<li style=\"font-weight: 400;\">Mark Gillespie &#8211; McMaster University<\/li>\n<li style=\"font-weight: 400;\">Charles Bazerghi \u2013 McGill University<\/li>\n<\/ul>\n<p style=\"font-weight: 400;\"><strong>2023<\/strong><\/p>\n<ul class=\"content-list\">\n<li style=\"font-weight: 400;\">Nicole Liolios \u2013 University of Toronto<\/li>\n<li style=\"font-weight: 400;\">Drew Ruby \u2013 Queens University<\/li>\n<li style=\"font-weight: 400;\">Nicole Cameron \u2013 University of Ottawa<\/li>\n<li style=\"font-weight: 400;\">Kim Vibert \u2013 University of Saskatchewan<\/li>\n<li style=\"font-weight: 400;\">M\u00e9gane Routhier &#8211; Universite de Sherbrooke<\/li>\n<li style=\"font-weight: 400;\">Laura Sevigny \u2013 Universite Laval<\/li>\n<li style=\"font-weight: 400;\">Alexander Ferguson \u2013 University of British Columbia<\/li>\n<li style=\"font-weight: 400;\">Nivethan Jeyaseelan \u2013 McMaster University<\/li>\n<\/ul>\n","protected":false},"excerpt":{"rendered":"<p>Objectif du prix La Division d\u2019orthop\u00e9die (DO) de l\u2019Association canadienne de physioth\u00e9rapie offre chaque ann\u00e9e un prix d\u2019une valeur de 250 $ \u00e0 un\u00b7e \u00e9tudiant\u00b7e provenant de chacun des programmes canadiens d\u2019acc\u00e8s \u00e0 la pratique en physioth\u00e9rapie. Ce prix est d\u00e9cern\u00e9 \u00e0 un\u00b7e \u00e9tudiant\u00b7e ayant d\u00e9montr\u00e9 un leadership exceptionnel, ainsi qu\u2019un int\u00e9r\u00eat marqu\u00e9 pour l\u2019orthop\u00e9die&#8230;.  <a class=\"excerpt-read-more\" href=\"https:\/\/www.orthodiv.org\/fr\/reseauter-avec-ses-pairs\/prix-subventions-et-bourses\/prix-etudiant-de-la-division-de-lorthopedie\/\" title=\"LirePrix \u00e9tudiant de la Division de l\u2019orthop\u00e9die\">Lire la suite &raquo;<\/a><\/p>\n","protected":false},"author":1623,"featured_media":0,"parent":3115,"menu_order":50,"comment_status":"closed","ping_status":"closed","template":"","meta":{"_bbp_topic_count":0,"_bbp_reply_count":0,"_bbp_total_topic_count":0,"_bbp_total_reply_count":0,"_bbp_voice_count":0,"_bbp_anonymous_reply_count":0,"_bbp_topic_count_hidden":0,"_bbp_reply_count_hidden":0,"_bbp_forum_subforum_count":0,"inline_featured_image":false,"footnotes":""},"class_list":["post-23749","page","type-page","status-publish","hentry"],"_links":{"self":[{"href":"https:\/\/www.orthodiv.org\/fr\/wp-json\/wp\/v2\/pages\/23749","targetHints":{"allow":["GET"]}}],"collection":[{"href":"https:\/\/www.orthodiv.org\/fr\/wp-json\/wp\/v2\/pages"}],"about":[{"href":"https:\/\/www.orthodiv.org\/fr\/wp-json\/wp\/v2\/types\/page"}],"author":[{"embeddable":true,"href":"https:\/\/www.orthodiv.org\/fr\/wp-json\/wp\/v2\/users\/1623"}],"replies":[{"embeddable":true,"href":"https:\/\/www.orthodiv.org\/fr\/wp-json\/wp\/v2\/comments?post=23749"}],"version-history":[{"count":1,"href":"https:\/\/www.orthodiv.org\/fr\/wp-json\/wp\/v2\/pages\/23749\/revisions"}],"predecessor-version":[{"id":23750,"href":"https:\/\/www.orthodiv.org\/fr\/wp-json\/wp\/v2\/pages\/23749\/revisions\/23750"}],"up":[{"embeddable":true,"href":"https:\/\/www.orthodiv.org\/fr\/wp-json\/wp\/v2\/pages\/3115"}],"wp:attachment":[{"href":"https:\/\/www.orthodiv.org\/fr\/wp-json\/wp\/v2\/media?parent=23749"}],"curies":[{"name":"wp","href":"https:\/\/api.w.org\/{rel}","templated":true}]}}