{"id":3085,"date":"2017-12-08T13:15:42","date_gmt":"2017-12-08T18:15:42","guid":{"rendered":"https:\/\/orthodiv.org\/?page_id=3085"},"modified":"2022-08-30T10:13:34","modified_gmt":"2022-08-30T14:13:34","slug":"pourquoi-la-physiotherapie","status":"publish","type":"page","link":"https:\/\/www.orthodiv.org\/fr\/pourquoi-la-physiotherapie\/","title":{"rendered":"Pourquoi rejoindre division d\u2019orthop\u00e9die?"},"content":{"rendered":"<h2>UNE ADH\u00c9SION QUI CR\u00c9E UNE COMMUNAUT\u00c9 ET QUI SOUTIENT VOTRE PRATIQUE<\/h2>\n<p>Ces derni\u00e8res ann\u00e9es, nous avons ajout\u00e9 plusieurs nouvelles offres pour ajouter de la valeur \u00e0 votre adh\u00e9sion tout en offrant aux membres de la formation novatrice reconnue mondialement, des ressources fond\u00e9es sur les donn\u00e9es probantes et des occasions de r\u00e9seautage. Voici quelques avantages que l\u2019adh\u00e9sion vous offre. Joignez la communaut\u00e9!<\/p>\n<p><strong>Ce que l\u2019adh\u00e9sion vous offre :<\/strong><\/p>\n<h5>Faites passer votre pratique au niveau sup\u00e9rieur!<\/h5>\n<p>En plus de notre programme int\u00e9gr\u00e9 de physioth\u00e9rapie musculosquelettique avanc\u00e9e, nous tenons plusieurs \u00e9v\u00e9nements, cours intensifs et webinaires pour soutenir les membres de notre communaut\u00e9 dans leur apprentissage, leur croissance et leur connexion.<\/p>\n<ul class=\"content-list\">\n<li><strong>Webinaires<\/strong>\u00a0: 11 dans la derni\u00e8re ann\u00e9e, dont plus de 90\u00a0% \u00e9taient gratuits pour les membres de la division d\u2019orthop\u00e9die.<\/li>\n<li><strong>S\u00e9ances scientifiques<\/strong>\u00a0: Un plongeon dans des cas difficiles avec des discussions men\u00e9es par des experts en lien avec le cas.<\/li>\n<li><strong>Cours intensifs<\/strong>\u00a0: anim\u00e9s par des leaders et des experts dans la profession de partout au pays!<\/li>\n<li><strong>Symposium d\u2019orthop\u00e9die<\/strong>\u00a0: tenu deux fois par ann\u00e9e pour entrer en contact avec, apprendre de et grandir avec des physioth\u00e9rapeutes parmi les meilleurs de votre domaine.<\/li>\n<li>Occasions <strong>d\u2019apprendre et de participer \u00e0 des participations signifiantes<\/strong> sur des sujets en lien avec l\u2019\u00e9quit\u00e9, la diversit\u00e9, l\u2019inclusion et l\u2019antiracisme gr\u00e2ce \u00e0 des webinaires et d\u2019autres \u00e9v\u00e9nements sur des sujets comme l\u2019antiracisme et l\u2019inclusion des genres au sein de la pratique m\u00e9dicale.<\/li>\n<\/ul>\n<h5>Notre programme int\u00e9gr\u00e9 de physioth\u00e9rapie musculosquelettique avanc\u00e9e<\/h5>\n<ul class=\"content-list\">\n<li>Notre programme int\u00e9gr\u00e9 de physioth\u00e9rapie musculosquelettique avanc\u00e9e mondialement reconnu a \u00e9t\u00e9 r\u00e9vis\u00e9 pour mieux servir les besoins des membres alors que nous nous effor\u00e7ons de continuer \u00e0 \u00eatre des leaders en \u00e9ducation.<\/li>\n<li>Nous mettons nos cours de l\u2019avant pour assurer valeur, excellence et durabilit\u00e9 en offrant\u00a0:\n<ul class=\"content-list\">\n<li>Des examens en ligne,<\/li>\n<li>De mod\u00e8les hybrides d\u2019enseignement,<\/li>\n<li>De nouveaux manuels virtuels pour faciliter les mises \u00e0 jour r\u00e9guli\u00e8res au fur et \u00e0 mesure que nous apprenons<\/li>\n<\/ul>\n<\/li>\n<\/ul>\n<h5>Excellence en mentorat<\/h5>\n<p>Avec notre nouveau module de mentorat obligatoire pour tous les instructeurs accr\u00e9dit\u00e9s et les mentors et seulement offert aux membres, nous sommes heureux de pouvoir mieux outiller les membres pour s\u2019\u00e9panouir dans les relations de mentorat!<\/p>\n<h5>Acc\u00e8s aux recherches actuelles et pertinentes<\/h5>\n<p>Votre adh\u00e9sion vous donne acc\u00e8s complet au JOSPT et \u00e0 la revue clinique de la division d\u2019orthop\u00e9die (RCDO) bimensuelle pour vous aider \u00e0 rester \u00e0 jour avec les donn\u00e9es probantes pertinentes \u00e0 votre pratique.<\/p>\n<h5>R\u00e9seautage<\/h5>\n<p>Il n\u2019y a rien de mieux que de rencontrer des gens qui partagent les m\u00eames id\u00e9es que nous au sein de la profession pour nous \u00e9lever nous-m\u00eames et la communaut\u00e9. Par l\u2019entremise de nombreux \u00e9v\u00e9nements anim\u00e9s tout au long de l\u2019ann\u00e9e, les membres ont l\u2019occasion de rencontrer, d\u2019entrer en contact avec et d\u2019apprendre d\u2019autres qui font des vagues dans notre profession.<\/p>\n<p>&nbsp;<\/p>\n<p>&nbsp;<\/p>\n<img loading=\"lazy\" decoding=\"async\" class=\"wp-image-223 alignleft\" style=\"padding-right: 20px; padding-top: 10px;\" src=\"https:\/\/orthodiv.org\/wp-content\/uploads\/2017\/07\/WhyPhysio-WhoAre-300x200.jpg\" alt=\"\" width=\"401\" height=\"267\" srcset=\"https:\/\/www.orthodiv.org\/wp-content\/uploads\/2017\/07\/WhyPhysio-WhoAre-300x200.jpg 300w, https:\/\/www.orthodiv.org\/wp-content\/uploads\/2017\/07\/WhyPhysio-WhoAre.jpg 600w\" sizes=\"auto, (max-width: 401px) 100vw, 401px\" \/>\n","protected":false},"excerpt":{"rendered":"<p>UNE ADH\u00c9SION QUI CR\u00c9E UNE COMMUNAUT\u00c9 ET QUI SOUTIENT VOTRE PRATIQUE Ces derni\u00e8res ann\u00e9es, nous avons ajout\u00e9 plusieurs nouvelles offres pour ajouter de la valeur \u00e0 votre adh\u00e9sion tout en offrant aux membres de la formation novatrice reconnue mondialement, des ressources fond\u00e9es sur les donn\u00e9es probantes et des occasions de r\u00e9seautage. Voici quelques avantages que&#8230;  <a class=\"excerpt-read-more\" href=\"https:\/\/www.orthodiv.org\/fr\/pourquoi-la-physiotherapie\/\" title=\"LirePourquoi rejoindre division d\u2019orthop\u00e9die?\">Lire la suite &raquo;<\/a><\/p>\n","protected":false},"author":1,"featured_media":0,"parent":0,"menu_order":10,"comment_status":"closed","ping_status":"closed","template":"","meta":{"_bbp_topic_count":0,"_bbp_reply_count":0,"_bbp_total_topic_count":0,"_bbp_total_reply_count":0,"_bbp_voice_count":0,"_bbp_anonymous_reply_count":0,"_bbp_topic_count_hidden":0,"_bbp_reply_count_hidden":0,"_bbp_forum_subforum_count":0,"inline_featured_image":false,"footnotes":""},"class_list":["post-3085","page","type-page","status-publish","hentry"],"_links":{"self":[{"href":"https:\/\/www.orthodiv.org\/fr\/wp-json\/wp\/v2\/pages\/3085","targetHints":{"allow":["GET"]}}],"collection":[{"href":"https:\/\/www.orthodiv.org\/fr\/wp-json\/wp\/v2\/pages"}],"about":[{"href":"https:\/\/www.orthodiv.org\/fr\/wp-json\/wp\/v2\/types\/page"}],"author":[{"embeddable":true,"href":"https:\/\/www.orthodiv.org\/fr\/wp-json\/wp\/v2\/users\/1"}],"replies":[{"embeddable":true,"href":"https:\/\/www.orthodiv.org\/fr\/wp-json\/wp\/v2\/comments?post=3085"}],"version-history":[{"count":4,"href":"https:\/\/www.orthodiv.org\/fr\/wp-json\/wp\/v2\/pages\/3085\/revisions"}],"predecessor-version":[{"id":14969,"href":"https:\/\/www.orthodiv.org\/fr\/wp-json\/wp\/v2\/pages\/3085\/revisions\/14969"}],"wp:attachment":[{"href":"https:\/\/www.orthodiv.org\/fr\/wp-json\/wp\/v2\/media?parent=3085"}],"curies":[{"name":"wp","href":"https:\/\/api.w.org\/{rel}","templated":true}]}}