{"id":3087,"date":"2017-12-08T13:20:04","date_gmt":"2017-12-08T18:20:04","guid":{"rendered":"https:\/\/orthodiv.org\/?page_id=3087"},"modified":"2024-08-20T15:56:35","modified_gmt":"2024-08-20T19:56:35","slug":"la-formation-pour-ameliorer-vos-competences","status":"publish","type":"page","link":"https:\/\/www.orthodiv.org\/fr\/la-formation-pour-ameliorer-vos-competences\/","title":{"rendered":"La formation pour am\u00e9liorer vos comp\u00e9tences"},"content":{"rendered":"<p>La division d&#8217;orthop\u00e9die est l&#8217;un des chefs de file de la formation postdoctorale en orthop\u00e9die au Canada. Elle contribue depuis longtemps \u00e0 la physioth\u00e9rapie orthop\u00e9dique gr\u00e2ce \u00e0 ses efforts de formation.<\/p>\n<p>Forte de la r\u00e9putation qu&#8217;elle s&#8217;est forg\u00e9e en s&#8217;appuyant sur d&#8217;excellents instructeurs et un processus d&#8217;examen rigoureux, la division offre des formations en ligne sur mesure, des webinaires, des ateliers, des cours et des ressources pratiques pour les membres pour un co\u00fbt et un engagement de temps raisonnables. Les membres puisent dans le savoir d&#8217;autres physioth\u00e9rapeutes en exercice et se tiennent inform\u00e9s gr\u00e2ce \u00e0 un programme d&#8217;\u00e9tudes r\u00e9guli\u00e8rement actualis\u00e9 et \u00e0 un programme qui fait la lumi\u00e8re sur un traitement moderne de qualit\u00e9.<\/p>\n<div style=\"text-align: center;\"><iframe loading=\"lazy\" src=\"https:\/\/www.youtube.com\/embed\/3_5n5nVwNa4?rel=0&amp;showinfo=0\" width=\"560\" height=\"315\" frameborder=\"0\" allowfullscreen=\"allowfullscreen\"><\/iframe><\/div>\n<p>La division d&#8217;orthop\u00e9die est reconnue \u00e0 l&#8217;\u00e9chelle mondiale comme \u00e9tant l&#8217;un des programmes accr\u00e9dit\u00e9s par la <a href=\"http:\/\/www.ifompt.org\/\" target=\"_blank\" rel=\"noopener\">International Federation of Orthopaedic Manipulative Physical Therapists (IFOMPT)<\/a>. Le Canada est consid\u00e9r\u00e9 comme l&#8217;un des chefs de file mondiaux de la formation en th\u00e9rapie neuro-musculo-squelettique.<\/p>\n<p>Le programme du cours est d\u00e9crit ci-dessous. Pour vous inscrire au niveau adapt\u00e9 de cours, vous devez cr\u00e9er un compte d&#8217;\u00e9tudiant sur le site \u00e0 l&#8217;aide du code fourni, puis choisir le niveau auquel vous voulez vous inscrire dans <a href=\"https:\/\/orthodiv.org\/fr\/ressources-concernant-les-pratiques-exemplaires\/organisations-connexes\/\">votre section ou unit\u00e9 provinciale<\/a>.<\/p>\n<iframe src=\"\/\/docs.google.com\/viewer?url=https%3A%2F%2Fwww.orthodiv.org%2Fwp-content%2Fuploads%2F2024%2F08%2FChart-of-AIM-courses_AUG_2024FR.pdf&hl=en_US&embedded=true\" class=\"gde-frame\" style=\"width:100%; height:500px; border: none;\" scrolling=\"no\"><\/iframe>\n<p class=\"gde-text\"><a href=\"https:\/\/www.orthodiv.org\/wp-content\/uploads\/2024\/08\/Chart-of-AIM-courses_AUG_2024FR.pdf\" class=\"gde-link\">Download (PDF, Unknown)<\/a><\/p>\n<p>&nbsp;<\/p>\n<p>&nbsp;<\/p>\n<img loading=\"lazy\" decoding=\"async\" class=\"alignright wp-image-228\" src=\"https:\/\/orthodiv.org\/wp-content\/uploads\/2017\/08\/Education-teaching-300x201.jpg\" alt=\"\" width=\"400\" height=\"267\" \/>\n<h2>Comit\u00e9 de formation de la division d&#8217;orthop\u00e9die<\/h2>\n<p>Le <a href=\"https:\/\/orthodiv.org\/fr\/la-division-dorthopedie\/personnel-de-direction\/directeur-du-comite-de-leducation\/\">comit\u00e9 de la formation<\/a> de la division a \u00e9labor\u00e9 la premi\u00e8re version du programme d&#8217;orthop\u00e9die, que le conseil d&#8217;administration de l&#8217;ACP a approuv\u00e9 en 1985. Ce programme, qui repose sur un mod\u00e8le d\u00e9cisionnel fond\u00e9 sur les preuves a \u00e9t\u00e9 r\u00e9guli\u00e8rement r\u00e9vis\u00e9 et mis \u00e0 jour pour refl\u00e9ter les informations les plus r\u00e9centes possible.<\/p>\n<p>Le mandat du comit\u00e9 est de cr\u00e9er, de surveiller et de mettre \u00e0 jour les fins approuv\u00e9es, le programme d&#8217;\u00e9tudes, les politiques et les proc\u00e9dures d&#8217;examen, la pr\u00e9paration des instructeurs et les qualifications approuv\u00e9es. Le comit\u00e9 fournit \u00e9galement un contenu recommand\u00e9 pour les niveaux de cours, ainsi qu&#8217;une description d\u00e9taill\u00e9e du contenu des cours et des examens.<\/p>\n<p>Le comit\u00e9 de l&#8217;\u00e9ducation s&#8217;emploie \u00e0 offrir aux physioth\u00e9rapeutes orthop\u00e9diques des possibilit\u00e9s de perfectionnement professionnel et d&#8217;apprentissage continu partout au Canada. Nous \u00e9laborons le programme que nous nous effor\u00e7ons de promouvoir en fonction d&#8217;un mod\u00e8le d\u00e9cisionnel fond\u00e9 sur les preuves, et ce, afin que les physioth\u00e9rapeutes puissent am\u00e9liorer leurs comp\u00e9tences en mati\u00e8re de traitement et d&#8217;\u00e9valuation, acc\u00e9der aux pratiques exemplaires et collaborer avec une communaut\u00e9 de sp\u00e9cialistes pour un co\u00fbt et un engagement de temps raisonnables.<\/p>\n<h2><\/h2>\n<h2>Apprenez plus sur le programme int\u00e9gr\u00e9 de physioth\u00e9rapie musculoskelettique avanc\u00e9e de la division d\u2019orthop\u00e9die &#8211; janvier 2021<\/h2>\n<p>&nbsp;<\/p>\n<div style=\"text-align: center;\"><iframe loading=\"lazy\" src=\"https:\/\/www.youtube.com\/embed\/9ygc2kI5nsM?rel=0\" width=\"560\" height=\"315\" frameborder=\"0\" allowfullscreen=\"allowfullscreen\"><\/iframe><\/div>\n","protected":false},"excerpt":{"rendered":"<p>La division d&#8217;orthop\u00e9die est l&#8217;un des chefs de file de la formation postdoctorale en orthop\u00e9die au Canada. Elle contribue depuis longtemps \u00e0 la physioth\u00e9rapie orthop\u00e9dique gr\u00e2ce \u00e0 ses efforts de formation. Forte de la r\u00e9putation qu&#8217;elle s&#8217;est forg\u00e9e en s&#8217;appuyant sur d&#8217;excellents instructeurs et un processus d&#8217;examen rigoureux, la division offre des formations en ligne&#8230;  <a class=\"excerpt-read-more\" href=\"https:\/\/www.orthodiv.org\/fr\/la-formation-pour-ameliorer-vos-competences\/\" title=\"LireLa formation pour am\u00e9liorer vos comp\u00e9tences\">Lire la suite &raquo;<\/a><\/p>\n","protected":false},"author":1,"featured_media":0,"parent":0,"menu_order":20,"comment_status":"closed","ping_status":"closed","template":"","meta":{"_bbp_topic_count":0,"_bbp_reply_count":0,"_bbp_total_topic_count":0,"_bbp_total_reply_count":0,"_bbp_voice_count":0,"_bbp_anonymous_reply_count":0,"_bbp_topic_count_hidden":0,"_bbp_reply_count_hidden":0,"_bbp_forum_subforum_count":0,"inline_featured_image":false,"footnotes":""},"class_list":["post-3087","page","type-page","status-publish","hentry"],"_links":{"self":[{"href":"https:\/\/www.orthodiv.org\/fr\/wp-json\/wp\/v2\/pages\/3087","targetHints":{"allow":["GET"]}}],"collection":[{"href":"https:\/\/www.orthodiv.org\/fr\/wp-json\/wp\/v2\/pages"}],"about":[{"href":"https:\/\/www.orthodiv.org\/fr\/wp-json\/wp\/v2\/types\/page"}],"author":[{"embeddable":true,"href":"https:\/\/www.orthodiv.org\/fr\/wp-json\/wp\/v2\/users\/1"}],"replies":[{"embeddable":true,"href":"https:\/\/www.orthodiv.org\/fr\/wp-json\/wp\/v2\/comments?post=3087"}],"version-history":[{"count":9,"href":"https:\/\/www.orthodiv.org\/fr\/wp-json\/wp\/v2\/pages\/3087\/revisions"}],"predecessor-version":[{"id":21479,"href":"https:\/\/www.orthodiv.org\/fr\/wp-json\/wp\/v2\/pages\/3087\/revisions\/21479"}],"wp:attachment":[{"href":"https:\/\/www.orthodiv.org\/fr\/wp-json\/wp\/v2\/media?parent=3087"}],"curies":[{"name":"wp","href":"https:\/\/api.w.org\/{rel}","templated":true}]}}