{"id":3089,"date":"2017-12-08T13:23:51","date_gmt":"2017-12-08T18:23:51","guid":{"rendered":"https:\/\/orthodiv.org\/?page_id=3089"},"modified":"2023-06-19T10:00:10","modified_gmt":"2023-06-19T14:00:10","slug":"demande-dadmission-a-lexamen-de-niveau-avance-en-physiotherapie-manuelle-et-de-manipulation","status":"publish","type":"page","link":"https:\/\/www.orthodiv.org\/fr\/la-formation-pour-ameliorer-vos-competences\/les-formulaires-dexamen\/demande-dadmission-a-lexamen-de-niveau-avance-en-physiotherapie-manuelle-et-de-manipulation\/","title":{"rendered":"Demande d&#8217;admission \u00e0 l&#8217;examen de niveau avanc\u00e9 en physioth\u00e9rapie manuelle et de manipulation"},"content":{"rendered":"<p>Les candidats DOIVENT \u00eatre membres de la division d&#8217;orthop\u00e9die de l\u2019ACP. <strong>AUCUNE EXCEPTION<\/strong><\/p>\n\n","protected":false},"excerpt":{"rendered":"<p>Les candidats DOIVENT \u00eatre membres de la division d&#8217;orthop\u00e9die de l\u2019ACP. AUCUNE EXCEPTION<\/p>\n","protected":false},"author":1,"featured_media":0,"parent":3603,"menu_order":0,"comment_status":"closed","ping_status":"closed","template":"","meta":{"_bbp_topic_count":0,"_bbp_reply_count":0,"_bbp_total_topic_count":0,"_bbp_total_reply_count":0,"_bbp_voice_count":0,"_bbp_anonymous_reply_count":0,"_bbp_topic_count_hidden":0,"_bbp_reply_count_hidden":0,"_bbp_forum_subforum_count":0,"inline_featured_image":false,"footnotes":""},"class_list":["post-3089","page","type-page","status-publish","hentry"],"_links":{"self":[{"href":"https:\/\/www.orthodiv.org\/fr\/wp-json\/wp\/v2\/pages\/3089","targetHints":{"allow":["GET"]}}],"collection":[{"href":"https:\/\/www.orthodiv.org\/fr\/wp-json\/wp\/v2\/pages"}],"about":[{"href":"https:\/\/www.orthodiv.org\/fr\/wp-json\/wp\/v2\/types\/page"}],"author":[{"embeddable":true,"href":"https:\/\/www.orthodiv.org\/fr\/wp-json\/wp\/v2\/users\/1"}],"replies":[{"embeddable":true,"href":"https:\/\/www.orthodiv.org\/fr\/wp-json\/wp\/v2\/comments?post=3089"}],"version-history":[{"count":5,"href":"https:\/\/www.orthodiv.org\/fr\/wp-json\/wp\/v2\/pages\/3089\/revisions"}],"predecessor-version":[{"id":17313,"href":"https:\/\/www.orthodiv.org\/fr\/wp-json\/wp\/v2\/pages\/3089\/revisions\/17313"}],"up":[{"embeddable":true,"href":"https:\/\/www.orthodiv.org\/fr\/wp-json\/wp\/v2\/pages\/3603"}],"wp:attachment":[{"href":"https:\/\/www.orthodiv.org\/fr\/wp-json\/wp\/v2\/media?parent=3089"}],"curies":[{"name":"wp","href":"https:\/\/api.w.org\/{rel}","templated":true}]}}