{"id":3095,"date":"2017-12-08T13:40:30","date_gmt":"2017-12-08T18:40:30","guid":{"rendered":"https:\/\/orthodiv.org\/?page_id=3095"},"modified":"2020-06-26T10:29:54","modified_gmt":"2020-06-26T14:29:54","slug":"possibilites-de-mentorat","status":"publish","type":"page","link":"https:\/\/www.orthodiv.org\/fr\/la-formation-pour-ameliorer-vos-competences\/possibilites-de-mentorat\/","title":{"rendered":"Possibilit\u00e9s de mentorat"},"content":{"rendered":"<p>Conform\u00e9ment aux normes de formation de l\u2019International Federation of Orthopaedic Manipulative Physical Therapists (IFOMPT), le cursus du Programme de physioth\u00e9rapie musculosquelettique int\u00e9gr\u00e9 avanc\u00e9 de la Division d\u2019orthop\u00e9die comprend 150\u00a0heures de mentorat clinique.<\/p>\n<p>Le mentorat encourage un raisonnement clinique avanc\u00e9 et des aptitudes \u00e0 communiquer, pour une \u00e9valuation et une prise en charge efficaces des patients, de m\u00eame que pour l\u2019int\u00e9gration des pratiques fond\u00e9es sur des donn\u00e9es probantes. Le raisonnement clinique est au c\u0153ur de la pratique clinique et un \u00e9l\u00e9ment essentiel du processus de mentorat.<\/p>\n<p>Les mentors de la Division d\u2019orthop\u00e9die ont termin\u00e9 un programme de formation avanc\u00e9 de r\u00e9putation internationale et sont des associ\u00e9s inscrits de la Canadian Academy of Manipulative Physiotherapists. Ils ont acc\u00e8s aux ressources de formation et aux activit\u00e9s de perfectionnement professionnel continu \u00e0 jour.<\/p>\n<p>Le r\u00e9pertoire des mentors peut \u00eatre consult\u00e9 dans le portail des membres, ce qui permet aux \u00e9tudiants de prendre contact avec ces personnes par voie physique ou virtuelle partout au pays.<\/p>\n<p>Les mentors peuvent s\u2019inscrire gratuitement et en tout temps pendant l\u2019ann\u00e9e pour aider un \u00e9tudiant \u00e0 accumuler ses 150\u00a0heures de mentorat requises.<\/p>\n<p><a href=\"https:\/\/orthodiv.org\/fr\/creation-de-compte\/connexion\/\">Inscription au mentor.<\/a><\/p>\n","protected":false},"excerpt":{"rendered":"<p>Conform\u00e9ment aux normes de formation de l\u2019International Federation of Orthopaedic Manipulative Physical Therapists (IFOMPT), le cursus du Programme de physioth\u00e9rapie musculosquelettique int\u00e9gr\u00e9 avanc\u00e9 de la Division d\u2019orthop\u00e9die comprend 150\u00a0heures de mentorat clinique. Le mentorat encourage un raisonnement clinique avanc\u00e9 et des aptitudes \u00e0 communiquer, pour une \u00e9valuation et une prise en charge efficaces des patients,&#8230;  <a class=\"excerpt-read-more\" href=\"https:\/\/www.orthodiv.org\/fr\/la-formation-pour-ameliorer-vos-competences\/possibilites-de-mentorat\/\" title=\"LirePossibilit\u00e9s de mentorat\">Lire la suite &raquo;<\/a><\/p>\n","protected":false},"author":1,"featured_media":0,"parent":3087,"menu_order":350,"comment_status":"closed","ping_status":"closed","template":"","meta":{"_bbp_topic_count":0,"_bbp_reply_count":0,"_bbp_total_topic_count":0,"_bbp_total_reply_count":0,"_bbp_voice_count":0,"_bbp_anonymous_reply_count":0,"_bbp_topic_count_hidden":0,"_bbp_reply_count_hidden":0,"_bbp_forum_subforum_count":0,"inline_featured_image":false,"footnotes":""},"class_list":["post-3095","page","type-page","status-publish","hentry"],"_links":{"self":[{"href":"https:\/\/www.orthodiv.org\/fr\/wp-json\/wp\/v2\/pages\/3095","targetHints":{"allow":["GET"]}}],"collection":[{"href":"https:\/\/www.orthodiv.org\/fr\/wp-json\/wp\/v2\/pages"}],"about":[{"href":"https:\/\/www.orthodiv.org\/fr\/wp-json\/wp\/v2\/types\/page"}],"author":[{"embeddable":true,"href":"https:\/\/www.orthodiv.org\/fr\/wp-json\/wp\/v2\/users\/1"}],"replies":[{"embeddable":true,"href":"https:\/\/www.orthodiv.org\/fr\/wp-json\/wp\/v2\/comments?post=3095"}],"version-history":[{"count":1,"href":"https:\/\/www.orthodiv.org\/fr\/wp-json\/wp\/v2\/pages\/3095\/revisions"}],"predecessor-version":[{"id":9338,"href":"https:\/\/www.orthodiv.org\/fr\/wp-json\/wp\/v2\/pages\/3095\/revisions\/9338"}],"up":[{"embeddable":true,"href":"https:\/\/www.orthodiv.org\/fr\/wp-json\/wp\/v2\/pages\/3087"}],"wp:attachment":[{"href":"https:\/\/www.orthodiv.org\/fr\/wp-json\/wp\/v2\/media?parent=3095"}],"curies":[{"name":"wp","href":"https:\/\/api.w.org\/{rel}","templated":true}]}}