{"id":3097,"date":"2017-12-08T13:43:11","date_gmt":"2017-12-08T18:43:11","guid":{"rendered":"https:\/\/orthodiv.org\/?page_id=3097"},"modified":"2025-09-11T16:23:07","modified_gmt":"2025-09-11T20:23:07","slug":"prochains-cours","status":"publish","type":"page","link":"https:\/\/www.orthodiv.org\/fr\/la-formation-pour-ameliorer-vos-competences\/prochains-cours\/","title":{"rendered":"Prochains cours"},"content":{"rendered":"<p><strong>Le niveau 1 est le point d\u2019entr\u00e9e au syst\u00e8me \u00e9ducatif de niveau AIM de la division orthop\u00e9dique. Vous devez terminer le niveau 1 avant de passer au niveau 2 (sup\u00e9rieur ou inf\u00e9rieur).<\/strong><\/p>\n<h3 style=\"text-align: center;\"><a class=\"greenBtn\" href=\"https:\/\/www.orthodiv.org\/fr\/la-formation-pour-ameliorer-vos-competences\/aim-niveau-1\/\">\u00a0 AIM Niveau 1\u00a0\u00a0<\/a><\/h3>\n<p>&nbsp;<\/p>\n<style>#sp-ea-21520 .spcollapsing { height: 0; overflow: hidden; transition-property: height;transition-duration: 300ms;}#sp-ea-21520.sp-easy-accordion>.sp-ea-single {margin-bottom: 10px; border: 1px solid #e2e2e2; }#sp-ea-21520.sp-easy-accordion>.sp-ea-single>.ea-header a {color: #444;}#sp-ea-21520.sp-easy-accordion>.sp-ea-single>.sp-collapse>.ea-body {background: #fff; color: #444;}#sp-ea-21520.sp-easy-accordion>.sp-ea-single {background: transparent;}#sp-ea-21520.sp-easy-accordion>.sp-ea-single>.ea-header a .ea-expand-icon { float: right; color: #444;font-size: 16px;}#sp-ea-21520.sp-easy-accordion>.sp-ea-single>.ea-header a .ea-expand-icon {margin-right: 0;}<\/style><div id=\"sp_easy_accordion-1697637057\"><div id=\"sp-ea-21520\" class=\"sp-ea-one sp-easy-accordion\" data-ea-active=\"ea-click\" data-ea-mode=\"vertical\" data-preloader=\"\" data-scroll-active-item=\"\" data-offset-to-scroll=\"0\"><div class=\"ea-card sp-ea-single\"><h3 class=\"ea-header\"><a class=\"collapsed\" id=\"ea-header-215200\" role=\"button\" data-sptoggle=\"spcollapse\" data-sptarget=\"#collapse215200\" aria-controls=\"collapse215200\" href=\"#\" aria-expanded=\"false\" tabindex=\"0\"><i aria-hidden=\"true\" role=\"presentation\" class=\"ea-expand-icon eap-icon-ea-expand-plus\"><\/i> Cours d\u2019introduction \u00e0 la recherche clinique en ligne<\/a><\/h3><div class=\"sp-collapse spcollapse spcollapse\" id=\"collapse215200\" data-parent=\"#sp-ea-21520\" role=\"region\" aria-labelledby=\"ea-header-215200\"> <div class=\"ea-body\"><p>Tous\u00a0les participants qui se sont inscrits \u00e0 notre programme de formation en physioth\u00e9rapie musculosquelettique avanc\u00e9e doivent obligatoirement faire le cours\u00a0Introduction \u00e0 la recherche\u00a0clinique\u00a0appliqu\u00e9e\u00a0\u00e0 la\u00a0physioth\u00e9rapie musculosquelettique avanc\u00e9e avant de\u00a0s\u2019inscrire \u00e0 l\u2019examen avanc\u00e9. Ce cours\u00a0en\u00a0fran\u00e7ais est donn\u00e9\u00a0par l\u2019Universit\u00e9 Laval\u00a0toutes les sessions d\u2019hiver. La p\u00e9riode d\u2019inscription est ouverte \u00e0 l\u2019automne jusqu\u2019\u00e0 la mi-d\u00e9cembre environ (la date limite exacte est variable\u00a0chaque ann\u00e9e et sera inscrite sur le formulaire d\u2019inscription en ligne de la formation).<\/p><div><p><span class=\"im\"><strong>TITRE : Introduction \u00e0 la recherche\u00a0clinique\u00a0appliqu\u00e9e\u00a0\u00e0 la\u00a0physioth\u00e9rapie manuelle\u00a0orthop\u00e9dique<\/strong>\u00a0<\/span><\/p><div><p>Description de la formation et lien\u00a0d\u2019inscription\u00a0\u00e0 l\u2019automne sous\u00a0\u00ab\u00a0Autoformation\u201d:\u00a0<a href=\"https:\/\/extranet.fmed.ulaval.ca\/FormationContinue\/CalendrierFormations.asp\" target=\"_blank\" rel=\"noopener\" data-saferedirecturl=\"https:\/\/www.google.com\/url?q=https:\/\/extranet.fmed.ulaval.ca\/FormationContinue\/CalendrierFormations.asp&amp;source=gmail&amp;ust=1681933379914000&amp;usg=AOvVaw1mX6MGpiDspkDbrfpQAPS9\">https:\/\/extranet.fmed.ulaval.ca\/FormationContinue\/CalendrierFormations.asp<\/a><\/p><\/div><\/div><p><a href=\"https:\/\/www.orthodiv.org\/wp-content\/uploads\/2017\/05\/Prog_rech-clinique_DOACP_20231024.pdf\" target=\"_blank\" rel=\"noopener\">Introduction a\u0300 la recherche clinique<\/a>\u00a0(pdf)<\/p><\/div><\/div><\/div><\/div><\/div>\n<h2><\/h2>\n<hr \/>\n<h2>Liste des cours en Fran\u00e7ais donn\u00e9s par l\u2019AQPMA<\/h2>\n<p>Cours en fran\u00e7ais &#8211;<a href=\"https:\/\/www.aqpma.ca\/curriculum\/\">Cliquez ici<\/a><\/p>\n<h2>Liste des cours en Anglais<\/h2>\n<p>Pour filtrer les r\u00e9sultats de la liste, vous pouvez choisir un emplacement, un programme ou des cours hors programme, et un niveau.<\/p>\n<p style=\"background-color: #f9e79f; padding: 10px;\">Nous sommes heureux d\u2019annoncer la reprise du syst\u00e8me de cours du programme de physioth\u00e9rapie musculosquelettique int\u00e9gr\u00e9 et avanc\u00e9 (AIM) sous forme hybride, combinant un enseignement interactif en ligne \u00e0 un perfectionnement des comp\u00e9tences techniques en salle. V\u00e9rifiez r\u00e9guli\u00e8rement cette page pour conna\u00eetre les cours offerts dans votre r\u00e9gion<\/p>\n<form id=\"job_search\" name=\"career_search\" action=\"https:\/\/www.orthodiv.org\/fr\/la-formation-pour-ameliorer-vos-competences\/prochains-cours\/#listing\" method=\"get\"><div class=\"row cf\"><div class=\"col-m-12 col-t-6\"><label for=\"loc\">Choose a Location<\/label><select name=\"loc\" id=\"loc\"><option value = \"\" class=\"all-option\" >Choose a Location<\/option><option value=\"14\" data-Level3Upper=\"5\" data-Level2Upper=\"5\" data-Level4=\"1\" data-Level2Lower=\"5\" data-Level3Lower=\"2\" data-Level5=\"3\">Alberta<\/option><option value=\"15\" data-Level2Lower=\"6\" data-Level2Upper=\"6\" data-Level3Upper=\"2\" data-Level3Lower=\"5\" data-Level5=\"2\" data-Level4=\"2\">British Columbia<\/option><option value=\"129\">International \/ Outside Canada<\/option><option value=\"13\" data-Level2Upper=\"2\" data-Level3Upper=\"1\" data-Level2Lower=\"2\" data-Level3Lower=\"1\">Manitoba<\/option><option value=\"19\" data-Level2Upper=\"1\" data-Level2Lower=\"1\">New Brunswick<\/option><option value=\"24\" data-Level2Upper=\"2\" data-Level3Upper=\"2\" data-Level2Lower=\"1\">Newfoundland and Labrador<\/option><option value=\"21\">Northwest Territories<\/option><option value=\"18\" data-Level2Upper=\"4\" data-Level3Lower=\"4\" data-Level3Upper=\"3\" data-Level2Lower=\"3\" data-Level5=\"1\">Nova Scotia<\/option><option value=\"23\">Nunavut<\/option><option value=\"121\">Online<\/option><option value=\"12\" data-Level2Upper=\"11\" data-Level3Upper=\"8\" data-Level2Lower=\"12\" data-Level5=\"4\" data-Level3Lower=\"8\" data-Level4=\"3\">Ontario<\/option><option value=\"22\">Prince Edward Island<\/option><option value=\"20\">Quebec<\/option><option value=\"92\" data-Level2Upper=\"1\" data-Level2Lower=\"1\" data-Level3Upper=\"1\">Saskatchewan<\/option><option value=\"16\">Yukon<\/option><\/select><\/div><div class=\"col-m-12 col-t-6\"><label class=\"syl-label\"><input type=\"radio\" id=\"syllabusany\" name=\"syllabus\" value=\"any\">Any<\/label><label class=\"syl-label\"><input type=\"radio\" id=\"syllabusaim\" name=\"syllabus\" value=\"yes\"checked=\"checked\">AIM Level Courses<\/label><label class=\"syl-label\"><input type=\"radio\" id=\"syllabusaec\" name=\"syllabus\" value=\"aec\">Adjunct Education Courses<\/label><label class=\"syl-label\"><input type=\"radio\" id=\"syllabusoff\" name=\"syllabus\" value=\"no\">Non-NOD Courses<\/label><select name=\"syl\" id=\"syl\"><option value>Choose Level<\/option><option class=\"Level1\" value=\"Level 1\">Niveau 1<\/option><option class=\"Level2Lower\" value=\"Level 2 Lower\">Niveau 2 inf\u00e9rieur<\/option><option class=\"Level2Upper\" value=\"Level 2 Upper\">Niveau 2 sup\u00e9rieur<\/option><option class=\"Level3Lower\" value=\"Level 3 Lower\">Niveau 3 inf\u00e9rieur<\/option><option class=\"Level3Upper\" value=\"Level 3 Upper\">Niveau 3 sup\u00e9rieur<\/option><option class=\"Level4\" value=\"Level 4\">Niveau 4<\/option><option class=\"Level5\" value=\"Level 5\">Niveau 5<\/option><\/select><\/div><div class=\"btn-wrap\"><input class=\"blue-btn\" type=\"submit\" value=\"Search\"><\/div><\/div><\/form><div id=\"listing\"><div class=\"item\"><div class=\"row cf\"><div class=\"col-m-12 col-t-4 title cf\"><a href=\"https:\/\/www.orthodiv.org\/fr\/course\/aim-level-2-upper-43\/\">AIM Level 2 Upper<\/a><span><strong>Type:<\/strong>AIM Level Courses<\/span><\/div><div class=\"col-m-12 col-t-3 location cf\"><span><strong>Location:<\/strong>Halifax & Dartmouth, Nova Scotia<\/span><span><strong>Niveau:<\/strong>Level 2 Upper<\/span><\/div><div class=\"col-m-12 col-t-3 dates cf\"><span><strong>Start Date:<\/strong>September 1, 2026<\/span><\/div><div class=\"col-m-12 col-t-2 apply cf\"><a class=\"blue-btn\" href=\"https:\/\/www.orthodiv.org\/fr\/course\/aim-level-2-upper-43\/\">Details<\/a><\/div><\/div><\/div><div class=\"item\"><div class=\"row cf\"><div class=\"col-m-12 col-t-4 title cf\"><a href=\"https:\/\/www.orthodiv.org\/fr\/course\/aim-level-2-lower-50\/\">AIM Level 2 Lower<\/a><span><strong>Type:<\/strong>AIM Level Courses<\/span><\/div><div class=\"col-m-12 col-t-3 location cf\"><span><strong>Location:<\/strong>Burlington, Ontario<\/span><span><strong>Niveau:<\/strong>Level 2 Lower<\/span><\/div><div class=\"col-m-12 col-t-3 dates cf\"><span><strong>Start Date:<\/strong>September 2, 2026<\/span><\/div><div class=\"col-m-12 col-t-2 apply cf\"><a class=\"blue-btn\" href=\"https:\/\/www.orthodiv.org\/fr\/course\/aim-level-2-lower-50\/\">Details<\/a><\/div><\/div><\/div><div class=\"item\"><div class=\"row cf\"><div class=\"col-m-12 col-t-4 title cf\"><a href=\"https:\/\/www.orthodiv.org\/fr\/course\/aim-level-2-lower-48\/\">AIM Level 2 Lower<\/a><span><strong>Type:<\/strong>AIM Level Courses<\/span><\/div><div class=\"col-m-12 col-t-3 location cf\"><span><strong>Location:<\/strong>London, Ontario<\/span><span><strong>Niveau:<\/strong>Level 2 Lower<\/span><\/div><div class=\"col-m-12 col-t-3 dates cf\"><span><strong>Start Date:<\/strong>September 8, 2026<\/span><\/div><div class=\"col-m-12 col-t-2 apply cf\"><a class=\"blue-btn\" href=\"https:\/\/www.orthodiv.org\/fr\/course\/aim-level-2-lower-48\/\">Details<\/a><\/div><\/div><\/div><div class=\"item\"><div class=\"row cf\"><div class=\"col-m-12 col-t-4 title cf\"><a href=\"https:\/\/www.orthodiv.org\/fr\/course\/aim-level-2-upper-40\/\">AIM Level 2 Upper<\/a><span><strong>Type:<\/strong>AIM Level Courses<\/span><\/div><div class=\"col-m-12 col-t-3 location cf\"><span><strong>Location:<\/strong>Saskatoon, Saskatchewan<\/span><span><strong>Niveau:<\/strong>Level 2 Upper<\/span><\/div><div class=\"col-m-12 col-t-3 dates cf\"><span><strong>Start Date:<\/strong>September 9, 2026<\/span><\/div><div class=\"col-m-12 col-t-2 apply cf\"><a class=\"blue-btn\" href=\"https:\/\/www.orthodiv.org\/fr\/course\/aim-level-2-upper-40\/\">Details<\/a><\/div><\/div><\/div><div class=\"item\"><div class=\"row cf\"><div class=\"col-m-12 col-t-4 title cf\"><a href=\"https:\/\/www.orthodiv.org\/fr\/course\/aim-level-2-upper-41\/\">AIM Level 2 Upper<\/a><span><strong>Type:<\/strong>AIM Level Courses<\/span><\/div><div class=\"col-m-12 col-t-3 location cf\"><span><strong>Location:<\/strong>Toronto, Ontario<\/span><span><strong>Niveau:<\/strong>Level 2 Upper<\/span><\/div><div class=\"col-m-12 col-t-3 dates cf\"><span><strong>Start Date:<\/strong>September 9, 2026<\/span><\/div><div class=\"col-m-12 col-t-2 apply cf\"><a class=\"blue-btn\" href=\"https:\/\/www.orthodiv.org\/fr\/course\/aim-level-2-upper-41\/\">Details<\/a><\/div><\/div><\/div><div class=\"item\"><div class=\"row cf\"><div class=\"col-m-12 col-t-4 title cf\"><a href=\"https:\/\/www.orthodiv.org\/fr\/course\/aim-level-2-lower-bc-fall-2026\/\">AIM Level 2 Lower &#8211; BC Fall 2026<\/a><span><strong>Type:<\/strong>AIM Level Courses<\/span><\/div><div class=\"col-m-12 col-t-3 location cf\"><span><strong>Location:<\/strong>Vancouver, British Columbia<\/span><span><strong>Niveau:<\/strong>Level 2 Lower<\/span><\/div><div class=\"col-m-12 col-t-3 dates cf\"><span><strong>Start Date:<\/strong>September 10, 2026<\/span><\/div><div class=\"col-m-12 col-t-2 apply cf\"><a class=\"blue-btn\" href=\"https:\/\/www.orthodiv.org\/fr\/course\/aim-level-2-lower-bc-fall-2026\/\">Details<\/a><\/div><\/div><\/div><div class=\"item\"><div class=\"row cf\"><div class=\"col-m-12 col-t-4 title cf\"><a href=\"https:\/\/www.orthodiv.org\/fr\/course\/aim-level-3-lower-34\/\">AIM Level 3 Lower<\/a><span><strong>Type:<\/strong>AIM Level Courses<\/span><\/div><div class=\"col-m-12 col-t-3 location cf\"><span><strong>Location:<\/strong>London, Ontario<\/span><span><strong>Niveau:<\/strong>Level 3 Lower<\/span><\/div><div class=\"col-m-12 col-t-3 dates cf\"><span><strong>Start Date:<\/strong>September 15, 2026<\/span><\/div><div class=\"col-m-12 col-t-2 apply cf\"><a class=\"blue-btn\" href=\"https:\/\/www.orthodiv.org\/fr\/course\/aim-level-3-lower-34\/\">Details<\/a><\/div><\/div><\/div><div class=\"item\"><div class=\"row cf\"><div class=\"col-m-12 col-t-4 title cf\"><a href=\"https:\/\/www.orthodiv.org\/fr\/course\/aim-level-2-upper-42\/\">AIM Level 2 Upper<\/a><span><strong>Type:<\/strong>AIM Level Courses<\/span><\/div><div class=\"col-m-12 col-t-3 location cf\"><span><strong>Location:<\/strong>Calgary, Alberta<\/span><span><strong>Niveau:<\/strong>Level 2 Upper<\/span><\/div><div class=\"col-m-12 col-t-3 dates cf\"><span><strong>Start Date:<\/strong>September 16, 2026<\/span><\/div><div class=\"col-m-12 col-t-2 apply cf\"><a class=\"blue-btn\" href=\"https:\/\/www.orthodiv.org\/fr\/course\/aim-level-2-upper-42\/\">Details<\/a><\/div><\/div><\/div><div class=\"item\"><div class=\"row cf\"><div class=\"col-m-12 col-t-4 title cf\"><a href=\"https:\/\/www.orthodiv.org\/fr\/course\/aim-level-3-upper-31\/\">AIM Level 3 Upper<\/a><span><strong>Type:<\/strong>AIM Level Courses<\/span><\/div><div class=\"col-m-12 col-t-3 location cf\"><span><strong>Location:<\/strong>Vancouver, British Columbia<\/span><span><strong>Niveau:<\/strong>Level 3 Upper<\/span><\/div><div class=\"col-m-12 col-t-3 dates cf\"><span><strong>Start Date:<\/strong>September 18, 2026<\/span><\/div><div class=\"col-m-12 col-t-2 apply cf\"><a class=\"blue-btn\" href=\"https:\/\/www.orthodiv.org\/fr\/course\/aim-level-3-upper-31\/\">Details<\/a><\/div><\/div><\/div><div class=\"item\"><div class=\"row cf\"><div class=\"col-m-12 col-t-4 title cf\"><a href=\"https:\/\/www.orthodiv.org\/fr\/course\/aim-level-3-upper-33\/\">AIM Level 3 Upper<\/a><span><strong>Type:<\/strong>AIM Level Courses<\/span><\/div><div class=\"col-m-12 col-t-3 location cf\"><span><strong>Location:<\/strong>Ottawa, Ontario<\/span><span><strong>Niveau:<\/strong>Level 3 Upper<\/span><\/div><div class=\"col-m-12 col-t-3 dates cf\"><span><strong>Start Date:<\/strong>September 22, 2026<\/span><\/div><div class=\"col-m-12 col-t-2 apply cf\"><a class=\"blue-btn\" href=\"https:\/\/www.orthodiv.org\/fr\/course\/aim-level-3-upper-33\/\">Details<\/a><\/div><\/div><\/div><\/div><nav class=\"pagination\"><ul class='page-numbers'>\n\t<li><span aria-current=\"page\" class=\"page-numbers current\">1<\/span><\/li>\n\t<li><a class=\"page-numbers\" href=\"https:\/\/www.orthodiv.org\/fr\/wp-json\/wp\/v2\/pages\/3097\/page\/2\/\">2<\/a><\/li>\n\t<li><a class=\"next page-numbers\" href=\"https:\/\/www.orthodiv.org\/fr\/wp-json\/wp\/v2\/pages\/3097\/page\/2\/\"><span class=\"fa fa-arrow-right\" aria-hidden=\"true\"><\/span><\/a><\/li>\n<\/ul>\n<\/nav>\n","protected":false},"excerpt":{"rendered":"<p>Le niveau 1 est le point d\u2019entr\u00e9e au syst\u00e8me \u00e9ducatif de niveau AIM de la division orthop\u00e9dique. Vous devez terminer le niveau 1 avant de passer au niveau 2 (sup\u00e9rieur ou inf\u00e9rieur). \u00a0 AIM Niveau 1\u00a0\u00a0 &nbsp; Liste des cours en Fran\u00e7ais donn\u00e9s par l\u2019AQPMA Cours en fran\u00e7ais &#8211;Cliquez ici Liste des cours en Anglais&#8230;  <a class=\"excerpt-read-more\" href=\"https:\/\/www.orthodiv.org\/fr\/course\/aim-level-3-upper-33\/\" title=\"LireAIM Level 3 Upper\">Lire la suite &raquo;<\/a><\/p>\n","protected":false},"author":1,"featured_media":0,"parent":3087,"menu_order":11,"comment_status":"closed","ping_status":"closed","template":"","meta":{"_bbp_topic_count":0,"_bbp_reply_count":0,"_bbp_total_topic_count":0,"_bbp_total_reply_count":0,"_bbp_voice_count":0,"_bbp_anonymous_reply_count":0,"_bbp_topic_count_hidden":0,"_bbp_reply_count_hidden":0,"_bbp_forum_subforum_count":0,"inline_featured_image":false,"footnotes":""},"class_list":["post-3097","page","type-page","status-publish","hentry"],"_links":{"self":[{"href":"https:\/\/www.orthodiv.org\/fr\/wp-json\/wp\/v2\/pages\/3097","targetHints":{"allow":["GET"]}}],"collection":[{"href":"https:\/\/www.orthodiv.org\/fr\/wp-json\/wp\/v2\/pages"}],"about":[{"href":"https:\/\/www.orthodiv.org\/fr\/wp-json\/wp\/v2\/types\/page"}],"author":[{"embeddable":true,"href":"https:\/\/www.orthodiv.org\/fr\/wp-json\/wp\/v2\/users\/1"}],"replies":[{"embeddable":true,"href":"https:\/\/www.orthodiv.org\/fr\/wp-json\/wp\/v2\/comments?post=3097"}],"version-history":[{"count":20,"href":"https:\/\/www.orthodiv.org\/fr\/wp-json\/wp\/v2\/pages\/3097\/revisions"}],"predecessor-version":[{"id":23166,"href":"https:\/\/www.orthodiv.org\/fr\/wp-json\/wp\/v2\/pages\/3097\/revisions\/23166"}],"up":[{"embeddable":true,"href":"https:\/\/www.orthodiv.org\/fr\/wp-json\/wp\/v2\/pages\/3087"}],"wp:attachment":[{"href":"https:\/\/www.orthodiv.org\/fr\/wp-json\/wp\/v2\/media?parent=3097"}],"curies":[{"name":"wp","href":"https:\/\/api.w.org\/{rel}","templated":true}]}}