{"id":3099,"date":"2017-12-08T13:46:26","date_gmt":"2017-12-08T18:46:26","guid":{"rendered":"https:\/\/orthodiv.org\/?page_id=3099"},"modified":"2017-12-08T13:47:42","modified_gmt":"2017-12-08T18:47:42","slug":"afficher-un-cours-en-ligne","status":"publish","type":"page","link":"https:\/\/www.orthodiv.org\/fr\/la-formation-pour-ameliorer-vos-competences\/afficher-un-cours-en-ligne\/","title":{"rendered":"Afficher un cours en ligne"},"content":{"rendered":"<p>Veuillez utiliser le formulaire ci-dessous pour soumettre votre cours \u00e0 notre site Web. Des frais de 25 $ sont per\u00e7us pour un r\u00e9f\u00e9rencement de 3 mois au maximum. Si vous souhaitez qu&#8217;un courriel soit envoy\u00e9 \u00e0 tous les membres de la division d&#8217;orthop\u00e9die (bulletin \u00e9clair) avec le contenu de votre message, les frais se montent \u00e0 55 $. Un courriel par cours affich\u00e9 est envoy\u00e9 avec le paiement de ces frais suppl\u00e9mentaires. Les bulletins \u00e9clair sont envoy\u00e9s environ tous les quinze jours.<\/p>\n<p>Si vous d\u00e9sirez des bulletins \u00e9clair de suivi pour le m\u00eame cours pendant les trois mois de r\u00e9f\u00e9rencement sur le site Web, <a href=\"https:\/\/orthodiv.org\/fr\/la-division-dorthopedie\/pour-nous-joindre\/\">communiquez avec nous<\/a>. Des frais de 40 $ sont per\u00e7us pour chaque bulletin \u00e9clair suppl\u00e9mentaire.<\/p>\n<p><strong>REMARQUE :<\/strong> lors de l&#8217;affichage de cours EN LIGNE, veuillez choisir \u00ab COURS HORS PROGRAMME EN LIGNE OU INTERNATIONAUX \u00bb et saisir \u00ab En ligne \u00bb dans le champ \u00ab \u00c9tat\/r\u00e9gion \u00bb.<\/p>\n<p><strong>REMARQUE :<\/strong> N&#8217;indiquez pas plusieurs cours sur un m\u00eame formulaire, qui ne doit contenir que les cours \u00e0 un m\u00eame endroit.<\/p>\n<p>Pour toutes questions ou pr\u00e9occupations concernant le r\u00e9f\u00e9rencement de cours, communiquez avec Jennifer MacMillan par courriel \u00e0 l&#8217;adresse <a href=\"mailto:info@orthodiv.org\">info@orthodiv.org<\/a>.<\/p>\n<p>Les champs suivis d&#8217;un ast\u00e9risque (\u00ab * \u00bb) sont obligatoires.<\/p>\n\n","protected":false},"excerpt":{"rendered":"<p>Veuillez utiliser le formulaire ci-dessous pour soumettre votre cours \u00e0 notre site Web. Des frais de 25 $ sont per\u00e7us pour un r\u00e9f\u00e9rencement de 3 mois au maximum. Si vous souhaitez qu&#8217;un courriel soit envoy\u00e9 \u00e0 tous les membres de la division d&#8217;orthop\u00e9die (bulletin \u00e9clair) avec le contenu de votre message, les frais se montent&#8230;  <a class=\"excerpt-read-more\" href=\"https:\/\/www.orthodiv.org\/fr\/la-formation-pour-ameliorer-vos-competences\/afficher-un-cours-en-ligne\/\" title=\"LireAfficher un cours en ligne\">Lire la suite &raquo;<\/a><\/p>\n","protected":false},"author":1,"featured_media":0,"parent":3087,"menu_order":10,"comment_status":"closed","ping_status":"closed","template":"","meta":{"_bbp_topic_count":0,"_bbp_reply_count":0,"_bbp_total_topic_count":0,"_bbp_total_reply_count":0,"_bbp_voice_count":0,"_bbp_anonymous_reply_count":0,"_bbp_topic_count_hidden":0,"_bbp_reply_count_hidden":0,"_bbp_forum_subforum_count":0,"inline_featured_image":false,"footnotes":""},"class_list":["post-3099","page","type-page","status-publish","hentry"],"_links":{"self":[{"href":"https:\/\/www.orthodiv.org\/fr\/wp-json\/wp\/v2\/pages\/3099","targetHints":{"allow":["GET"]}}],"collection":[{"href":"https:\/\/www.orthodiv.org\/fr\/wp-json\/wp\/v2\/pages"}],"about":[{"href":"https:\/\/www.orthodiv.org\/fr\/wp-json\/wp\/v2\/types\/page"}],"author":[{"embeddable":true,"href":"https:\/\/www.orthodiv.org\/fr\/wp-json\/wp\/v2\/users\/1"}],"replies":[{"embeddable":true,"href":"https:\/\/www.orthodiv.org\/fr\/wp-json\/wp\/v2\/comments?post=3099"}],"version-history":[{"count":0,"href":"https:\/\/www.orthodiv.org\/fr\/wp-json\/wp\/v2\/pages\/3099\/revisions"}],"up":[{"embeddable":true,"href":"https:\/\/www.orthodiv.org\/fr\/wp-json\/wp\/v2\/pages\/3087"}],"wp:attachment":[{"href":"https:\/\/www.orthodiv.org\/fr\/wp-json\/wp\/v2\/media?parent=3099"}],"curies":[{"name":"wp","href":"https:\/\/api.w.org\/{rel}","templated":true}]}}