{"id":3103,"date":"2017-12-08T13:53:36","date_gmt":"2017-12-08T18:53:36","guid":{"rendered":"https:\/\/orthodiv.org\/?page_id=3103"},"modified":"2018-04-25T15:39:41","modified_gmt":"2018-04-25T19:39:41","slug":"ressources-concernant-les-pratiques-exemplaires","status":"publish","type":"page","link":"https:\/\/www.orthodiv.org\/fr\/ressources-concernant-les-pratiques-exemplaires\/","title":{"rendered":"Ressources concernant les pratiques exemplaires"},"content":{"rendered":"<p>Les membres ont acc\u00e8s \u00e0 certaines des derni\u00e8res publications, revues et \u00e0 un contenu exclusif r\u00e9serv\u00e9 gr\u00e2ce \u00e0 notre vaste biblioth\u00e8que de ressources. Tenez-vous au courant des derni\u00e8res tendances en mati\u00e8re de physioth\u00e9rapie orthop\u00e9dique et obtenez de l&#8217;information sur les pratiques exemplaires de traitement et d&#8217;exercice fond\u00e9 sur l&#8217;exp\u00e9rience clinique.<\/p>\n<p><a href=\"https:\/\/orthodiv.org\/fr\/la-formation-pour-ameliorer-vos-competences\/possibilites-de-mentorat\/\" target=\"_blank\" rel=\"noopener\">Par l&#8217;interm\u00e9diaire des secteurs locaux, des organisations affili\u00e9es et d&#8217;autres groupes connexes<\/a>, tous engag\u00e9s \u00e0 promouvoir l&#8217;avancement de la physioth\u00e9rapie partout au Canada, les membres ont \u00e9galement acc\u00e8s \u00e0 de nombreux \u00e9v\u00e9nements et possibilit\u00e9s.<\/p>\n<h2>Journaux<\/h2>\n<h3>\u00ab\u2009Orthopaedic Division Review\u2009\u00bb<\/h3>\n<p><img loading=\"lazy\" decoding=\"async\" class=\"alignright wp-image-233\" src=\"https:\/\/orthodiv.org\/wp-content\/uploads\/2017\/08\/resources-journals-stack-300x200.jpg\" alt=\"\" width=\"400\" height=\"267\" srcset=\"https:\/\/www.orthodiv.org\/wp-content\/uploads\/2017\/08\/resources-journals-stack-300x200.jpg 300w, https:\/\/www.orthodiv.org\/wp-content\/uploads\/2017\/08\/resources-journals-stack.jpg 600w\" sizes=\"auto, (max-width: 400px) 100vw, 400px\" \/><br \/>\n\u00ab Orthopedic Division Review \u00bb (ODR) offre une tribune aux analyses r\u00e9fl\u00e9chies de la communaut\u00e9 de physioth\u00e9rapie orthop\u00e9dique au Canada de fa\u00e7on officielle avec des contributions \u00e9crites et de fa\u00e7on informelle en encourageant la r\u00e9flexion et le dialogue au sein du lectorat. Chaque num\u00e9ro comprend des r\u00e9impressions d&#8217;articles et de r\u00e9sum\u00e9s, ainsi que des observations \u00e9crites originales de physioth\u00e9rapeutes portant sur un sujet cliniquement pertinent \u00e0 la physioth\u00e9rapie orthop\u00e9dique. La publication comprend \u00e9galement une liste des cours de formation continue \u00e0 venir et des nouvelles concernant les enjeux politiques auxquels la division est confront\u00e9e. Cette publication sort quatre fois par an et est lue par plus de 4 500 membres de la division d&#8217;orthop\u00e9die dans le monde entier. La contribution des membres est toujours encourag\u00e9e.<\/p>\n<p>Voici le <a href=\"https:\/\/orthodiv.org\/fr\/ressources-concernant-les-pratiques-exemplaires\/revue-de-la-division-orthopedique-current-issue-anglais\/\" target=\"_blank\" rel=\"noopener\">dernier num\u00e9ro<\/a> de \u00ab Orthopedic Division Review \u00bb (ODR) publi\u00e9 le {{DATE}}. Vous pouvez consulter les <a href=\"https:\/\/orthodiv.org\/fr\/ressources-concernant-les-pratiques-exemplaires\/revue-de-la-division-orthopedique-numeros-precedents-en-anglais\/\">pr\u00e9c\u00e9dents num\u00e9ros ici<\/a>. Vous devez ouvrir une session pour acc\u00e9der aux articles.<\/p>\n<p>&nbsp;<\/p>\n<h3>\u00ab Journal of Orthopaedic &amp; Sports Physical Therapy\u00ae \u00bb<\/h3>\n<p>\u00ab Journal of Orthopaedic &amp; Sports Physical Therapy\u00ae \u00bb (JOSPT\u00ae) publie du contenu d&#8217;une grande rigueur scientifique et pertinent sur le plan clinique pour les physioth\u00e9rapeutes et d&#8217;autres membres de la communaut\u00e9 des soins de sant\u00e9, et ce, afin de faire progresser l&#8217;exercice m\u00e9dical li\u00e9 \u00e0 l&#8217;appareil musculo-squelettique et au sport dans le monde. \u00c0 cette fin, le JOSPT pr\u00e9sente les derni\u00e8res recherches factuelles et des cas cliniques dans les domaines de la sant\u00e9 musculo-squelettique, des blessures et de la r\u00e9\u00e9ducation, notamment en physioth\u00e9rapie, orthop\u00e9die, m\u00e9decine du sport et en biom\u00e9canique.<br \/>\n<img loading=\"lazy\" decoding=\"async\" class=\"wp-image-232 alignleft\" src=\"https:\/\/orthodiv.org\/wp-content\/uploads\/2017\/08\/resources-JOSPT-stack-300x256.jpg\" alt=\"\" width=\"400\" height=\"341\" srcset=\"https:\/\/www.orthodiv.org\/wp-content\/uploads\/2017\/08\/resources-JOSPT-stack-300x256.jpg 300w, https:\/\/www.orthodiv.org\/wp-content\/uploads\/2017\/08\/resources-JOSPT-stack.jpg 600w\" sizes=\"auto, (max-width: 400px) 100vw, 400px\" \/><br \/>\nAvec un facteur d&#8217;impact de 2,55, JOSPT figure parmi les revues de physioth\u00e9rapie les mieux class\u00e9es dans le \u00ab Journal Citation Reports \u00bb de Thomson Reuters, \u00ab Science Edition \u00bb (2015). JOSPT est class\u00e9 septi\u00e8me sur les 65 revues de la cat\u00e9gorie de r\u00e9\u00e9ducation, quatorzi\u00e8me sur les 74 revues d&#8217;orthop\u00e9die et quatorzi\u00e8me sur les 82 revues des sciences du sport. Le facteur d&#8217;impact sur 5 ans de JOSPT est de 3,54.<\/p>\n<p>Pour acc\u00e9der \u00e0 la revue, <a href=\"http:\/\/www.jospt.org\/\" target=\"_blank\" rel=\"noopener\">cliquez ici<\/a>.<\/p>\n","protected":false},"excerpt":{"rendered":"<p>Les membres ont acc\u00e8s \u00e0 certaines des derni\u00e8res publications, revues et \u00e0 un contenu exclusif r\u00e9serv\u00e9 gr\u00e2ce \u00e0 notre vaste biblioth\u00e8que de ressources. Tenez-vous au courant des derni\u00e8res tendances en mati\u00e8re de physioth\u00e9rapie orthop\u00e9dique et obtenez de l&#8217;information sur les pratiques exemplaires de traitement et d&#8217;exercice fond\u00e9 sur l&#8217;exp\u00e9rience clinique. Par l&#8217;interm\u00e9diaire des secteurs locaux,&#8230;  <a class=\"excerpt-read-more\" href=\"https:\/\/www.orthodiv.org\/fr\/ressources-concernant-les-pratiques-exemplaires\/\" title=\"LireRessources concernant les pratiques exemplaires\">Lire la suite &raquo;<\/a><\/p>\n","protected":false},"author":1,"featured_media":0,"parent":0,"menu_order":30,"comment_status":"closed","ping_status":"closed","template":"","meta":{"_bbp_topic_count":0,"_bbp_reply_count":0,"_bbp_total_topic_count":0,"_bbp_total_reply_count":0,"_bbp_voice_count":0,"_bbp_anonymous_reply_count":0,"_bbp_topic_count_hidden":0,"_bbp_reply_count_hidden":0,"_bbp_forum_subforum_count":0,"inline_featured_image":false,"footnotes":""},"class_list":["post-3103","page","type-page","status-publish","hentry"],"_links":{"self":[{"href":"https:\/\/www.orthodiv.org\/fr\/wp-json\/wp\/v2\/pages\/3103","targetHints":{"allow":["GET"]}}],"collection":[{"href":"https:\/\/www.orthodiv.org\/fr\/wp-json\/wp\/v2\/pages"}],"about":[{"href":"https:\/\/www.orthodiv.org\/fr\/wp-json\/wp\/v2\/types\/page"}],"author":[{"embeddable":true,"href":"https:\/\/www.orthodiv.org\/fr\/wp-json\/wp\/v2\/users\/1"}],"replies":[{"embeddable":true,"href":"https:\/\/www.orthodiv.org\/fr\/wp-json\/wp\/v2\/comments?post=3103"}],"version-history":[{"count":0,"href":"https:\/\/www.orthodiv.org\/fr\/wp-json\/wp\/v2\/pages\/3103\/revisions"}],"wp:attachment":[{"href":"https:\/\/www.orthodiv.org\/fr\/wp-json\/wp\/v2\/media?parent=3103"}],"curies":[{"name":"wp","href":"https:\/\/api.w.org\/{rel}","templated":true}]}}