{"id":3107,"date":"2017-12-08T14:14:00","date_gmt":"2017-12-08T19:14:00","guid":{"rendered":"https:\/\/orthodiv.org\/?page_id=3107"},"modified":"2017-12-14T11:23:56","modified_gmt":"2017-12-14T16:23:56","slug":"reseauter-avec-ses-pairs","status":"publish","type":"page","link":"https:\/\/www.orthodiv.org\/fr\/reseauter-avec-ses-pairs\/","title":{"rendered":"R\u00e9seauter avec ses pairs"},"content":{"rendered":"<p><img loading=\"lazy\" decoding=\"async\" class=\"alignright wp-image-235\" src=\"https:\/\/orthodiv.org\/wp-content\/uploads\/2017\/08\/networking-group-300x200.jpg\" alt=\"\" width=\"401\" height=\"267\" srcset=\"https:\/\/www.orthodiv.org\/wp-content\/uploads\/2017\/08\/networking-group-300x200.jpg 300w, https:\/\/www.orthodiv.org\/wp-content\/uploads\/2017\/08\/networking-group.jpg 600w\" sizes=\"auto, (max-width: 401px) 100vw, 401px\" \/><br \/>\nLa division d&#8217;orthop\u00e9die travaille \u00e0 favoriser l&#8217;excellence en physioth\u00e9rapie orthop\u00e9dique en pr\u00e9sentant des possibilit\u00e9s et des \u00e9v\u00e9nements de r\u00e9seautage locaux et nationaux. Les physioth\u00e9rapeutes orthop\u00e9distes, les nouveaux dipl\u00f4m\u00e9s et les \u00e9tudiants peuvent collaborer, apprendre et rencontrer des pairs du m\u00eame horizon qui s&#8217;int\u00e9ressent particuli\u00e8rement au traitement des probl\u00e8mes neuro-musculo-squelettiques et \u00e0 l&#8217;aide aux patients. Les membres ont \u00e9galement acc\u00e8s au symposium annuel et \u00e0 d&#8217;autres \u00e9v\u00e9nements \u00e0 un tarif sp\u00e9cial, et les sections locales organisent r\u00e9guli\u00e8rement des \u00e9v\u00e9nements tout au long de l&#8217;ann\u00e9e.<\/p>\n<p>Nous sommes d\u00e9termin\u00e9s \u00e0 former une communaut\u00e9 de physioth\u00e9rapeutes au sein de laquelle nous pouvons apprendre les uns des autres et partager les derni\u00e8res proc\u00e9dures d&#8217;\u00e9valuation factuelle et les interventions de traitement. Gr\u00e2ce au r\u00e9seautage et \u00e0 l&#8217;apprentissage entre pairs, les physioth\u00e9rapeutes orthop\u00e9diques peuvent offrir des solutions de prise en charge et de traitement efficaces et cibl\u00e9es pour am\u00e9liorer les fonctions et la qualit\u00e9 de vie tout en amoindrissant les douleurs.<\/p>\n<h2>Offres d&#8217;emploi<\/h2>\n<p>Les membres de la division d&#8217;orthop\u00e9die peuvent proposer des offres d&#8217;emploi, de b\u00e9n\u00e9volat et de mentorat partout au Canada et postuler \u00e0 des postes dans notre base de donn\u00e9es r\u00e9guli\u00e8rement mise \u00e0 jour. Le b\u00e9n\u00e9volat et le mentorat favorisent la croissance de la physioth\u00e9rapie orthop\u00e9dique en offrant davantage de programmes et de possibilit\u00e9s aux personnes inscrites \u00e0 un programme \u00e9ducatif, ainsi que le perfectionnement professionnel par l&#8217;acquisition et l&#8217;application de nouvelles comp\u00e9tences. Consultez la <a href=\"https:\/\/orthodiv.org\/networking\/opportunities\/\">liste compl\u00e8te des offres d&#8217;emploi et de b\u00e9n\u00e9volat<\/a> ou <a href=\"https:\/\/orthodiv.org\/education\/mentorship-opportunities\/\">pr\u00e9sentez une demande pour devenir mentor<\/a>.<\/p>\n<h2><\/h2>\n<img loading=\"lazy\" decoding=\"async\" class=\"alignleft wp-image-593\" src=\"https:\/\/orthodiv.org\/wp-content\/uploads\/2017\/08\/networking-students-300x200.jpg\" alt=\"\" width=\"400\" height=\"267\" srcset=\"https:\/\/www.orthodiv.org\/wp-content\/uploads\/2017\/08\/networking-students-300x200.jpg 300w, https:\/\/www.orthodiv.org\/wp-content\/uploads\/2017\/08\/networking-students.jpg 600w\" sizes=\"auto, (max-width: 400px) 100vw, 400px\" \/>\n<h2>Bourses et prix<\/h2>\n<p>Dans la lign\u00e9e de notre engagement \u00e0 promouvoir la formation, nous proposons des bourses, des prix et des subventions aux \u00e9tudiants qui cherchent une aide financi\u00e8re. Gr\u00e2ce \u00e0 notre affiliation avec l&#8217;Association canadienne de physioth\u00e9rapie, nous pouvons aider les \u00e9tudiants \u00e0 parfaire leur formation et leurs comp\u00e9tences. C&#8217;est l\u00e0 notre fa\u00e7on de soutenir la nouvelle g\u00e9n\u00e9ration de physioth\u00e9rapeutes orthop\u00e9distes qui s&#8217;efforceront d&#8217;am\u00e9liorer la sant\u00e9 et la vie de personnes partout au pays.<\/p>\n<p><a href=\"https:\/\/orthodiv.org\/networking\/awards-grants-bursaries\/\">Consultez la liste compl\u00e8te des prix, des subventions et des bourses.<\/a><\/p>\n","protected":false},"excerpt":{"rendered":"<p>La division d&#8217;orthop\u00e9die travaille \u00e0 favoriser l&#8217;excellence en physioth\u00e9rapie orthop\u00e9dique en pr\u00e9sentant des possibilit\u00e9s et des \u00e9v\u00e9nements de r\u00e9seautage locaux et nationaux. Les physioth\u00e9rapeutes orthop\u00e9distes, les nouveaux dipl\u00f4m\u00e9s et les \u00e9tudiants peuvent collaborer, apprendre et rencontrer des pairs du m\u00eame horizon qui s&#8217;int\u00e9ressent particuli\u00e8rement au traitement des probl\u00e8mes neuro-musculo-squelettiques et \u00e0 l&#8217;aide aux patients. Les&#8230;  <a class=\"excerpt-read-more\" href=\"https:\/\/www.orthodiv.org\/fr\/reseauter-avec-ses-pairs\/\" title=\"LireR\u00e9seauter avec ses pairs\">Lire la suite &raquo;<\/a><\/p>\n","protected":false},"author":1,"featured_media":0,"parent":0,"menu_order":40,"comment_status":"closed","ping_status":"closed","template":"","meta":{"_bbp_topic_count":0,"_bbp_reply_count":0,"_bbp_total_topic_count":0,"_bbp_total_reply_count":0,"_bbp_voice_count":0,"_bbp_anonymous_reply_count":0,"_bbp_topic_count_hidden":0,"_bbp_reply_count_hidden":0,"_bbp_forum_subforum_count":0,"inline_featured_image":false,"footnotes":""},"class_list":["post-3107","page","type-page","status-publish","hentry"],"_links":{"self":[{"href":"https:\/\/www.orthodiv.org\/fr\/wp-json\/wp\/v2\/pages\/3107","targetHints":{"allow":["GET"]}}],"collection":[{"href":"https:\/\/www.orthodiv.org\/fr\/wp-json\/wp\/v2\/pages"}],"about":[{"href":"https:\/\/www.orthodiv.org\/fr\/wp-json\/wp\/v2\/types\/page"}],"author":[{"embeddable":true,"href":"https:\/\/www.orthodiv.org\/fr\/wp-json\/wp\/v2\/users\/1"}],"replies":[{"embeddable":true,"href":"https:\/\/www.orthodiv.org\/fr\/wp-json\/wp\/v2\/comments?post=3107"}],"version-history":[{"count":0,"href":"https:\/\/www.orthodiv.org\/fr\/wp-json\/wp\/v2\/pages\/3107\/revisions"}],"wp:attachment":[{"href":"https:\/\/www.orthodiv.org\/fr\/wp-json\/wp\/v2\/media?parent=3107"}],"curies":[{"name":"wp","href":"https:\/\/api.w.org\/{rel}","templated":true}]}}