{"id":3113,"date":"2017-12-08T14:20:29","date_gmt":"2017-12-08T19:20:29","guid":{"rendered":"https:\/\/orthodiv.org\/?page_id=3113"},"modified":"2017-12-08T14:20:29","modified_gmt":"2017-12-08T19:20:29","slug":"possibilites-demploi-et-de-benevolat","status":"publish","type":"page","link":"https:\/\/www.orthodiv.org\/fr\/reseauter-avec-ses-pairs\/possibilites-demploi-et-de-benevolat\/","title":{"rendered":"Possibilit\u00e9s d&#8217;emploi et de b\u00e9n\u00e9volat"},"content":{"rendered":"<form id=\"job_search\" name=\"career_search\" action=\"https:\/\/www.orthodiv.org\/fr\/reseauter-avec-ses-pairs\/possibilites-demploi-et-de-benevolat\/#listing\" method=\"get\"><label for=\"loc\" class=\"hidden\">Choose a Location<\/label><select name=\"loc\" id=\"loc\"><option value = \"\" class=\"all-option\" >Choose a Location<\/option><option value=\"14\">Alberta<\/option><option value=\"15\">British Columbia<\/option><option value=\"129\">International \/ Outside Canada<\/option><option value=\"13\">Manitoba<\/option><option value=\"19\">New Brunswick<\/option><option value=\"24\">Newfoundland and Labrador<\/option><option value=\"21\">Northwest Territories<\/option><option value=\"18\">Nova Scotia<\/option><option value=\"23\">Nunavut<\/option><option value=\"121\">Online<\/option><option value=\"12\">Ontario<\/option><option value=\"22\">Prince Edward Island<\/option><option value=\"20\">Quebec<\/option><option value=\"92\">Saskatchewan<\/option><option value=\"16\">Yukon<\/option><\/select><div class=\"btn-wrap\"><input class=\"blue-btn\" type=\"submit\" value=\"Search\"><\/div><\/form><div id=\"listing\"><div class=\"item\"><div class=\"row cf\"><div class=\"col-m-12 col-t-4 title cf\"><a href=\"https:\/\/www.orthodiv.org\/fr\/job\/physiotherapist-full-time-part-time-4\/\">Physiotherapist &#8211; Full Time\/Part Time<\/a><\/div><div class=\"col-m-12 col-t-3 location cf\"><span><strong>Location:<\/strong>Richmond Hill, Ontario<\/span><\/div><div class=\"col-m-12 col-t-3 dates cf\"><span><strong>Closing Date:<\/strong>July 31, 2026<\/span><span><strong>Posted:<\/strong>avril 9, 2026<\/span><\/div><div class=\"col-m-12 col-t-2 apply cf\"><a class=\"blue-btn\" href=\"https:\/\/www.orthodiv.org\/fr\/job\/physiotherapist-full-time-part-time-4\/\">Details<\/a><\/div><\/div><\/div><div class=\"item\"><div class=\"row cf\"><div class=\"col-m-12 col-t-4 title cf\"><a href=\"https:\/\/www.orthodiv.org\/fr\/job\/full-time-part-time-physiotherapist-25\/\">Full Time \/ Part time Physiotherapist<\/a><\/div><div class=\"col-m-12 col-t-3 location cf\"><span><strong>Location:<\/strong>Physio Casselman in Casselman, Ontario, Ontario<\/span><\/div><div class=\"col-m-12 col-t-3 dates cf\"><span><strong>Closing Date:<\/strong>June 30, 2026<\/span><span><strong>Posted:<\/strong>avril 7, 2026<\/span><\/div><div class=\"col-m-12 col-t-2 apply cf\"><a class=\"blue-btn\" href=\"https:\/\/www.orthodiv.org\/fr\/job\/full-time-part-time-physiotherapist-25\/\">Details<\/a><\/div><\/div><\/div><div class=\"item\"><div class=\"row cf\"><div class=\"col-m-12 col-t-4 title cf\"><a href=\"https:\/\/www.orthodiv.org\/fr\/job\/registered-physiotherapist-contractor-join-the-pivot-team\/\">Registered Physiotherapist (Contractor) \u2013 Join the Pivot Team<\/a><\/div><div class=\"col-m-12 col-t-3 location cf\"><span><strong>Location:<\/strong>Toronto, Ontario<\/span><\/div><div class=\"col-m-12 col-t-3 dates cf\"><span><strong>Closing Date:<\/strong>October 1, 2026<\/span><span><strong>Posted:<\/strong>avril 5, 2026<\/span><\/div><div class=\"col-m-12 col-t-2 apply cf\"><a class=\"blue-btn\" href=\"https:\/\/www.orthodiv.org\/fr\/job\/registered-physiotherapist-contractor-join-the-pivot-team\/\">Details<\/a><\/div><\/div><\/div><div class=\"item\"><div class=\"row cf\"><div class=\"col-m-12 col-t-4 title cf\"><a href=\"https:\/\/www.orthodiv.org\/fr\/job\/orthopedic-physiotherapist\/\">Orthopedic Physiotherapist<\/a><\/div><div class=\"col-m-12 col-t-3 location cf\"><span><strong>Location:<\/strong>Oakville, Ontario<\/span><\/div><div class=\"col-m-12 col-t-3 dates cf\"><span><strong>Closing Date:<\/strong>May 4, 2026<\/span><span><strong>Posted:<\/strong>avril 2, 2026<\/span><\/div><div class=\"col-m-12 col-t-2 apply cf\"><a class=\"blue-btn\" href=\"https:\/\/www.orthodiv.org\/fr\/job\/orthopedic-physiotherapist\/\">Details<\/a><\/div><\/div><\/div><div class=\"item\"><div class=\"row cf\"><div class=\"col-m-12 col-t-4 title cf\"><a href=\"https:\/\/www.orthodiv.org\/fr\/job\/full-or-part-time-registered-physiotherapist-east-toronto-opportunity\/\">Full or Part Time Registered Physiotherapist &#8211; East Toronto Opportunity!<\/a><\/div><div class=\"col-m-12 col-t-3 location cf\"><span><strong>Location:<\/strong>Toronto, Ontario<\/span><\/div><div class=\"col-m-12 col-t-3 dates cf\"><span><strong>Closing Date:<\/strong>June 30, 2026<\/span><span><strong>Posted:<\/strong>mars 30, 2026<\/span><\/div><div class=\"col-m-12 col-t-2 apply cf\"><a class=\"blue-btn\" href=\"https:\/\/www.orthodiv.org\/fr\/job\/full-or-part-time-registered-physiotherapist-east-toronto-opportunity\/\">Details<\/a><\/div><\/div><\/div><div class=\"item\"><div class=\"row cf\"><div class=\"col-m-12 col-t-4 title cf\"><a href=\"https:\/\/www.orthodiv.org\/fr\/job\/physiotherapist-full-time-part-time-3\/\">Physiotherapist &#8211; Full Time\/ Part Time<\/a><\/div><div class=\"col-m-12 col-t-3 location cf\"><span><strong>Location:<\/strong>Surrey, British Columbia<\/span><\/div><div class=\"col-m-12 col-t-3 dates cf\"><span><strong>Closing Date:<\/strong>June 1, 2026<\/span><span><strong>Posted:<\/strong>mars 23, 2026<\/span><\/div><div class=\"col-m-12 col-t-2 apply cf\"><a class=\"blue-btn\" href=\"https:\/\/www.orthodiv.org\/fr\/job\/physiotherapist-full-time-part-time-3\/\">Details<\/a><\/div><\/div><\/div><div class=\"item\"><div class=\"row cf\"><div class=\"col-m-12 col-t-4 title cf\"><a href=\"https:\/\/www.orthodiv.org\/fr\/job\/full-time-registered-physiotherapist-pelvic-preferred\/\">Full Time Registered Physiotherapist<\/a><\/div><div class=\"col-m-12 col-t-3 location cf\"><span><strong>Location:<\/strong>Toronto, Ontario<\/span><\/div><div class=\"col-m-12 col-t-3 dates cf\"><span><strong>Closing Date:<\/strong>June 30, 2026<\/span><span><strong>Posted:<\/strong>mars 16, 2026<\/span><\/div><div class=\"col-m-12 col-t-2 apply cf\"><a class=\"blue-btn\" href=\"https:\/\/www.orthodiv.org\/fr\/job\/full-time-registered-physiotherapist-pelvic-preferred\/\">Details<\/a><\/div><\/div><\/div><div class=\"item\"><div class=\"row cf\"><div class=\"col-m-12 col-t-4 title cf\"><a href=\"https:\/\/www.orthodiv.org\/fr\/job\/full-time-or-part-time-physiotherapist-21\/\">Full Time or Part Time Physiotherapist<\/a><\/div><div class=\"col-m-12 col-t-3 location cf\"><span><strong>Location:<\/strong>Bradford, Ontario<\/span><\/div><div class=\"col-m-12 col-t-3 dates cf\"><span><strong>Closing Date:<\/strong>July 1, 2026<\/span><span><strong>Posted:<\/strong>mars 12, 2026<\/span><\/div><div class=\"col-m-12 col-t-2 apply cf\"><a class=\"blue-btn\" href=\"https:\/\/www.orthodiv.org\/fr\/job\/full-time-or-part-time-physiotherapist-21\/\">Details<\/a><\/div><\/div><\/div><div class=\"item\"><div class=\"row cf\"><div class=\"col-m-12 col-t-4 title cf\"><a href=\"https:\/\/www.orthodiv.org\/fr\/job\/experienced-full-part-time-physiotherapist\/\">Experienced Full\/Part-time Physiotherapist<\/a><\/div><div class=\"col-m-12 col-t-3 location cf\"><span><strong>Location:<\/strong>Waterdown, Ontario<\/span><\/div><div class=\"col-m-12 col-t-3 dates cf\"><span><strong>Closing Date:<\/strong>June 13, 2026<\/span><span><strong>Posted:<\/strong>mars 11, 2026<\/span><\/div><div class=\"col-m-12 col-t-2 apply cf\"><a class=\"blue-btn\" href=\"https:\/\/www.orthodiv.org\/fr\/job\/experienced-full-part-time-physiotherapist\/\">Details<\/a><\/div><\/div><\/div><div class=\"item\"><div class=\"row cf\"><div class=\"col-m-12 col-t-4 title cf\"><a href=\"https:\/\/www.orthodiv.org\/fr\/job\/full-part-time-orthopaedic-physiotherapist-fcampt-mentorship-education-allowance-strong-private-caseload\/\">Full\/Part time Orthopaedic Physiotherapist \u2013 FCAMPT Mentorship, Education Allowance &amp; Strong Private Caseload<\/a><\/div><div class=\"col-m-12 col-t-3 location cf\"><span><strong>Location:<\/strong>Tottenham, Ontario<\/span><\/div><div class=\"col-m-12 col-t-3 dates cf\"><span><strong>Closing Date:<\/strong>October 5, 2026<\/span><span><strong>Posted:<\/strong>mars 6, 2026<\/span><\/div><div class=\"col-m-12 col-t-2 apply cf\"><a class=\"blue-btn\" href=\"https:\/\/www.orthodiv.org\/fr\/job\/full-part-time-orthopaedic-physiotherapist-fcampt-mentorship-education-allowance-strong-private-caseload\/\">Details<\/a><\/div><\/div><\/div><\/div><nav class=\"pagination\"><ul class='page-numbers'>\n\t<li><span aria-current=\"page\" class=\"page-numbers current\">1<\/span><\/li>\n\t<li><a class=\"page-numbers\" href=\"https:\/\/www.orthodiv.org\/fr\/wp-json\/wp\/v2\/pages\/3113\/page\/2\/\">2<\/a><\/li>\n\t<li><a class=\"next page-numbers\" href=\"https:\/\/www.orthodiv.org\/fr\/wp-json\/wp\/v2\/pages\/3113\/page\/2\/\"><span class=\"fa fa-arrow-right\" aria-hidden=\"true\"><\/span><\/a><\/li>\n<\/ul>\n<\/nav>\n","protected":false},"excerpt":{"rendered":"Orthopaedic Physiotherapist \u2013 Full Time or Part Time (Permanent) Physiotherapy Residents Welcome to Apply South Simcoe Physiotherapy Tottenham is looking for a motivated and personable physiotherapist to join our team. This role is ideal for new graduates looking to develop their clinical skills through mentorship, as well as experienced therapists who are looking for a...  <a class=\"excerpt-read-more\" href=\"https:\/\/www.orthodiv.org\/fr\/job\/full-part-time-orthopaedic-physiotherapist-fcampt-mentorship-education-allowance-strong-private-caseload\/\" title=\"LireFull\/Part time Orthopaedic Physiotherapist \u2013 FCAMPT Mentorship, Education Allowance &amp; Strong Private Caseload\">Lire la suite &raquo;<\/a>","protected":false},"author":1,"featured_media":0,"parent":3107,"menu_order":3,"comment_status":"closed","ping_status":"closed","template":"","meta":{"_bbp_topic_count":0,"_bbp_reply_count":0,"_bbp_total_topic_count":0,"_bbp_total_reply_count":0,"_bbp_voice_count":0,"_bbp_anonymous_reply_count":0,"_bbp_topic_count_hidden":0,"_bbp_reply_count_hidden":0,"_bbp_forum_subforum_count":0,"inline_featured_image":false,"footnotes":""},"class_list":["post-3113","page","type-page","status-publish","hentry"],"_links":{"self":[{"href":"https:\/\/www.orthodiv.org\/fr\/wp-json\/wp\/v2\/pages\/3113","targetHints":{"allow":["GET"]}}],"collection":[{"href":"https:\/\/www.orthodiv.org\/fr\/wp-json\/wp\/v2\/pages"}],"about":[{"href":"https:\/\/www.orthodiv.org\/fr\/wp-json\/wp\/v2\/types\/page"}],"author":[{"embeddable":true,"href":"https:\/\/www.orthodiv.org\/fr\/wp-json\/wp\/v2\/users\/1"}],"replies":[{"embeddable":true,"href":"https:\/\/www.orthodiv.org\/fr\/wp-json\/wp\/v2\/comments?post=3113"}],"version-history":[{"count":0,"href":"https:\/\/www.orthodiv.org\/fr\/wp-json\/wp\/v2\/pages\/3113\/revisions"}],"up":[{"embeddable":true,"href":"https:\/\/www.orthodiv.org\/fr\/wp-json\/wp\/v2\/pages\/3107"}],"wp:attachment":[{"href":"https:\/\/www.orthodiv.org\/fr\/wp-json\/wp\/v2\/media?parent=3113"}],"curies":[{"name":"wp","href":"https:\/\/api.w.org\/{rel}","templated":true}]}}