{"id":3115,"date":"2017-12-08T14:28:54","date_gmt":"2017-12-08T19:28:54","guid":{"rendered":"https:\/\/orthodiv.org\/?page_id=3115"},"modified":"2026-01-13T14:15:37","modified_gmt":"2026-01-13T19:15:37","slug":"prix-subventions-et-bourses","status":"publish","type":"page","link":"https:\/\/www.orthodiv.org\/fr\/reseauter-avec-ses-pairs\/prix-subventions-et-bourses\/","title":{"rendered":"Prix, subventions et bourses"},"content":{"rendered":"<p>&nbsp;<\/p>\n<h5>Date limites<\/h5>\n<table>\n<tbody>\n<tr style=\"background-color: #005970; color: white; text-align: center;\">\n<td>PRIX<\/td>\n<td>Date limite (bas\u00e9e sur la date de l\u2019AGA)<\/td>\n<\/tr>\n<tr>\n<td>Golden Hands<\/td>\n<td>15 march 2026<\/td>\n<\/tr>\n<tr>\n<td>Lynn Chapman<\/td>\n<td>15 march 2026<\/td>\n<\/tr>\n<tr>\n<td>Leadership \u00e9mergent<\/td>\n<td>15 march 2026<\/td>\n<\/tr>\n<tr>\n<td>Carol Kennedy<\/td>\n<td>15 march 2026<\/td>\n<\/tr>\n<tr style=\"background-color: #005970; color: white; text-align: center;\">\n<td>SUBVENTIONS<\/td>\n<td><\/td>\n<\/tr>\n<tr>\n<td>Bert Chesworth<\/td>\n<td>Le 30\u00a0septembre et le 31\u00a0janvier de chaque ann\u00e9e.<\/td>\n<\/tr>\n<tr>\n<td>Cliff Fowler<\/td>\n<td>Le 30 juin de chaque ann\u00e9e.<\/td>\n<\/tr>\n<\/tbody>\n<\/table>\n<ul class=\"content-list\">\n<li>Les candidatures tardives ne seront pas prises en compte<\/li>\n<\/ul>\n<p><!--\n \t\n\n<li><a href=\"https:\/\/us02web.zoom.us\/webinar\/register\/WN_06SDtDXwSPKRXcx9nmUIQA\">La c\u00e9r\u00e9monie de remise des prix<\/a> aura lieu le mercredi 12 octobre \u00e0 19 h HNE<\/li>\n\n\n--><br \/>\n<!--\n\n\n<h5><a href=\"https:\/\/us02web.zoom.us\/webinar\/register\/WN_06SDtDXwSPKRXcx9nmUIQA\">La c\u00e9r\u00e9monie de remise des prix<\/a> aura lieu le mercredi 12 octobre \u00e0 19 h HNE<\/h5>\n\n\n\n\n<h5><a class=\"greenBtn\" href=\"https:\/\/us02web.zoom.us\/webinar\/register\/WN_06SDtDXwSPKRXcx9nmUIQA\">S'INSCRIRE<\/a><\/h5>\n\n\n--><\/p>\n<hr \/>\n<h2><\/h2>\n<h2>Prix Golden Hands En Hommage \u00c0 David Lamb<\/h2>\n<p>Le regrett\u00e9 David\u00a0Lamb fut un pilier de la Canadian Academy of Manipulative Therapy. Sp\u00e9cialiste de la th\u00e9rapeutique manuelle reconnu mondialement, il a particip\u00e9 \u00e0 la r\u00e9daction de l\u2019ouvrage Grieve\u2019s Modern Manual Therapy. Il a donn\u00e9 d\u2019innombrables conf\u00e9rences et formations sur tous les aspects de la th\u00e9rapie manuelle, dans le monde entier. Le prix Golden Hands de la division d\u2019orthop\u00e9die de l\u2019Association canadienne de physioth\u00e9rapie (ACP) est d\u00e9cern\u00e9 en son honneur \u00e0 un professionnel d\u2019exception de la physioth\u00e9rapie musculosquelettique\/orthop\u00e9dique qui incarne l\u2019engagement de notre profession dans les domaines de la th\u00e9rapie manuelle, de l\u2019enseignement, du mentorat et de la recherche.<\/p>\n<p><a class=\"greenBtn\" href=\"https:\/\/orthodiv.org\/fr\/reseauter-avec-ses-pairs\/prix-subventions-et-bourses\/prix-golden-hands-en-hommage-a-david-lamb\/\">Lire la suite<\/a><\/p>\n<h2>R\u00e9tribution de recherche Bert Chesworth<\/h2>\n<p>Bert Chesworth est professeur \u00e9m\u00e9rite \u00e0 l\u2019Universit\u00e9 Western. Avant de prendre sa retraite en 2019, M. Chesworth \u00e9tait professeur agr\u00e9g\u00e9 et directeur de l\u2019\u00c9cole de physioth\u00e9rapie. \u00c9pid\u00e9miologiste et biostatisticien de formation, il poss\u00e8de \u00e9galement 20 ans d\u2019exp\u00e9rience clinique en physioth\u00e9rapie musculosquelettique dans les secteurs priv\u00e9 et public. Son apport \u00e0 la recherche dans ce domaine est consid\u00e9rable. Il a obtenu son agr\u00e9ment FCAMPT en 1989 et son doctorat en 2000, \u00e0 la suite de quoi il s\u2019est joint \u00e0 l\u2019\u00e9quipe du personnel technique et sur le terrain du Registre ontarien des arthroplasties dont il a d\u00e9velopp\u00e9 la base de donn\u00e9es et le protocole de collecte des donn\u00e9es \u00e9lectroniques.<\/p>\n<p><a class=\"greenBtn\" href=\"https:\/\/orthodiv.org\/wp-content\/uploads\/2018\/06\/Bert-Chesworth-Research-Honorarium-Application-3.pdf\">Lire la suite<\/a><\/p>\n<h2>Prix de mentorat Lynn Chapman<\/h2>\n<p>Ce prix a \u00e9t\u00e9 lanc\u00e9 en 2016 en l&#8217;honneur de feu Lynn Chapman, physioth\u00e9rapeute exceptionnelle d\u00e9c\u00e9d\u00e9e en 2015. Ses pairs et la division d&#8217;orthop\u00e9die de l&#8217;Association canadienne de physioth\u00e9rapie (ACP) ont constat\u00e9 son leadership exemplaire et ses nombreux apports \u00e0 la profession \u00e0 l&#8217;\u00e9chelle locale et nationale.<\/p>\n<p>Le prix de mentorat Lynn Chapman de la division d&#8217;orthop\u00e9die vise \u00e0 reconna\u00eetre les physioth\u00e9rapeutes qui, par leur exemple et leur soutien, participent activement au mentorat d&#8217;autres physioth\u00e9rapeutes et ont apport\u00e9 une contribution exceptionnelle et sp\u00e9ciale \u00e0 la physioth\u00e9rapie manuelle orthop\u00e9dique. Si vous souhaitez proposer la candidature d&#8217;une ou d&#8217;un physioth\u00e9rapeute \u00e0 ce prix, veuillez envoyer un courriel \u00e0 l&#8217;adresse orthodiv@shaw.ca pour obtenir plus de d\u00e9tails sur la marche \u00e0 suivre.<\/p>\n<p><a class=\"greenBtn\" href=\"https:\/\/orthodiv.org\/fr\/reseauter-avec-ses-pairs\/prix-subventions-et-bourses\/prix-de-mentorat-lynn-chapman\/\">Lire la suite<\/a><\/p>\n<h2 class=\"entry-title\">Prix D\u2019Excellence En Enseignement Carol Kennedy<\/h2>\n<p>Depuis pr\u00e8s de 40 ans, Carol Kennedy incarne l\u2019excellence en enseignement et en pratique de la th\u00e9rapie manuelle orthop\u00e9dique et de la physioth\u00e9rapie musculosquelettique (TMOPM) au Canada. Ce prix vient donc honorer son h\u00e9ritage en d\u00e9finissant et soulignant l\u2019excellence en enseignement clinique de la TMOPM dans un contexte de formation continue.<\/p>\n<p><a class=\"greenBtn\" href=\"https:\/\/orthodiv.org\/fr\/reseauter-avec-ses-pairs\/prix-subventions-et-bourses\/prix-dexcellence-en-enseignement-carol-kennedy\/\">Lire la suite<\/a><\/p>\n<h2>Prix De La Rel\u00e8ve En Leadership<\/h2>\n<p>Ce prix est d\u00e9cern\u00e9 \u00e0 une personne qui fait preuve d\u2019un leadership exemplaire en d\u00e9but de carri\u00e8re et contribue de mani\u00e8re exceptionnelle et novatrice \u00e0 la promotion de la physioth\u00e9rapie orthop\u00e9dique\/musculosquelettique.<\/p>\n<p>Le ou la laur\u00e9ate s\u2019illustre gr\u00e2ce \u00e0 nombre de qualit\u00e9s \u2013 sens de l\u2019initiative, enthousiasme, cr\u00e9ativit\u00e9, d\u00e9vouement, humilit\u00e9, int\u00e9grit\u00e9, aptitude au mentorat, respect, esprit de collaboration \u2013 ainsi que par sa participation \u00e0 des comit\u00e9s de la division d\u2019orthop\u00e9die, son travail pour faire avancer la cause de la physioth\u00e9rapie orthop\u00e9dique\/musculosquelettique et sa promotion de la vision, de la mission et des valeurs de la division d\u2019orthop\u00e9die de l\u2019ACP.<\/p>\n<p><a class=\"greenBtn\" href=\"https:\/\/orthodiv.org\/fr\/reseauter-avec-ses-pairs\/prix-subventions-et-bourses\/prix-de-la-releve-en-leadership\/\">Lire la suite<\/a><\/p>\n<h2><\/h2>\n<h2 class=\"entry-title\">Bourse D\u2019\u00c9tudes Comm\u00e9morative Cliff Fowler En \u00c9ducation<\/h2>\n<p>Cliff Fowler a fond\u00e9 avec John Oldham et David Lamb le programme canadien d\u2019enseignement en th\u00e9rapie manuelle orthop\u00e9dique aux cycles sup\u00e9rieurs. Ensemble, ils ont pass\u00e9 le premier examen IFOMPT, tenu en 1973, et ont mis sur pied le premier cursus avec examen permettant aux physioth\u00e9rapeutes d\u2019obtenir cette accr\u00e9ditation au Canada. Cliff a \u00e9t\u00e9 le premier laur\u00e9at du Golden Hands Award, en 1998. Il a aussi inspir\u00e9 de nombreux leaders canadiens du domaine d\u2019hier et d\u2019aujourd\u2019hui. C\u2019est pour ses contributions aux progr\u00e8s de la th\u00e9rapie manuelle orthop\u00e9dique et sa soif d\u2019apprendre inextinguible que nous honorons son h\u00e9ritage avec cette bourse.<\/p>\n<p><a class=\"greenBtn\" href=\"https:\/\/orthodiv.org\/fr\/reseauter-avec-ses-pairs\/prix-subventions-et-bourses\/bourse-detudes-commemorative-cliff-fowler-en-education\/\">Lire la suite<\/a><\/p>\n<h2><\/h2>\n<h2 class=\"entry-title\">Prix \u00e9tudiant de la Division de l\u2019orthop\u00e9die<\/h2>\n<p>La Division d\u2019orthop\u00e9die (DO) de l\u2019Association canadienne de physioth\u00e9rapie offre chaque ann\u00e9e un prix d\u2019une valeur de 250 $ \u00e0 un\u00b7e \u00e9tudiant\u00b7e provenant de chacun des programmes canadiens d\u2019acc\u00e8s \u00e0 la pratique en physioth\u00e9rapie. Ce prix est d\u00e9cern\u00e9 \u00e0 un\u00b7e \u00e9tudiant\u00b7e ayant d\u00e9montr\u00e9 un leadership exceptionnel, ainsi qu\u2019un int\u00e9r\u00eat marqu\u00e9 pour l\u2019orthop\u00e9die. Le prix prend la forme d\u2019un certificat applicable \u00e0 un cours du syllabus offert par la NOD, \u00e0 utiliser dans les deux ans suivant sa r\u00e9ception.<\/p>\n<p><a class=\"greenBtn\" href=\"https:\/\/www.orthodiv.org\/fr\/reseauter-avec-ses-pairs\/prix-subventions-et-bourses\/prix-etudiant-de-la-division-de-lorthopedie\/\">Lire la suite<\/a><\/p>\n<h2><\/h2>\n<h2>La Fondation de physioth\u00e9rapie du Canada<\/h2>\n<p>La Fondation de physioth\u00e9rapie du Canada (FPC) est un organisme de bienfaisance reconnu \u00e0 l&#8217;\u00e9chelle nationale qui am\u00e9liore la qualit\u00e9 de vie des Canadiennes et Canadiens en parrainant des recherches qui font progresser les techniques de traitement, les connaissances et les comp\u00e9tences des 13 000 physioth\u00e9rapeutes canadiens. Une gamme de subventions de recherche est propos\u00e9e aux chercheurs, aux cliniciens et aux \u00e9tudiants. Pour obtenir un formulaire de demande, visitez leur site Web : <a href=\"http:\/\/www.physiotherapyfoundation.ca\" target=\"_blank\" rel=\"noopener\">www.physiotherapyfoundation.ca<\/a>.<\/p>\n<h2>Autres prix et bourses<\/h2>\n<p>Pour consulter les prix, les subventions et les bourses propos\u00e9s par l&#8217;Association canadienne de physioth\u00e9rapie, <a href=\"https:\/\/physiotherapy.ca\/pfc-awards-grants-bursaries\">cliquez ici<\/a>.<\/p>\n","protected":false},"excerpt":{"rendered":"<p>&nbsp; Date limites PRIX Date limite (bas\u00e9e sur la date de l\u2019AGA) Golden Hands 15 march 2026 Lynn Chapman 15 march 2026 Leadership \u00e9mergent 15 march 2026 Carol Kennedy 15 march 2026 SUBVENTIONS Bert Chesworth Le 30\u00a0septembre et le 31\u00a0janvier de chaque ann\u00e9e. Cliff Fowler Le 30 juin de chaque ann\u00e9e. Les candidatures tardives ne&#8230;  <a class=\"excerpt-read-more\" href=\"https:\/\/www.orthodiv.org\/fr\/reseauter-avec-ses-pairs\/prix-subventions-et-bourses\/\" title=\"LirePrix, subventions et bourses\">Lire la suite &raquo;<\/a><\/p>\n","protected":false},"author":1,"featured_media":0,"parent":3107,"menu_order":30,"comment_status":"closed","ping_status":"closed","template":"","meta":{"_bbp_topic_count":0,"_bbp_reply_count":0,"_bbp_total_topic_count":0,"_bbp_total_reply_count":0,"_bbp_voice_count":0,"_bbp_anonymous_reply_count":0,"_bbp_topic_count_hidden":0,"_bbp_reply_count_hidden":0,"_bbp_forum_subforum_count":0,"inline_featured_image":false,"footnotes":""},"class_list":["post-3115","page","type-page","status-publish","hentry"],"_links":{"self":[{"href":"https:\/\/www.orthodiv.org\/fr\/wp-json\/wp\/v2\/pages\/3115","targetHints":{"allow":["GET"]}}],"collection":[{"href":"https:\/\/www.orthodiv.org\/fr\/wp-json\/wp\/v2\/pages"}],"about":[{"href":"https:\/\/www.orthodiv.org\/fr\/wp-json\/wp\/v2\/types\/page"}],"author":[{"embeddable":true,"href":"https:\/\/www.orthodiv.org\/fr\/wp-json\/wp\/v2\/users\/1"}],"replies":[{"embeddable":true,"href":"https:\/\/www.orthodiv.org\/fr\/wp-json\/wp\/v2\/comments?post=3115"}],"version-history":[{"count":36,"href":"https:\/\/www.orthodiv.org\/fr\/wp-json\/wp\/v2\/pages\/3115\/revisions"}],"predecessor-version":[{"id":23753,"href":"https:\/\/www.orthodiv.org\/fr\/wp-json\/wp\/v2\/pages\/3115\/revisions\/23753"}],"up":[{"embeddable":true,"href":"https:\/\/www.orthodiv.org\/fr\/wp-json\/wp\/v2\/pages\/3107"}],"wp:attachment":[{"href":"https:\/\/www.orthodiv.org\/fr\/wp-json\/wp\/v2\/media?parent=3115"}],"curies":[{"name":"wp","href":"https:\/\/api.w.org\/{rel}","templated":true}]}}