{"id":3117,"date":"2017-12-08T14:39:08","date_gmt":"2017-12-08T19:39:08","guid":{"rendered":"https:\/\/orthodiv.org\/?page_id=3117"},"modified":"2026-03-11T18:54:12","modified_gmt":"2026-03-11T22:54:12","slug":"la-division-dorthopedie","status":"publish","type":"page","link":"https:\/\/www.orthodiv.org\/fr\/la-division-dorthopedie\/","title":{"rendered":"La division d&#8217;orthop\u00e9die"},"content":{"rendered":"<div class=\"wpb-content-wrapper\"><p>[vc_row][vc_column][vc_column_text]<img loading=\"lazy\" decoding=\"async\" class=\"alignright wp-image-228\" src=\"https:\/\/orthodiv.org\/wp-content\/uploads\/2017\/08\/Education-treatment-300x200.jpg\" alt=\"\" width=\"401\" height=\"267\" srcset=\"https:\/\/www.orthodiv.org\/wp-content\/uploads\/2017\/08\/Education-treatment-300x200.jpg 300w, https:\/\/www.orthodiv.org\/wp-content\/uploads\/2017\/08\/Education-treatment.jpg 600w\" sizes=\"auto, (max-width: 401px) 100vw, 401px\" \/><\/p>\n<h2>La communaut\u00e9 pour la promotion de la physioth\u00e9rapie orthop\u00e9dique<\/h2>\n<p>La division d&#8217;orthop\u00e9die de l&#8217;Association canadienne de physioth\u00e9rapie aide ses membres \u00e0 am\u00e9liorer leurs comp\u00e9tences et leur prestation de services gr\u00e2ce \u00e0 la <a href=\"https:\/\/orthodiv.org\/fr\/la-formation-pour-ameliorer-vos-competences\/\">formation<\/a>, aux <a href=\"https:\/\/orthodiv.org\/fr\/ressources-concernant-les-pratiques-exemplaires\/\">ressources<\/a> et au <a href=\"https:\/\/orthodiv.org\/fr\/reseauter-avec-ses-pairs\/\">r\u00e9seautage<\/a>. L&#8217;\u00e9panouissement et le perfectionnement professionnel continu sont assur\u00e9s gr\u00e2ce \u00e0 notre programme d&#8217;\u00e9tudes factuel \u00e9volutif, \u00e0 l&#8217;acc\u00e8s \u00e0 l&#8217;information concernant les pratiques exemplaires, et aux possibilit\u00e9s de collaboration avec les pairs et d&#8217;apprentissage mutuel.<\/p>\n<p>Forts d&#8217;une longue tradition et d&#8217;une r\u00e9putation d&#8217;excellence, nous sommes la communaut\u00e9 qui fait progresser la physioth\u00e9rapie orthop\u00e9dique au Canada. Avec nos sections et unit\u00e9s locales, nous proposons des programmes de perfectionnement professionnel et de formation continue, des activit\u00e9s de r\u00e9seautage, des bourses, des possibilit\u00e9s de b\u00e9n\u00e9volat et des avantages exclusifs aux membres.<\/p>\n<h3>Comit\u00e9 de formation de la division d&#8217;orthop\u00e9die<\/h3>\n<p>Le <a href=\"https:\/\/orthodiv.org\/fr\/la-division-dorthopedie\/personnel-de-direction\/directeur-du-comite-de-leducation\/\">comit\u00e9 de formation<\/a> de la division d&#8217;orthop\u00e9die de l&#8217;Association canadienne de physioth\u00e9rapie est un chef de file de la formation post-universitaire en orthop\u00e9die au Canada qui favorise l&#8217;excellence dans le domaine de la physioth\u00e9rapie par la formation. Nous \u00e9laborons notre programme sur la base d&#8217;un mod\u00e8le d\u00e9cisionnel fond\u00e9 sur les preuves afin que les physioth\u00e9rapeutes puissent am\u00e9liorer leurs comp\u00e9tences de traitement et d&#8217;\u00e9valuation, acc\u00e9der aux pratiques exemplaires, et collaborer avec une communaut\u00e9 de sp\u00e9cialistes. Notre tradition d&#8217;excellence, nos instructeurs hautement qualifi\u00e9s et notre processus d&#8217;examen rigoureux assurent l&#8217;\u00e9panouissement et le perfectionnement professionnel gr\u00e2ce \u00e0 une formation mondialement reconnue et accr\u00e9dit\u00e9e par la International Federation of Orthopaedic Manipulative Physical Therapists (IFOMPT).<\/p>\n<h2>Adh\u00e9sion et avantages<\/h2>\n<p>Rejoignez plus de 5\u2009000 coll\u00e8gues et physioth\u00e9rapeutes orthop\u00e9diques aux vues similaires et r\u00e9partis dans tout le pays. La division d&#8217;orthop\u00e9die repr\u00e9sente des cliniciens, des \u00e9tudiants, des universitaires, des propri\u00e9taires d&#8217;entreprise et des chercheurs pour faire progresser la profession et en faire la promotion.<\/p>\n<p>La division d&#8217;orthop\u00e9die offre aux membres un acc\u00e8s \u00e0 la formation, aux ressources et au r\u00e9seautage en proposant des cours sur mesure, de l&#8217;information actuelle, des articles d\u00e9terminants et de possibilit\u00e9s de leadership, et des pratiques exemplaires pour encourager le perfectionnement professionnel. Les membres sont \u00e9galement repr\u00e9sent\u00e9s dans les discussions sur les politiques et ont acc\u00e8s au programme de protection professionnelle de l&#8217;ACP.<\/p>\n<h3>Perfectionnement professionnel<\/h3>\n<p>L&#8217;apprentissage et le perfectionnement permanents sont essentiels \u00e0 tout cheminement de carri\u00e8re. Gr\u00e2ce \u00e0 notre programme d&#8217;\u00e9tudes en ligne et en salle ax\u00e9 sur les donn\u00e9es probantes, nous sommes un chef de file de la formation orthop\u00e9dique post-universitaire et de l&#8217;\u00e9panouissement professionnel au Canada. Am\u00e9liorez vos comp\u00e9tences en acc\u00e9dant aux derni\u00e8res recherches cliniques, aux pratiques exemplaires, aux nouvelles technologies et \u00e0 des id\u00e9es sur la gestion de votre entreprise. Nous nous sommes forg\u00e9 cette r\u00e9putation gr\u00e2ce \u00e0 d&#8217;excellents instructeurs, un processus d&#8217;examen rigoureux et un programme r\u00e9guli\u00e8rement actualis\u00e9 qui r\u00e9pond aux normes internationales de la International Federation of Orthopaedic Manipulative Physical Therapists (IFOMPT), au co\u00fbt par jour le plus bas de tous les programmes post-universitaires de formation professionnelle.<\/p>\n<h3>L&#8217;union fait la force<\/h3>\n<p>La division d&#8217;orthop\u00e9die est une communaut\u00e9 de physioth\u00e9rapeutes qui contribuent aux avanc\u00e9s de la profession dans un milieu de soins de sant\u00e9 en \u00e9volution rapide. Faites partie d&#8217;un groupe grandissant de passionn\u00e9(e)s, participez \u00e0 des activit\u00e9s d&#8217;apprentissage entre pairs, et collaborez avec d&#8217;autres professionnels pour \u00e9changer vos vues sur les derni\u00e8res recherches et les nouveaux traitements.<\/p>\n<h3>Protection professionnelle<\/h3>\n<p>L&#8217;Association canadienne de physioth\u00e9rapie (ACP) g\u00e8re le plus grand et le plus s\u00fbr programme d&#8217;assurance responsabilit\u00e9 professionnelle et d&#8217;assurance contre la faute professionnelle au Canada. Ces 10 000 assur\u00e9s repr\u00e9sentent plus de la moiti\u00e9 de tous les praticiens, et c&#8217;est de loin le plus grand bassin de ressources pour vous prot\u00e9ger.<\/p>\n<h3>Rabais pour les membres<\/h3>\n<p><img loading=\"lazy\" decoding=\"async\" class=\"alignleft wp-image-240\" src=\"https:\/\/orthodiv.org\/wp-content\/uploads\/2017\/08\/about-logo-emboss-OD-300x202.jpg\" alt=\"\" width=\"400\" height=\"269\" srcset=\"https:\/\/www.orthodiv.org\/wp-content\/uploads\/2017\/08\/about-logo-emboss-OD-300x202.jpg 300w, https:\/\/www.orthodiv.org\/wp-content\/uploads\/2017\/08\/about-logo-emboss-OD.jpg 600w\" sizes=\"auto, (max-width: 400px) 100vw, 400px\" \/><br \/>\nLes membres de l&#8217;ACP profitent de rabais sur leur assurance habitation et automobile, leur couverture d&#8217;assurance vie et invalidit\u00e9, des services financiers, et plus encore. Les membres b\u00e9n\u00e9ficient \u00e9galement de tarifs sp\u00e9ciaux pour assister \u00e0 notre conf\u00e9rence annuelle et \u00e0 certains cours.<br \/>\nRenseignez-vous sur les avantages de l&#8217;adh\u00e9sion \u00e0 l&#8217;ACP et \u00e0 la division d&#8217;orthop\u00e9die sur le <a href=\"https:\/\/physiotherapy.ca\/member-benefits\" target=\"_blank\" rel=\"noopener\">site Web de l&#8217;ACP<\/a>.<\/p>\n<p>&nbsp;<\/p>\n<p>&nbsp;<\/p>\n<iframe src=\"\/\/docs.google.com\/viewer?url=https%3A%2F%2Fwww.orthodiv.org%2Fwp-content%2Fuploads%2F2026%2F02%2FOrthopaedic-Division-Strategic-Plan-2026-30-FINAL-FRENCH-SHORT.pdf&hl=en_US&embedded=true\" class=\"gde-frame\" style=\"width:100%; height:500px; border: none;\" scrolling=\"no\"><\/iframe>\n<p class=\"gde-text\"><a href=\"https:\/\/www.orthodiv.org\/wp-content\/uploads\/2026\/02\/Orthopaedic-Division-Strategic-Plan-2026-30-FINAL-FRENCH-SHORT.pdf\" class=\"gde-link\">Download (PDF, Unknown)<\/a><\/p>\n<h4>Pr\u00e9sentation de l&#8217;\u00e9tudiant<\/h4>\n<p><a href=\"https:\/\/orthodiv.org\/wp-content\/uploads\/2018\/05\/NOD-Student-Presentation-FRENCH-FINALRB.pdf\">voir la pr\u00e9sentation de l&#8217;\u00e9tudiant NOD<\/a>[\/vc_column_text][\/vc_column][\/vc_row]<\/p>\n<\/div>","protected":false},"excerpt":{"rendered":"<p>[vc_row][vc_column][vc_column_text] La communaut\u00e9 pour la promotion de la physioth\u00e9rapie orthop\u00e9dique La division d&#8217;orthop\u00e9die de l&#8217;Association canadienne de physioth\u00e9rapie aide ses membres \u00e0 am\u00e9liorer leurs comp\u00e9tences et leur prestation de services gr\u00e2ce \u00e0 la formation, aux ressources et au r\u00e9seautage. L&#8217;\u00e9panouissement et le perfectionnement professionnel continu sont assur\u00e9s gr\u00e2ce \u00e0 notre programme d&#8217;\u00e9tudes factuel \u00e9volutif, \u00e0&#8230;  <a class=\"excerpt-read-more\" href=\"https:\/\/www.orthodiv.org\/fr\/la-division-dorthopedie\/\" title=\"LireLa division d&#8217;orthop\u00e9die\">Lire la suite &raquo;<\/a><\/p>\n","protected":false},"author":1,"featured_media":0,"parent":0,"menu_order":50,"comment_status":"closed","ping_status":"closed","template":"","meta":{"_bbp_topic_count":0,"_bbp_reply_count":0,"_bbp_total_topic_count":0,"_bbp_total_reply_count":0,"_bbp_voice_count":0,"_bbp_anonymous_reply_count":0,"_bbp_topic_count_hidden":0,"_bbp_reply_count_hidden":0,"_bbp_forum_subforum_count":0,"inline_featured_image":false,"footnotes":""},"class_list":["post-3117","page","type-page","status-publish","hentry"],"_links":{"self":[{"href":"https:\/\/www.orthodiv.org\/fr\/wp-json\/wp\/v2\/pages\/3117","targetHints":{"allow":["GET"]}}],"collection":[{"href":"https:\/\/www.orthodiv.org\/fr\/wp-json\/wp\/v2\/pages"}],"about":[{"href":"https:\/\/www.orthodiv.org\/fr\/wp-json\/wp\/v2\/types\/page"}],"author":[{"embeddable":true,"href":"https:\/\/www.orthodiv.org\/fr\/wp-json\/wp\/v2\/users\/1"}],"replies":[{"embeddable":true,"href":"https:\/\/www.orthodiv.org\/fr\/wp-json\/wp\/v2\/comments?post=3117"}],"version-history":[{"count":2,"href":"https:\/\/www.orthodiv.org\/fr\/wp-json\/wp\/v2\/pages\/3117\/revisions"}],"predecessor-version":[{"id":24010,"href":"https:\/\/www.orthodiv.org\/fr\/wp-json\/wp\/v2\/pages\/3117\/revisions\/24010"}],"wp:attachment":[{"href":"https:\/\/www.orthodiv.org\/fr\/wp-json\/wp\/v2\/media?parent=3117"}],"curies":[{"name":"wp","href":"https:\/\/api.w.org\/{rel}","templated":true}]}}