{"id":3121,"date":"2017-12-08T14:58:57","date_gmt":"2017-12-08T19:58:57","guid":{"rendered":"https:\/\/orthodiv.org\/?page_id=3121"},"modified":"2026-02-02T11:10:50","modified_gmt":"2026-02-02T16:10:50","slug":"directeur-du-comite-de-leducation","status":"publish","type":"page","link":"https:\/\/www.orthodiv.org\/fr\/la-division-dorthopedie\/personnel-de-direction\/directeur-du-comite-de-leducation\/","title":{"rendered":"Directeur du comit\u00e9 de l&#8217;\u00e9ducation"},"content":{"rendered":"<h3><img decoding=\"async\" class=\"leftAlign alignleft\" src=\"https:\/\/orthodiv.org\/wp-content\/uploads\/2021\/06\/ed-comm-heather-gillis.jpg\" width=\"160\" \/>Heather Gillis<\/h3>\n<h4>Pr\u00e9sident de l&#8217;\u00e9ducation<\/h4>\n<p>Heather Gillis est dipl\u00f4m\u00e9e du programme de physioth\u00e9rapie de l&#8217;University of Western Ontario. Elle a \u00e9galement obtenu une ma\u00eetrise en sciences au d\u00e9partement d&#8217;anatomie et de biologie cellulaire de l&#8217;University of Western Ontario. Elle occupe un poste universitaire \u00e0 la fois dans la ma\u00eetrise de physioth\u00e9rapie (programme professionnel) et dans le Advanced Health Care Practice Program (domaine de la th\u00e9rapie manuelle et de manipulation) \u00e0 l&#8217;UWO. Elle joue un r\u00f4le actif dans la division d&#8217;orthop\u00e9die en tant que mentore d&#8217;\u00e9tudiants. Elle est aussi instructrice et examinatrice dans le cadre du programme d&#8217;\u00e9tudes et des examens de la division d&#8217;orthop\u00e9die.<\/p>\n<p style=\"text-align: right;\"><a class=\"greenBtn\" href=\"mailto:hgillis3@uwo.ca\">COURRIEL<\/a><\/p>\n<hr \/>\n<h3><img decoding=\"async\" class=\"leftAlign alignleft\" src=\"https:\/\/orthodiv.org\/wp-content\/uploads\/2021\/06\/ed-comm-andrew-white.jpg\" width=\"160\" \/>Andrew White<\/h3>\n<h4>Directeur de programme<\/h4>\n<p>Andrew a obtenu un baccalaur\u00e9at \u00e8s sciences de physioth\u00e9rapie \u00e0 l&#8217;Universit\u00e9 Dalhousie en 2004, puis un dipl\u00f4me de th\u00e9rapie manuelle avanc\u00e9e de la division d&#8217;orthop\u00e9die en 2011. Il a travaill\u00e9 en exercice priv\u00e9 en orthop\u00e9die depuis l&#8217;obtention de son dipl\u00f4me, et est propri\u00e9taire du Platinum Physiotherapy and Rehabilitation Group.<\/p>\n<p>Il a fait du b\u00e9n\u00e9volat lors d&#8217;\u00e9v\u00e9nements sportifs locaux, nationaux et internationaux. Andrew est instructeur et mentor dans le cadre du programme de la division d&#8217;orthop\u00e9die, et instructeur de laboratoire \u00e0 la facult\u00e9 de physioth\u00e9rapie de l&#8217;Universit\u00e9 Dalhousie.<\/p>\n<p style=\"text-align: right;\"><a class=\"greenBtn\" href=\"mailto:gawwhite@hotmail.com\">COURRIEL<\/a><\/p>\n<hr \/>\n<h3><img decoding=\"async\" class=\"leftAlign alignleft\" src=\"https:\/\/www.orthodiv.org\/wp-content\/uploads\/2025\/05\/melanie-roch-160x.jpg\" alt=\"Melanie Roch\" width=\"160\" \/>Melanie Roch<\/h3>\n<h4>Pr\u00e9sident de la v\u00e9rification des titres de comp\u00e9tences<\/h4>\n<p>M\u00e9lanie est professeure adjointe au programme de physioth\u00e9rapie \u00e0 l\u2019Universit\u00e9 de Sherbrooke, ainsi que clinicienne et mentore en pratique priv\u00e9e en physioth\u00e9rapie musculosquelettique. Elle a obtenu son baccalaur\u00e9at en physioth\u00e9rapie \u00e0 l\u2019Universit\u00e9 Laval en 1998. En 2009, elle a compl\u00e9t\u00e9 son dipl\u00f4me avanc\u00e9 en th\u00e9rapie manuelle et a obtenu le titre de Fellow of the Canadian Academy of Manipulative Physiotherapy (FCAMPT). M\u00e9lanie a compl\u00e9t\u00e9e son doctorat en recherche \u00e0 la Facult\u00e9 de M\u00e9decine et des sciences de la sant\u00e9 de l\u2019Universit\u00e9 de Sherbrooke (PhD) en 2025. Depuis 2011, elle enseigne dans le programme avanc\u00e9 de physioth\u00e9rapie manuelle musculosquelettique pour le compte de l\u2019Association qu\u00e9b\u00e9coise de th\u00e9rapie manuelle avanc\u00e9e (AQPMA), elle intervient \u00e9galement dans le programme fran\u00e7ais, en France depuis 2015. Elle a fait partie du conseil d\u2019administration de L\u2019AQPMA de 2015 \u00e0 2022. En 2025, elle est devenue examinatrice des examens canadiens de th\u00e9rapie manuelle et a rejoint le comit\u00e9 d\u2019\u00e9ducation de la division nationale d\u2019orthop\u00e9die \u00e0 titre de responsable de l\u2019accr\u00e9ditation des instructeurs canadiens.<\/p>\n<p style=\"text-align: right;\"><a class=\"greenBtn\" href=\"mailto:melpht@gmail.com\">COURRIEL<\/a><\/p>\n<hr \/>\n<h3><img decoding=\"async\" class=\"leftAlign alignleft\" src=\"https:\/\/www.orthodiv.org\/wp-content\/uploads\/2025\/06\/candice-bannister-320x360-1.jpg\" alt=\"Candice Bannister\" width=\"160\" \/> Candice Bannister<\/h3>\n<h4>Pr\u00e9sidente du mentorat<\/h4>\n<p>Candice graduated from McMaster University\u2019s Physiotherapy program in 2008. In 2017, she completed a Master of Clinical Science in Manipulative Therapy at Western University, becoming a Fellow of the Canadian Academy of Manual and Musculoskeletal Physiotherapy (FCAMPT).<\/p>\n<p>She is an instructor and mentor in the Orthopaedic Division, and her passion for supporting professional development led her to join the Education Committee as Mentorship Chair in 2025. Clinically, Candice works in private practice and thrives on helping individuals stay active across the lifespan.<\/p>\n<p style=\"text-align: right;\"><a class=\"greenBtn\" href=\"mailto:bannistercandice@gmail.com\">EMAIL<\/a><\/p>\n<hr \/>\n<h3><img decoding=\"async\" class=\"leftAlign alignleft\" src=\"https:\/\/orthodiv.org\/wp-content\/uploads\/2021\/06\/ed-comm-jen-van-bussel.jpg\" width=\"160\" \/> Jen Van Bussel<\/h3>\n<h4>Pr\u00e9sident des examens<\/h4>\n<p>Jen a obtenu son dipl\u00f4me du programme de physioth\u00e9rapie \u00e0 Western Ontario University en 2001. Elle exerce depuis dans le domaine de l&#8217;orthop\u00e9die, aux \u00c9tats-Unis et au Canada. Sa passion pour l&#8217;enseignement et le mentorat est n\u00e9e lorsqu&#8217;elle \u00e9tait membre du corps professoral de Brooks Rehabilitation Residency et des programmes de bourses \u00e0 Jacksonville, en Floride.<br \/>\nApr\u00e8s avoir obtenu son dipl\u00f4me en th\u00e9rapie manuelle avanc\u00e9e et manipulation en 2010, Jen s&#8217;est lanc\u00e9e dans l&#8217;enseignement et le mentorat au sein de la division d&#8217;orthop\u00e9die. Elle est actuellement conf\u00e9renci\u00e8re \u00e0 la facult\u00e9 de physioth\u00e9rapie de Western University, et elle termine sa ma\u00eetrise en sciences de la sant\u00e9 et r\u00e9\u00e9ducation.<\/p>\n<p style=\"text-align: right;\"><a class=\"greenBtn\" href=\"mailto:elightly@mymts.net\">COURRIEL<\/a><\/p>\n<hr \/>\n<h3><img decoding=\"async\" class=\"leftAlign alignleft\" src=\"https:\/\/orthodiv.org\/wp-content\/uploads\/2021\/06\/ed-comm-andrew-white.jpg\" width=\"160\" \/>Andrew White<\/h3>\n<h4>Responsable des communications<\/h4>\n<p>Andrew a obtenu un baccalaur\u00e9at \u00e8s sciences de physioth\u00e9rapie \u00e0 l&#8217;Universit\u00e9 Dalhousie en 2004, puis un dipl\u00f4me de th\u00e9rapie manuelle avanc\u00e9e de la division d&#8217;orthop\u00e9die en 2011. Il a travaill\u00e9 en exercice priv\u00e9 en orthop\u00e9die depuis l&#8217;obtention de son dipl\u00f4me, et est propri\u00e9taire du Platinum Physiotherapy and Rehabilitation Group.<\/p>\n<p>Il a fait du b\u00e9n\u00e9volat lors d&#8217;\u00e9v\u00e9nements sportifs locaux, nationaux et internationaux. Andrew est instructeur et mentor dans le cadre du programme de la division d&#8217;orthop\u00e9die, et instructeur de laboratoire \u00e0 la facult\u00e9 de physioth\u00e9rapie de l&#8217;Universit\u00e9 Dalhousie.<\/p>\n<p style=\"text-align: right;\"><a class=\"greenBtn\" href=\"mailto:gawwhite@hotmail.com\">COURRIEL<\/a><\/p>\n<hr \/>\n<h3><img decoding=\"async\" class=\"leftAlign alignleft\" src=\"https:\/\/orthodiv.org\/wp-content\/uploads\/2021\/06\/ed-comm-kate-gladney.jpg\" width=\"160\" \/>Kate Gladney<\/h3>\n<h4>Coordonnatrice des examens<\/h4>\n<p>Kate a obtenu un dipl\u00f4me en physioth\u00e9rapie et un dipl\u00f4me en \u00e9ducation physique \u00e0 McMaster University. Elle d\u00e9tient \u00e9galement un dipl\u00f4me de physioth\u00e9rapie manuelle et de manipulation avanc\u00e9e de l&#8217;Association canadienne de physioth\u00e9rapie.<br \/>\nKate est instructrice au sein de la division d&#8217;orthop\u00e9die de l&#8217;ACP, dans le programme post-universitaire de th\u00e9rapie manuelle et de manipulation.<\/p>\n<p style=\"text-align: right;\"><a class=\"greenBtn\" href=\"mailto:manipexams@hotmail.com\">COURRIEL<\/a><\/p>\n","protected":false},"excerpt":{"rendered":"<p>Heather Gillis Pr\u00e9sident de l&#8217;\u00e9ducation Heather Gillis est dipl\u00f4m\u00e9e du programme de physioth\u00e9rapie de l&#8217;University of Western Ontario. Elle a \u00e9galement obtenu une ma\u00eetrise en sciences au d\u00e9partement d&#8217;anatomie et de biologie cellulaire de l&#8217;University of Western Ontario. Elle occupe un poste universitaire \u00e0 la fois dans la ma\u00eetrise de physioth\u00e9rapie (programme professionnel) et dans&#8230;  <a class=\"excerpt-read-more\" href=\"https:\/\/www.orthodiv.org\/fr\/la-division-dorthopedie\/personnel-de-direction\/directeur-du-comite-de-leducation\/\" title=\"LireDirecteur du comit\u00e9 de l&#8217;\u00e9ducation\">Lire la suite &raquo;<\/a><\/p>\n","protected":false},"author":1,"featured_media":0,"parent":3119,"menu_order":10,"comment_status":"closed","ping_status":"closed","template":"","meta":{"_bbp_topic_count":0,"_bbp_reply_count":0,"_bbp_total_topic_count":0,"_bbp_total_reply_count":0,"_bbp_voice_count":0,"_bbp_anonymous_reply_count":0,"_bbp_topic_count_hidden":0,"_bbp_reply_count_hidden":0,"_bbp_forum_subforum_count":0,"inline_featured_image":false,"footnotes":""},"class_list":["post-3121","page","type-page","status-publish","hentry"],"_links":{"self":[{"href":"https:\/\/www.orthodiv.org\/fr\/wp-json\/wp\/v2\/pages\/3121","targetHints":{"allow":["GET"]}}],"collection":[{"href":"https:\/\/www.orthodiv.org\/fr\/wp-json\/wp\/v2\/pages"}],"about":[{"href":"https:\/\/www.orthodiv.org\/fr\/wp-json\/wp\/v2\/types\/page"}],"author":[{"embeddable":true,"href":"https:\/\/www.orthodiv.org\/fr\/wp-json\/wp\/v2\/users\/1"}],"replies":[{"embeddable":true,"href":"https:\/\/www.orthodiv.org\/fr\/wp-json\/wp\/v2\/comments?post=3121"}],"version-history":[{"count":19,"href":"https:\/\/www.orthodiv.org\/fr\/wp-json\/wp\/v2\/pages\/3121\/revisions"}],"predecessor-version":[{"id":23858,"href":"https:\/\/www.orthodiv.org\/fr\/wp-json\/wp\/v2\/pages\/3121\/revisions\/23858"}],"up":[{"embeddable":true,"href":"https:\/\/www.orthodiv.org\/fr\/wp-json\/wp\/v2\/pages\/3119"}],"wp:attachment":[{"href":"https:\/\/www.orthodiv.org\/fr\/wp-json\/wp\/v2\/media?parent=3121"}],"curies":[{"name":"wp","href":"https:\/\/api.w.org\/{rel}","templated":true}]}}