{"id":3124,"date":"2017-12-08T15:07:41","date_gmt":"2017-12-08T20:07:41","guid":{"rendered":"https:\/\/orthodiv.org\/?page_id=3124"},"modified":"2025-05-14T13:34:57","modified_gmt":"2025-05-14T17:34:57","slug":"presidents-des-sections","status":"publish","type":"page","link":"https:\/\/www.orthodiv.org\/fr\/la-division-dorthopedie\/personnel-de-direction\/presidents-des-sections\/","title":{"rendered":"Pr\u00e9sidents des sections"},"content":{"rendered":"<table border=\"0\" width=\"100%\" cellspacing=\"5\" cellpadding=\"5\">\n<tbody>\n<tr>\n<th><b>SECTION\/UNIT\u00c9<\/b><\/th>\n<th>COORDINATEUR<\/th>\n<th><b>PR\u00c9SIDENT\/E<\/b><\/th>\n<th><b>TR\u00c9SORI\u00c8RE<\/b><\/th>\n<\/tr>\n<tr>\n<td><strong>section Ontario est<\/strong><\/td>\n<td>Colleen Dorion<br \/>\n<a href=\"mailto:cdorion@physiotherapy.ca?subject=OrthoDiv.PODCR\">Courriel<\/a><\/td>\n<td>Mathew Pulickal<br \/>\n<a href=\"mailto:oneast@orthodiv.org?subject=OrthoDiv.CHAIR\">Courriel<\/a><\/td>\n<td>Veronique Yeon<br \/>\n<a href=\"mailto:veroniqueyeon@gmail.com\">Email<\/a><\/td>\n<\/tr>\n<tr>\n<td><strong>section Ontario ouest<\/strong><\/td>\n<td>Kaely\u00a0MacMillan<br \/>\n<a href=\"mailto:orthoexams@shaw.ca?subject=OrthoDiv.PODCR\">Courriel<\/a><\/td>\n<td>Travis Goettl<br \/>\n<a href=\"mailto:onwest@orthodiv.org?subject=OrthoDiv.CHAIR\">Courriel<\/a><\/td>\n<td>Katherine Henning<br \/>\n<a href=\"mailto:katherine.j.henning@gmail.com\">Courriel<\/a><\/td>\n<\/tr>\n<tr>\n<td><strong>section Ontario centre<\/strong><\/td>\n<td>Colleen\u00a0Dorion<br \/>\n<a href=\"mailto:cdorion@physiotherapy.ca?subject=OrthoDiv.PODCR\">Courriel<\/a><\/td>\n<td>Darryl Viegas<br \/>\n<a href=\"mailto:oncentral@orthodiv.org?subject=OrthoDiv.CHAIR\">Courriel<\/a><\/td>\n<td>Paul Shin<br \/>\n<a href=\"mailto:paulshinpt@gmail.com\">Courriel<\/a><\/td>\n<\/tr>\n<tr>\n<td><strong>Quebec<\/strong><\/td>\n<td>Marie-H\u00e9l\u00e8ne Leclerc<br \/>\n<a href=\"mailto:info@aqpma.ca?subject=OrthoDiv.PODCR\">Courriel<\/a><\/td>\n<td>Nathalie Desmarais<br \/>\n<a href=\"mailto:desmarna@hotmail.com?subject=OrthoDiv%20CHAIR\">Courriel<\/a><\/td>\n<td>Annie Ch\u00e9nard<\/td>\n<\/tr>\n<tr>\n<td><strong>Saskatchewan<\/strong><\/td>\n<td>Kaely MacMillan<br \/>\n<a href=\"mailto:orthoexams@shaw.ca?subject=OrthoDiv.PODCR\">Courriel<\/a><\/td>\n<td>position vacante<br \/>\n<a href=\"mailto:sask@orthodiv.org?subject=OrthoDiv.CHAIR\">Courriel<\/a><\/td>\n<td>Jaclyn Gaucher<br \/>\n<a href=\"mailto:jgaucher@bourassarehab.com\">Courriel<\/a><\/td>\n<\/tr>\n<tr>\n<td><b>Terre-Neuve<\/b><\/td>\n<td>Colleen Dorion<br \/>\n<a href=\"mailto:cdorion@physiotherapy.ca?subject=OrthoDiv.PODCR\">Courriel<\/a><\/td>\n<td>position vacante<\/td>\n<td>position vacante<\/td>\n<\/tr>\n<tr>\n<td><strong>Manitoba<\/strong><\/td>\n<td>Kaely MacMillan<br \/>\n<a href=\"mailto:orthoexams@shaw.ca?subject=OrthoDiv.PODCR\">Courriel<\/a><\/td>\n<td>Erin Majcher<br \/>\n<a href=\"mailto:manitoba@orthodiv.org?subject=OrthoDiv.CHAIR\">Courriel<\/a><\/td>\n<td>Kristi Michaleski<br \/>\n<a href=\"mailto:kristi_hunter@hotmail.com\">Courriel<\/a><\/td>\n<\/tr>\n<tr>\n<td><b>Nouvelle-\u00c9cosse<\/b><\/td>\n<td>Daniel Muise<br \/>\n<a href=\"mailto:nsorthosectioncourses@gmail.com?subject=OrthoDiv.PODCR\">Courriel<\/a><\/td>\n<td>Ben McCarthy<br \/>\n<a href=\"mailto:novascotia@orthodiv.org?subject=OrthoDiv.CHAIR\">Courriel<\/a><\/td>\n<td>Emily Coolen<br \/>\n<a href=\"mailto:Emily.Coolen@Dal.Ca\">Courriel<\/a><\/td>\n<\/tr>\n<tr>\n<td><b>Nouveau-Brunswick<\/b><\/td>\n<td>Colleen Dorion<br \/>\n<a href=\"mailto:cdorion@physiotherapy.ca?subject=OrthoDiv.PODCR\">Courriel<\/a><\/td>\n<td>Jean-Michel Cormier<br \/>\n<a href=\"mailto:jeanmichel.cormier@maxhealthinstitute.ca?subject=OrthoDiv.CHAIR\">Courriel<\/a><\/td>\n<td>position vacante<\/td>\n<\/tr>\n<tr>\n<td><b>Nord de l&#8217;Alberta<\/b><\/td>\n<td>Kaely MacMillan<br \/>\n<a href=\"mailto:orthoexams@shaw.ca?subject=OrthoDiv.PODCR\">Courriel<\/a><\/td>\n<td>Adam Teece<br \/>\n<a href=\"mailto:albertanth@orthodiv.org?subject=OrthoDiv.CHAIR\">Courriel<\/a><\/td>\n<td>Adam Teece<br \/>\n<a href=\"mailto:adam@coeurphysio.com\">Courriel<\/a><\/td>\n<\/tr>\n<tr>\n<td><b>Sud de l&#8217;Alberta<\/b><\/td>\n<td>Kaely MacMillan<br \/>\n<a href=\"mailto:orthoexams@shaw.ca?subject=OrthoDiv.PODCR\">Courriel<\/a><\/td>\n<td>Kelsi Lemna, Seamus McFadden<br \/>\n<a href=\"mailto:albertasth@orthodiv.org?subject=OrthoDiv.CHAIR\">Courriel<\/a><\/td>\n<td>position vacante<\/td>\n<\/tr>\n<tr>\n<td><b>Colombie-Britannique<\/b><\/td>\n<td>Kaely MacMillan<br \/>\n<a href=\"mailto:orthoexams@shaw.ca?subject=OrthoDiv.PODCR\">Courriel<\/a><\/td>\n<td>Evan Thomas<br \/>\n<a href=\"mailto:bc@orthodiv.org?subject=OrthoDiv.CHAIR\">Email<\/a><\/td>\n<\/tr>\n<tr>\n<td><strong>Yukon<\/strong><\/td>\n<td>position vacante<\/td>\n<td>position vacante<\/td>\n<td>position vacante<\/td>\n<\/tr>\n<\/tbody>\n<\/table>\n","protected":false},"excerpt":{"rendered":"<p>SECTION\/UNIT\u00c9 COORDINATEUR PR\u00c9SIDENT\/E TR\u00c9SORI\u00c8RE section Ontario est Colleen Dorion Courriel Mathew Pulickal Courriel Veronique Yeon Email section Ontario ouest Kaely\u00a0MacMillan Courriel Travis Goettl Courriel Katherine Henning Courriel section Ontario centre Colleen\u00a0Dorion Courriel Darryl Viegas Courriel Paul Shin Courriel Quebec Marie-H\u00e9l\u00e8ne Leclerc Courriel Nathalie Desmarais Courriel Annie Ch\u00e9nard Saskatchewan Kaely MacMillan Courriel position vacante Courriel Jaclyn&#8230;  <a class=\"excerpt-read-more\" href=\"https:\/\/www.orthodiv.org\/fr\/la-division-dorthopedie\/personnel-de-direction\/presidents-des-sections\/\" title=\"LirePr\u00e9sidents des sections\">Lire la suite &raquo;<\/a><\/p>\n","protected":false},"author":1,"featured_media":0,"parent":3119,"menu_order":20,"comment_status":"closed","ping_status":"closed","template":"","meta":{"_bbp_topic_count":0,"_bbp_reply_count":0,"_bbp_total_topic_count":0,"_bbp_total_reply_count":0,"_bbp_voice_count":0,"_bbp_anonymous_reply_count":0,"_bbp_topic_count_hidden":0,"_bbp_reply_count_hidden":0,"_bbp_forum_subforum_count":0,"inline_featured_image":false,"footnotes":""},"class_list":["post-3124","page","type-page","status-publish","hentry"],"_links":{"self":[{"href":"https:\/\/www.orthodiv.org\/fr\/wp-json\/wp\/v2\/pages\/3124","targetHints":{"allow":["GET"]}}],"collection":[{"href":"https:\/\/www.orthodiv.org\/fr\/wp-json\/wp\/v2\/pages"}],"about":[{"href":"https:\/\/www.orthodiv.org\/fr\/wp-json\/wp\/v2\/types\/page"}],"author":[{"embeddable":true,"href":"https:\/\/www.orthodiv.org\/fr\/wp-json\/wp\/v2\/users\/1"}],"replies":[{"embeddable":true,"href":"https:\/\/www.orthodiv.org\/fr\/wp-json\/wp\/v2\/comments?post=3124"}],"version-history":[{"count":30,"href":"https:\/\/www.orthodiv.org\/fr\/wp-json\/wp\/v2\/pages\/3124\/revisions"}],"predecessor-version":[{"id":22706,"href":"https:\/\/www.orthodiv.org\/fr\/wp-json\/wp\/v2\/pages\/3124\/revisions\/22706"}],"up":[{"embeddable":true,"href":"https:\/\/www.orthodiv.org\/fr\/wp-json\/wp\/v2\/pages\/3119"}],"wp:attachment":[{"href":"https:\/\/www.orthodiv.org\/fr\/wp-json\/wp\/v2\/media?parent=3124"}],"curies":[{"name":"wp","href":"https:\/\/api.w.org\/{rel}","templated":true}]}}