{"id":3167,"date":"2017-12-12T15:15:47","date_gmt":"2017-12-12T20:15:47","guid":{"rendered":"https:\/\/orthodiv.org\/clinical-direct-mentorship-hours-log-sheet-fr\/"},"modified":"2020-06-15T12:08:08","modified_gmt":"2020-06-15T16:08:08","slug":"clinical-direct-mentorship-hours-log-sheet-fr","status":"publish","type":"page","link":"https:\/\/www.orthodiv.org\/fr\/la-formation-pour-ameliorer-vos-competences\/les-formulaires-dexamen\/clinical-direct-mentorship-hours-log-sheet-fr\/","title":{"rendered":"Clinical Direct Mentorship Hours Log Sheet (FR)"},"content":{"rendered":"<p><strong>Note: Must be submitted to the Exam Coordinator prior to taking the Intermediate and\/or Advanced Exam.<\/strong><\/p>\n<p>D\u00e9sol\u00e9. Vous devez \u00eatre connect\u00e9 pour acc\u00e9der \u00e0 ce formulaire.<\/p>\n","protected":false},"excerpt":{"rendered":"<p>Note: Must be submitted to the Exam Coordinator prior to taking the Intermediate and\/or Advanced Exam.<\/p>\n","protected":false},"author":1,"featured_media":0,"parent":3603,"menu_order":0,"comment_status":"closed","ping_status":"closed","template":"","meta":{"_bbp_topic_count":0,"_bbp_reply_count":0,"_bbp_total_topic_count":0,"_bbp_total_reply_count":0,"_bbp_voice_count":0,"_bbp_anonymous_reply_count":0,"_bbp_topic_count_hidden":0,"_bbp_reply_count_hidden":0,"_bbp_forum_subforum_count":0,"inline_featured_image":false,"footnotes":""},"class_list":["post-3167","page","type-page","status-publish","hentry"],"_links":{"self":[{"href":"https:\/\/www.orthodiv.org\/fr\/wp-json\/wp\/v2\/pages\/3167","targetHints":{"allow":["GET"]}}],"collection":[{"href":"https:\/\/www.orthodiv.org\/fr\/wp-json\/wp\/v2\/pages"}],"about":[{"href":"https:\/\/www.orthodiv.org\/fr\/wp-json\/wp\/v2\/types\/page"}],"author":[{"embeddable":true,"href":"https:\/\/www.orthodiv.org\/fr\/wp-json\/wp\/v2\/users\/1"}],"replies":[{"embeddable":true,"href":"https:\/\/www.orthodiv.org\/fr\/wp-json\/wp\/v2\/comments?post=3167"}],"version-history":[{"count":1,"href":"https:\/\/www.orthodiv.org\/fr\/wp-json\/wp\/v2\/pages\/3167\/revisions"}],"predecessor-version":[{"id":9307,"href":"https:\/\/www.orthodiv.org\/fr\/wp-json\/wp\/v2\/pages\/3167\/revisions\/9307"}],"up":[{"embeddable":true,"href":"https:\/\/www.orthodiv.org\/fr\/wp-json\/wp\/v2\/pages\/3603"}],"wp:attachment":[{"href":"https:\/\/www.orthodiv.org\/fr\/wp-json\/wp\/v2\/media?parent=3167"}],"curies":[{"name":"wp","href":"https:\/\/api.w.org\/{rel}","templated":true}]}}