{"id":3603,"date":"2018-02-21T12:53:07","date_gmt":"2018-02-21T17:53:07","guid":{"rendered":"https:\/\/orthodiv.org\/la-formation-pour-ameliorer-vos-competences\/les-formulaires-dexamen\/"},"modified":"2025-12-19T12:05:13","modified_gmt":"2025-12-19T17:05:13","slug":"les-formulaires-dexamen","status":"publish","type":"page","link":"https:\/\/www.orthodiv.org\/fr\/la-formation-pour-ameliorer-vos-competences\/les-formulaires-dexamen\/","title":{"rendered":"Formulaires de Mentorat"},"content":{"rendered":"<h2>Formulaires d&#8217;\u00e9valuation<\/h2>\n<ul class=\"content-list\">\n<li><a href=\"https:\/\/www.orthodiv.org\/wp-content\/uploads\/2023\/12\/FINAL-FR-Clinical-Reflection-Form-Clinical-History_August-2023-Annexe-I.pdf\">Formulaire de r\u00e9flexion\/raisonnement clinique \u2013 Subjectif (Annexe I) <\/a> PDF<\/li>\n<li><a href=\"https:\/\/www.orthodiv.org\/wp-content\/uploads\/2025\/12\/FINAL-FR-Clinical-Reflection-Form-Clinical-History_August-2023-Annexe-I.docx\">Formulaire de r\u00e9flexion\/raisonnement clinique \u2013 Subjectif (Annexe I) <\/a> DOC<\/li>\n<li><a href=\"https:\/\/www.orthodiv.org\/wp-content\/uploads\/2023\/12\/FINAL-FR-Clinical-Reflection-Form-Physical-Examination_Aug-2023-Annexe-II.pdf\">Formulaire de r\u00e9flexion \/ raisonnement clinique \u2013 Objectif (Annexe II)<\/a> PDF<\/li>\n<li><a href=\"https:\/\/www.orthodiv.org\/wp-content\/uploads\/2023\/12\/FINAL-FR-Clinical-Reflection-Form-Physical-Examination_Aug-2023-Annexe-II.docx\">Formulaire de r\u00e9flexion \/ raisonnement clinique \u2013 Objectif (Annexe II)<\/a> DOC<\/li>\n<li><a href=\"https:\/\/www.orthodiv.org\/wp-content\/uploads\/2023\/12\/FINAL-Formulaire-French-version-MentorMentee-evaluation-form-FR-Annexe-III.pdf\">Formulaire d\u2019\u00e9valuation du mentor et du mentor\u00e9 (Annexe III)<\/a> PDF<\/li>\n<li><a href=\"https:\/\/www.orthodiv.org\/wp-content\/uploads\/2023\/12\/FINAL-Formulaire-French-version-MentorMentee-evaluation-form-FR-Annexe-III.docx\">Formulaire d\u2019\u00e9valuation du mentor et du mentor\u00e9 (Annexe III)<\/a> DOC<\/li>\n<li><a href=\"https:\/\/www.orthodiv.org\/wp-content\/uploads\/2025\/12\/Mentorship-PP-2020-App-IV-Hours-Log-French.pdf\">Feuille de temps des heures cliniques directes de mentorat (Annexe IV)<\/a> PDF<\/li>\n<li><a href=\"https:\/\/orthodiv.org\/fr\/la-formation-pour-ameliorer-vos-competences\/les-formulaires-dexamen\/mentormentee-evaluation-form-fr\/\"> T\u00e9l\u00e9chargement du formulaire d\u2019\u00e9valuation du mentor et du mentor\u00e9 et formulaire de r\u00e9flexion\/raisonnement clinique<\/a><\/li>\n<li><a href=\"https:\/\/orthodiv.org\/fr\/la-formation-pour-ameliorer-vos-competences\/les-formulaires-dexamen\/clinical-direct-mentorship-hours-log-sheet-fr\/\"> T\u00e9l\u00e9chargement du feuille de temps des heures cliniques directes de mentorat <\/a><\/li>\n<\/ul>\n","protected":false},"excerpt":{"rendered":"<p>Formulaires d&#8217;\u00e9valuation Formulaire de r\u00e9flexion\/raisonnement clinique \u2013 Subjectif (Annexe I) PDF Formulaire de r\u00e9flexion\/raisonnement clinique \u2013 Subjectif (Annexe I) DOC Formulaire de r\u00e9flexion \/ raisonnement clinique \u2013 Objectif (Annexe II) PDF Formulaire de r\u00e9flexion \/ raisonnement clinique \u2013 Objectif (Annexe II) DOC Formulaire d\u2019\u00e9valuation du mentor et du mentor\u00e9 (Annexe III) PDF Formulaire d\u2019\u00e9valuation du&#8230;  <a class=\"excerpt-read-more\" href=\"https:\/\/www.orthodiv.org\/fr\/la-formation-pour-ameliorer-vos-competences\/les-formulaires-dexamen\/\" title=\"LireFormulaires de Mentorat\">Lire la suite &raquo;<\/a><\/p>\n","protected":false},"author":1,"featured_media":0,"parent":3087,"menu_order":360,"comment_status":"closed","ping_status":"closed","template":"","meta":{"_bbp_topic_count":0,"_bbp_reply_count":0,"_bbp_total_topic_count":0,"_bbp_total_reply_count":0,"_bbp_voice_count":0,"_bbp_anonymous_reply_count":0,"_bbp_topic_count_hidden":0,"_bbp_reply_count_hidden":0,"_bbp_forum_subforum_count":0,"inline_featured_image":false,"footnotes":""},"class_list":["post-3603","page","type-page","status-publish","hentry"],"_links":{"self":[{"href":"https:\/\/www.orthodiv.org\/fr\/wp-json\/wp\/v2\/pages\/3603","targetHints":{"allow":["GET"]}}],"collection":[{"href":"https:\/\/www.orthodiv.org\/fr\/wp-json\/wp\/v2\/pages"}],"about":[{"href":"https:\/\/www.orthodiv.org\/fr\/wp-json\/wp\/v2\/types\/page"}],"author":[{"embeddable":true,"href":"https:\/\/www.orthodiv.org\/fr\/wp-json\/wp\/v2\/users\/1"}],"replies":[{"embeddable":true,"href":"https:\/\/www.orthodiv.org\/fr\/wp-json\/wp\/v2\/comments?post=3603"}],"version-history":[{"count":12,"href":"https:\/\/www.orthodiv.org\/fr\/wp-json\/wp\/v2\/pages\/3603\/revisions"}],"predecessor-version":[{"id":23684,"href":"https:\/\/www.orthodiv.org\/fr\/wp-json\/wp\/v2\/pages\/3603\/revisions\/23684"}],"up":[{"embeddable":true,"href":"https:\/\/www.orthodiv.org\/fr\/wp-json\/wp\/v2\/pages\/3087"}],"wp:attachment":[{"href":"https:\/\/www.orthodiv.org\/fr\/wp-json\/wp\/v2\/media?parent=3603"}],"curies":[{"name":"wp","href":"https:\/\/api.w.org\/{rel}","templated":true}]}}