{"id":3679,"date":"2018-03-07T08:20:30","date_gmt":"2018-03-07T13:20:30","guid":{"rendered":"https:\/\/orthodiv.org\/creation-de-compte\/connexion\/"},"modified":"2024-09-30T09:42:31","modified_gmt":"2024-09-30T13:42:31","slug":"connexion","status":"publish","type":"page","link":"https:\/\/www.orthodiv.org\/fr\/creation-de-compte\/connexion\/","title":{"rendered":"Rejoignez la division d\u2019orthop\u00e9die"},"content":{"rendered":"<div class=\"wpb-content-wrapper\"><p>[vc_row][vc_column][vc_column_text]<\/p>\n<p style=\"text-align: center;\">Sauf si vous \u00eates un \u00e9tudiant de l&#8217;AIM, une <a style=\"text-decoration: underline;\" href=\"https:\/\/physiotherapy.ca\/membership\/become-a-member\/\" target=\"_blank\" rel=\"noopener\">adh\u00e9sion CPA<\/a> est requise pour rejoindre OrthoDiv.<br \/>\nRejoignez OrthoDiv \u00e0 partir de votre compte CPA sur <a href=\"https:\/\/physiotherapy.ca\" target=\"_blank\" rel=\"noopener\">physiotherapy.ca<\/a> pour b\u00e9n\u00e9ficier des avantages r\u00e9serv\u00e9s aux membres.<\/p>\n<p style=\"text-align: center;\">Les membres ont acc\u00e8s \u00e0 un r\u00e9seau de mentors, \u00e0 des ressources pour les membres, \u00e0 des r\u00e9ductions et postulent aux emplois disponibles partout au Canada.<\/p>\n<p>[\/vc_column_text][\/vc_column][\/vc_row][vc_row][vc_column width=&#8221;1\/2&#8243; el_class=&#8221;lp-content&#8221;][vc_column_text]<strong>Pourquoi joindre la Division Orthop\u00e9dique<\/strong><\/p>\n<ul class=\"content-list\">\n<li>-&gt; Obtenez l\u2019acc\u00e8s \u00e0 tout un r\u00e9seau de mentors<\/li>\n<li>-&gt; Acc\u00e9dez aux ressources des membres<\/li>\n<li>-&gt; Obtenez les rabais r\u00e9serv\u00e9s aux membres<\/li>\n<li>-&gt; Postulez aux offres d\u2019emploi \u00e0 travers le Canada<\/li>\n<\/ul>\n<p>[\/vc_column_text][\/vc_column][vc_column width=&#8221;1\/2&#8243; el_class=&#8221;lp-form&#8221;][vc_column_text]<strong>Vous avez d\u00e9j\u00e0 un compte? ouvrez une session<\/strong><br \/>\n<div id=\"wppb-login-wrap\" class=\"wppb-user-forms\">\n\t\t<form name=\"wppb-loginform\" id=\"wppb-loginform\" class=\"\" action=\"https:\/\/www.orthodiv.org\/fr\/wp-json\/wp\/v2\/pages\/3679\" method=\"post\">\n\t\t\t\n\t\t\t<p class=\"wppb-form-field login-username\">\n\t\t\t\t<label for=\"wppb_user_login\">Nom d\u2019utilisateur ou courriel<\/label>\n\t\t\t\t<input type=\"text\" name=\"log\" id=\"wppb_user_login\" class=\"input\" value=\"\" size=\"20\" \/>\n\t\t\t<\/p>\n\t\t\t<p class=\"wppb-form-field login-password\">\n\t\t\t\t<label for=\"wppb_user_pass\">Password<\/label>\n\t\t\t\t<span class=\"wppb-password-field-container\">\n\t\t\t\t    <input type=\"password\" name=\"pwd\" id=\"wppb_user_pass\" class=\"input\" value=\"\" size=\"20\" \/>\n\t\t\t\t     <!-- add the HTML for the visibility toggle -->\n\t\t\t\t<\/span>\n            <\/p>\n\t\t\t\n\t\t\t\n\t\t\t<p class=\"wppb-form-field login-remember\"><input name=\"rememberme\" type=\"checkbox\" id=\"rememberme\" value=\"forever\" \/><label for=\"rememberme\">Remember Me<\/label><\/p>\n\t\t\t<p class=\"login-submit\">\n\t\t\t\t<input type=\"submit\" name=\"wp-submit\" id=\"wppb-submit\" class=\"button button-primary\" value=\"Log In\"\" \/>\n\t\t\t\t<input type=\"hidden\" name=\"redirect_to\" value=\"https:\/\/www.orthodiv.org\/fr\/wp-json\/wp\/v2\/pages\/3679\" \/>\n\t\t\t<\/p>\n\t\t\t<input type=\"hidden\" name=\"wppb_login\" value=\"true\"\/>\n\t\t\t<input type=\"hidden\" name=\"wppb_form_location\" value=\"widget\"\/>\n\t\t\t<input type=\"hidden\" name=\"wppb_request_url\" value=\"https:\/\/www.orthodiv.org\/fr\/wp-json\/wp\/v2\/pages\/3679\"\/>\n\t\t\t<input type=\"hidden\" name=\"wppb_lostpassword_url\" value=\"\"\/>\n\t\t\t<input type=\"hidden\" name=\"wppb_redirect_priority\" value=\"\"\/>\n\t\t\t<input type=\"hidden\" name=\"wppb_referer_url\" value=\"\"\/>\n\t\t\t<input type=\"hidden\" id=\"CSRFToken-wppb\" name=\"CSRFToken-wppb\" value=\"9e7513b916\" \/><input type=\"hidden\" name=\"_wp_http_referer\" value=\"\/fr\/wp-json\/wp\/v2\/pages\/3679\" \/>\n\t\t\t<input type=\"hidden\" name=\"wppb_redirect_check\" value=\"true\"\/>\n\t\t\t<input type=\"hidden\" name=\"members_redirect_to\" value=\"1\" \/>\n\t\t<\/form><\/div><br \/>\n<span class=\"align-right\" style=\"text-align: right;\"><a href=\"https:\/\/www.orthodiv.org\/fr\/creation-de-compte\/connexion\/oublie-votre-mot-de-passe\/\">Mot de passe oubli\u00e9<\/a><\/span>[\/vc_column_text][\/vc_column][\/vc_row][vc_row][vc_column][vc_empty_space height=&#8221;250px&#8221;][\/vc_column][\/vc_row]<\/p>\n<\/div>","protected":false},"excerpt":{"rendered":"<p>[vc_row][vc_column][vc_column_text] Sauf si vous \u00eates un \u00e9tudiant de l&#8217;AIM, une adh\u00e9sion CPA est requise pour rejoindre OrthoDiv. Rejoignez OrthoDiv \u00e0 partir de votre compte CPA sur physiotherapy.ca pour b\u00e9n\u00e9ficier des avantages r\u00e9serv\u00e9s aux membres. Les membres ont acc\u00e8s \u00e0 un r\u00e9seau de mentors, \u00e0 des ressources pour les membres, \u00e0 des r\u00e9ductions et postulent aux&#8230;  <a class=\"excerpt-read-more\" href=\"https:\/\/www.orthodiv.org\/fr\/creation-de-compte\/connexion\/\" title=\"LireRejoignez la division d\u2019orthop\u00e9die\">Lire la suite &raquo;<\/a><\/p>\n","protected":false},"author":1,"featured_media":0,"parent":3678,"menu_order":0,"comment_status":"closed","ping_status":"closed","template":"","meta":{"_bbp_topic_count":0,"_bbp_reply_count":0,"_bbp_total_topic_count":0,"_bbp_total_reply_count":0,"_bbp_voice_count":0,"_bbp_anonymous_reply_count":0,"_bbp_topic_count_hidden":0,"_bbp_reply_count_hidden":0,"_bbp_forum_subforum_count":0,"inline_featured_image":false,"footnotes":""},"class_list":["post-3679","page","type-page","status-publish","hentry"],"_links":{"self":[{"href":"https:\/\/www.orthodiv.org\/fr\/wp-json\/wp\/v2\/pages\/3679","targetHints":{"allow":["GET"]}}],"collection":[{"href":"https:\/\/www.orthodiv.org\/fr\/wp-json\/wp\/v2\/pages"}],"about":[{"href":"https:\/\/www.orthodiv.org\/fr\/wp-json\/wp\/v2\/types\/page"}],"author":[{"embeddable":true,"href":"https:\/\/www.orthodiv.org\/fr\/wp-json\/wp\/v2\/users\/1"}],"replies":[{"embeddable":true,"href":"https:\/\/www.orthodiv.org\/fr\/wp-json\/wp\/v2\/comments?post=3679"}],"version-history":[{"count":19,"href":"https:\/\/www.orthodiv.org\/fr\/wp-json\/wp\/v2\/pages\/3679\/revisions"}],"predecessor-version":[{"id":21672,"href":"https:\/\/www.orthodiv.org\/fr\/wp-json\/wp\/v2\/pages\/3679\/revisions\/21672"}],"up":[{"embeddable":true,"href":"https:\/\/www.orthodiv.org\/fr\/wp-json\/wp\/v2\/pages\/3678"}],"wp:attachment":[{"href":"https:\/\/www.orthodiv.org\/fr\/wp-json\/wp\/v2\/media?parent=3679"}],"curies":[{"name":"wp","href":"https:\/\/api.w.org\/{rel}","templated":true}]}}