{"id":3686,"date":"2018-03-07T08:27:29","date_gmt":"2018-03-07T13:27:29","guid":{"rendered":"https:\/\/orthodiv.org\/creation-de-compte\/enregistrement-podcr\/"},"modified":"2018-05-17T12:04:06","modified_gmt":"2018-05-17T16:04:06","slug":"enregistrement-podcr","status":"publish","type":"page","link":"https:\/\/www.orthodiv.org\/fr\/creation-de-compte\/enregistrement-podcr\/","title":{"rendered":"Enregistrement PODCR"},"content":{"rendered":"<p>D\u00e9sol\u00e9. Vous devez \u00eatre connect\u00e9 pour acc\u00e9der \u00e0 ce formulaire.<\/p>\n","protected":false},"excerpt":{"rendered":"D\u00e9sol\u00e9. Vous devez \u00eatre connect\u00e9 pour acc\u00e9der \u00e0 ce formulaire.","protected":false},"author":1,"featured_media":0,"parent":3678,"menu_order":4,"comment_status":"closed","ping_status":"closed","template":"template-member.php","meta":{"_bbp_topic_count":0,"_bbp_reply_count":0,"_bbp_total_topic_count":0,"_bbp_total_reply_count":0,"_bbp_voice_count":0,"_bbp_anonymous_reply_count":0,"_bbp_topic_count_hidden":0,"_bbp_reply_count_hidden":0,"_bbp_forum_subforum_count":0,"inline_featured_image":false,"footnotes":""},"class_list":["post-3686","page","type-page","status-publish","hentry"],"_links":{"self":[{"href":"https:\/\/www.orthodiv.org\/fr\/wp-json\/wp\/v2\/pages\/3686","targetHints":{"allow":["GET"]}}],"collection":[{"href":"https:\/\/www.orthodiv.org\/fr\/wp-json\/wp\/v2\/pages"}],"about":[{"href":"https:\/\/www.orthodiv.org\/fr\/wp-json\/wp\/v2\/types\/page"}],"author":[{"embeddable":true,"href":"https:\/\/www.orthodiv.org\/fr\/wp-json\/wp\/v2\/users\/1"}],"replies":[{"embeddable":true,"href":"https:\/\/www.orthodiv.org\/fr\/wp-json\/wp\/v2\/comments?post=3686"}],"version-history":[{"count":0,"href":"https:\/\/www.orthodiv.org\/fr\/wp-json\/wp\/v2\/pages\/3686\/revisions"}],"up":[{"embeddable":true,"href":"https:\/\/www.orthodiv.org\/fr\/wp-json\/wp\/v2\/pages\/3678"}],"wp:attachment":[{"href":"https:\/\/www.orthodiv.org\/fr\/wp-json\/wp\/v2\/media?parent=3686"}],"curies":[{"name":"wp","href":"https:\/\/api.w.org\/{rel}","templated":true}]}}