{"id":3691,"date":"2018-03-07T08:48:43","date_gmt":"2018-03-07T13:48:43","guid":{"rendered":"https:\/\/orthodiv.org\/zone-des-membres\/"},"modified":"2023-03-16T13:01:38","modified_gmt":"2023-03-16T17:01:38","slug":"zone-des-membres","status":"publish","type":"page","link":"https:\/\/www.orthodiv.org\/fr\/zone-des-membres\/","title":{"rendered":"Zone des membres"},"content":{"rendered":"<p>Bienvenue dans votre espace priv\u00e9 pour les membres. Sur ces pages, vous pouvez acc\u00e9der \u00e0 tous le contenu r\u00e9serv\u00e9 aux membres. Ce contenu comprend des proc\u00e8s verbaux du comit\u00e9 ex\u00e9cutif, des journaux, des manuels de cours, des documents d&#8217;examen, des forums de discussion, des proc\u00e9dures et plus encore.<\/p>\n\n<\/p>\n<h4 style=\"background-color: #f6f6f6; padding: 10px; text-align: left;\"><strong>Quick Links<\/strong><\/h4>\n<div>\n<table style=\"border: none; background-color: #d9edf9; width: 400px; margin: 0 auto;\">\n<tbody>\n<tr>\n<td style=\"width: 100px; border: solid white 5px;\"><img loading=\"lazy\" decoding=\"async\" class=\"aligncenter wp-image-11664 size-full\" src=\"https:\/\/orthodiv.org\/wp-content\/uploads\/2017\/09\/OrthoSiteAd-FR-330x330.png\" alt=\"\" width=\"80\" height=\"80\" \/><\/td>\n<td style=\"font-weight: bold; border: solid white 5px;\"><a href=\"https:\/\/orthodiv.org\/fr\/zone-des-membres\/ressources-pour-les-etudiants\/\">Ressources pour les \u00e9tudiants<\/a><br \/>\n<a href=\"https:\/\/orthodiv.org\/fr\/la-formation-pour-ameliorer-vos-competences\/renseignement-sur-les-examens\/\">Renseignement sur les examens<\/a><br \/>\n<a href=\"https:\/\/orthodiv.org\/fr\/la-formation-pour-ameliorer-vos-competences\/seance-scientifique\/\">S\u00e9ance scientifique<\/a><br \/>\n<a href=\"https:\/\/orthodiv.org\/fr\/zone-des-membres\/ressources-de-mentor\/\">Ressources de mentor<\/a><\/td>\n<\/tr>\n<tr>\n<td style=\"width: 100px; border: solid white 5px;\"><img loading=\"lazy\" decoding=\"async\" class=\"aligncenter wp-image-11664 size-full\" src=\"https:\/\/orthodiv.org\/wp-content\/uploads\/2021\/09\/OD-logo-no-words-225x225.png\" alt=\"\" width=\"80\" height=\"80\" \/><\/td>\n<td style=\"font-weight: bold; border: solid white 5px;\"><a href=\"https:\/\/orthodiv.org\/fr\/plan-strategique\/\">Plan Strat\u00e9gique<\/a><br \/>\n<a href=\"https:\/\/orthodiv.org\/fr\/reseauter-avec-ses-pairs\/possibilites-demploi-et-de-benevolat\/\">Possibilit\u00e9s d\u2019emploi et de b\u00e9n\u00e9volat<\/a><\/td>\n<\/tr>\n<tr>\n<td style=\"width: 100px; border: solid white 5px;\"><img loading=\"lazy\" decoding=\"async\" class=\"aligncenter wp-image-11664 size-full\" src=\"https:\/\/orthodiv.org\/wp-content\/uploads\/2021\/09\/Evidence-Express-September-2021-thumb.jpg\" alt=\"\" width=\"80\" height=\"80\" \/><\/td>\n<td style=\"font-weight: bold; border: solid white 5px;\"><a href=\"https:\/\/orthodiv.org\/fr\/resource\/la-litterature-en-un-clic\/\">La litt\u00e9rature en un clic<\/a><br \/>\n<a href=\"https:\/\/www.orthodiv.org\/fr\/resource\/pico-en-pratique\/\">PICO en PRATIQUE<\/a><br \/>\n<a href=\"https:\/\/orthodiv.org\/fr\/ressources-concernant-les-pratiques-exemplaires\/revue-de-la-division-orthopedique-current-issue-anglais\/\">RCDO<\/a><br \/>\n<a href=\"https:\/\/orthodiv.org\/fr\/ressources-concernant-les-pratiques-exemplaires\/webinars\/\">Webinaires<\/a><\/td>\n<\/tr>\n<\/tbody>\n<\/table>\n<\/div>\n<p>&nbsp;<\/p>\n<p style=\"text-align: center;\"><a class=\"greenBtn\" href=\"https:\/\/orthodiv.org\/members-portal\/jospt-access\/\">Demander l&#8217;acc\u00e8s \u00e0 JOSPT<\/a><\/p>\n<hr \/>\n<p>Pour acc\u00e9der \u00e0 votre contenu, utilisez la navigation lat\u00e9rale \u00e0 droite.<\/p>\n<p>Si vous avez d&#8217;autres probl\u00e8mes ou si vous pensez avoir besoin de plus d&#8217;acc\u00e8s, n&#8217;h\u00e9sitez pas \u00e0 <a href=\"https:\/\/orthodiv.org\/fr\/la-division-dorthopedie\/pour-nous-joindre\/\">nous contacter<\/a>.<\/p>\n<p>Si vous avez besoin d&#8217;un code d&#8217;enregistrement, veuillez <a href=\"https:\/\/orthodiv.org\/members-portal\/request-an-access-code\/\">cliquer ici<\/a>.<\/p>\n<p>Si vous devez <a href=\"https:\/\/orthodiv.org\/fr\/editer-votre-profil\/\">mettre \u00e0 jour votre profil<\/a> ou <a href=\"https:\/\/orthodiv.org\/fr\/creation-de-compte\/connexion\/oublie-votre-mot-de-passe\/\">changer votre mot de passe<\/a>, cliquez ici.<\/p>\n<ul class=\"content-list\">\n<li><a href=\"https:\/\/orthodiv.org\/fr\/editer-votre-profil\/\">Editer votre profile<\/a><\/li>\n<li><a href=\"https:\/\/orthodiv.org\/fr\/zone-des-membres\/demande-dacces-au-niveau\/\">Demande d\u2019acc\u00e8s au niveau<\/a><\/li>\n<li><a href=\"https:\/\/orthodiv.org\/fr\/creation-de-compte\/inscription-au-mentor\/\">Inscription au mentor<\/a><\/li>\n<li><a href=\"https:\/\/orthodiv.org\/fr\/creation-de-compte\/inscription-dinstructeur\/\">Inscription d\u2019instructeur<\/a><\/li>\n<li><a href=\"https:\/\/orthodiv.org\/fr\/creation-de-compte\/inscription-des-etudiants\/\">Inscription des \u00e9tudiants<\/a><\/li>\n<li><a href=\"https:\/\/orthodiv.org\/fr\/creation-de-compte\/enregistrement-podcr\/\">Enregistrement PODCR<\/a><\/li>\n<\/ul>\n<h3><\/h3>\n<p>\n","protected":false},"excerpt":{"rendered":"<p>Bienvenue dans votre espace priv\u00e9 pour les membres. Sur ces pages, vous pouvez acc\u00e9der \u00e0 tous le contenu r\u00e9serv\u00e9 aux membres. Ce contenu comprend des proc\u00e8s verbaux du comit\u00e9 ex\u00e9cutif, des journaux, des manuels de cours, des documents d&#8217;examen, des forums de discussion, des proc\u00e9dures et plus encore.<\/p>\n","protected":false},"author":1,"featured_media":0,"parent":0,"menu_order":0,"comment_status":"closed","ping_status":"closed","template":"","meta":{"_bbp_topic_count":0,"_bbp_reply_count":0,"_bbp_total_topic_count":0,"_bbp_total_reply_count":0,"_bbp_voice_count":0,"_bbp_anonymous_reply_count":0,"_bbp_topic_count_hidden":0,"_bbp_reply_count_hidden":0,"_bbp_forum_subforum_count":0,"inline_featured_image":false,"footnotes":""},"class_list":["post-3691","page","type-page","status-publish","hentry"],"_links":{"self":[{"href":"https:\/\/www.orthodiv.org\/fr\/wp-json\/wp\/v2\/pages\/3691","targetHints":{"allow":["GET"]}}],"collection":[{"href":"https:\/\/www.orthodiv.org\/fr\/wp-json\/wp\/v2\/pages"}],"about":[{"href":"https:\/\/www.orthodiv.org\/fr\/wp-json\/wp\/v2\/types\/page"}],"author":[{"embeddable":true,"href":"https:\/\/www.orthodiv.org\/fr\/wp-json\/wp\/v2\/users\/1"}],"replies":[{"embeddable":true,"href":"https:\/\/www.orthodiv.org\/fr\/wp-json\/wp\/v2\/comments?post=3691"}],"version-history":[{"count":29,"href":"https:\/\/www.orthodiv.org\/fr\/wp-json\/wp\/v2\/pages\/3691\/revisions"}],"predecessor-version":[{"id":16406,"href":"https:\/\/www.orthodiv.org\/fr\/wp-json\/wp\/v2\/pages\/3691\/revisions\/16406"}],"wp:attachment":[{"href":"https:\/\/www.orthodiv.org\/fr\/wp-json\/wp\/v2\/media?parent=3691"}],"curies":[{"name":"wp","href":"https:\/\/api.w.org\/{rel}","templated":true}]}}