{"id":9912,"date":"2020-11-17T12:59:24","date_gmt":"2020-11-17T17:59:24","guid":{"rendered":"https:\/\/orthodiv.org\/?page_id=9912"},"modified":"2022-05-19T14:40:20","modified_gmt":"2022-05-19T18:40:20","slug":"inclusion-diversity-equity-and-action-in-physiotherapy","status":"publish","type":"page","link":"https:\/\/www.orthodiv.org\/fr\/ressources-concernant-les-pratiques-exemplaires\/inclusion-diversity-equity-and-action-in-physiotherapy\/","title":{"rendered":"Inclusion, diversit\u00e9, \u00e9quit\u00e9 et action en physioth\u00e9rapie"},"content":{"rendered":"<p>&nbsp;<\/p>\n<p><strong>Inclusion, diversit\u00e9, \u00e9quit\u00e9 et action en physioth\u00e9rapie<\/strong><\/p>\n<p>Nous remercions vivement la<a href=\"https:\/\/physiotherapy.ca\/fr\/divisions\/global-health-division\"> division en sant\u00e9 mondiale<\/a> de l\u2019Association canadienne de physioth\u00e9rapie, la<a href=\"https:\/\/twitter.com\/tracyablake\"> professeure Tracy Blake<\/a> et les nombreux membres de la division d\u2019orthop\u00e9die de l\u2019Association canadienne de physioth\u00e9rapie qui ont contribu\u00e9 \u00e0 la cr\u00e9ation de cette liste.<\/p>\n<p><b>Avertissement<\/b><\/p>\n<p>La liste de ressources suivantes a \u00e9t\u00e9 cr\u00e9\u00e9e dans le cadre de notre engagement continu \u00e0 cr\u00e9er des changements en mati\u00e8re d\u2019inclusion, de diversit\u00e9 et de lutte contre le racisme dans le milieu de la physioth\u00e9rapie et de la sant\u00e9. La pr\u00e9sente liste de ressources vise \u00e0 faciliter l\u2019acc\u00e8s \u00e0 de l\u2019information particuli\u00e8rement pertinente pour les physioth\u00e9rapeutes. Elle est loin d\u2019\u00eatre compl\u00e8te et ne le sera jamais, mais elle prendra de l\u2019expansion \u00e0 mesure que de nouvelles ressources seront disponibles. Si vous constatez qu\u2019un texte devrait \u00eatre affich\u00e9, veuillez nous en informer, \u00e0 <a href=\"mailto:cdorion@physiotherapy.ca\">cdorion@physiotherapy.ca<\/a>.<\/p>\n<p>&nbsp;<\/p>\n<h3>Webinaires<\/h3>\n<ul class=\"content-list\">\n<li><a href=\"https:\/\/www.embodiaapp.com\/webinars\/559-gender-awareness-for-physiotherapists-sponsored-by-the-orthopaedic-division-orthopaedic-division-canadian-physiotherapy-association\">Gender Awareness for Physiotherapists<\/a><\/li>\n<li><a href=\"https:\/\/physiotherapy.ca\/internet-free-progressing-past-awareness-and-towards-racial-justice-physiotherapy-sponsored\">The Internet is Free: Progressing Past Awareness and Towards Racial Justice in Physiotherapy<\/a> &#8211; Webinar with Dr. Tracy Blake<\/li>\n<li style=\"font-weight: 400;\"><a href=\"https:\/\/www.youtube.com\/watch?v=yiWZK2AxF7M&amp;feature=youtu.be&amp;ab_channel=CentreforHealthcareInnovation\">Privilege, Oppression &amp; Allyship This interactive talk, presented by Dr. Stephanie Nixon, is related to \u201cThe Coin Model of Privilege and Critical Allyship: Implications for Health\u201d.<\/a><\/li>\n<li style=\"font-weight: 400;\"><a href=\"https:\/\/cpa.embodiaacademy.com\/webinars\/228-anti-racism-allyship-for-rehab-and-movement-professionals-dr-jennifer-hutton\">Allyship for Rehab and Movement Professionals &#8211; Dr. Jennifer Hutton\u00a0<\/a><br \/>\n<a style=\"background-color: #ffffff;\" href=\"https:\/\/www.facebook.com\/927796060574818\/videos\/412877756295161\">Inequity in Sports and Exercise Medicine &#8211; Panel Discussion\u00a0<\/a><\/li>\n<\/ul>\n<ul class=\"content-list\">\n<li style=\"font-weight: 400;\"><a href=\"https:\/\/www.youtube.com\/watch?v=gY2tqYgx-C4&amp;feature=youtu.be&amp;ab_channel=CanadianAssociationOfOccupationalTherapist%2FAssociationcanadiennedesergoth%C3%A9rapeutes\">Cultural Competency and the Reproduction of White Supremacy in Occupational Therapy Education<\/a>\u00a0 &#8211; Occupational Therapist and lecturer Marie-Lyne Grenier challenges the oppressive and pervasive narratives in occupational therapy education and discusses their role in supporting culturally unsafe practices.<\/li>\n<li style=\"font-weight: 400;\"><a href=\"https:\/\/eur06.safelinks.protection.outlook.com\/?url=http%3A%2F%2Fwww.icscollaborative.com%2Fwebinars&amp;data=02%7C01%7C%7Cb273c5c3bbe54264a65108d85769c61e%7C84df9e7fe9f640afb435aaaaaaaaaaaa%7C1%7C0%7C637355459088138711&amp;sdata=%2BrzBRIMOlYTIE6%2B1fI9sD%2FKIn28%2F0T6%2FmprwDsIbknE%3D&amp;reserved=0\">Indigenous Cultural Safety Collaborative Webinars<\/a> (this resource has several webinars that pertain to both anti-racism in healthcare and Indigenous peoples)<\/li>\n<li style=\"font-weight: 400;\"><a href=\"https:\/\/physiotherapy.ca\/cross-canada-checkup-session-9-impact-covid-19-providing-physiotherapy-services-northern-manitoba\">Impact of COVID-19 on Providing Physiotherapy Services to Northern Manitoba First Nations Communities\u00a0<\/a><\/li>\n<li style=\"font-weight: 400;\"><a style=\"background-color: #ffffff;\" href=\"https:\/\/congress.physio\/wcpt2019\/programme\/fs\/FS-03\">Diversity and Inclusion<\/a> Focused Symposium from the World Confederation for Physical Therapy Congress 2019<\/li>\n<\/ul>\n<p>&nbsp;<\/p>\n<h3>Cours<\/h3>\n<ul class=\"content-list\">\n<li style=\"font-weight: 400;\"><a href=\"https:\/\/enrol.apacpdguide.com.au\/courses\/national-reconciliation-week-2020-the-role-of-physiotherapy-in-reconciliation\">The Role of Physiotherapy in Reconciliation<\/a> &#8211; Join members of our Aboriginal and Torres Strait Islander Health Committee of the Australian Physiotherapy Association as they explore Reconciliation through discussions around what reconciliation means to them and the role physiotherapy plays in this movement.<\/li>\n<li style=\"font-weight: 400;\"><a href=\"https:\/\/eur06.safelinks.protection.outlook.com\/?url=https%3A%2F%2Fwww.coursera.org%2Flearn%2Findigenous-canada&amp;data=02%7C01%7C%7Cb273c5c3bbe54264a65108d85769c61e%7C84df9e7fe9f640afb435aaaaaaaaaaaa%7C1%7C0%7C637355459088138711&amp;sdata=3phxl0gjlL%2Fzso9jSChOEpY1hYdVx92vjagZXh5roXM%3D&amp;reserved=0\">Indigenous Canada &#8211; Free Course through The University of Alberta<\/a><\/li>\n<li style=\"font-weight: 400;\"><a href=\"https:\/\/eur06.safelinks.protection.outlook.com\/?url=https%3A%2F%2Fwww.embodiaacademy.com%2Fcourses%2F440-cultural-safety-indigenous-patients-and-physiotherapy-canadian-physiotherapy-association%3Futm_campaign%3DCourse%2520ID%2520440%2520-%2520Amanda%2520Fortin%2520and%2520Katherine%2520Harman%26utm_source%3DWebinar%2520ID%2520100%2520-%2520Amanda%2520Fortin%2520and%2520Katherine%2520Harman&amp;data=02%7C01%7C%7Cb273c5c3bbe54264a65108d85769c61e%7C84df9e7fe9f640afb435aaaaaaaaaaaa%7C1%7C0%7C637355459088138711&amp;sdata=AXIN%2FB4ooWGZ%2F90Uhb4aYNNU2qCb%2FAnjXr48Bm0ijFg%3D&amp;reserved=0\">Cultural Safety, Indigenous Patients and Physiotherapy &#8211; Amanda Fortin and Katherine Harman\u00a0<\/a><\/li>\n<li style=\"font-weight: 400;\"><a href=\"https:\/\/youseelogic.com\/shop\/\">Intersections of Racism and Power: Healthcare Redefined<\/a> from Dr. Uchenna Ossai<\/li>\n<\/ul>\n<p>&nbsp;<\/p>\n<h3>\u00c9ditoriaux et blogues<\/h3>\n<ul class=\"content-list\">\n<li style=\"font-weight: 400;\"><a href=\"https:\/\/blogs.bmj.com\/bjsm\/2020\/06\/17\/in-the-fight-for-racial-justice-the-sidelines-are-no-longer-an-option-by-dr-tracy-blake-pt-phd\/\">In the fight for racial justice, the sidelines are no longer an option. By Dr Tracy Blake, PT, PhD<\/a><\/li>\n<li style=\"font-weight: 400;\"><a href=\"https:\/\/rehabinkmag.com\/previous-issues\/rehabink-summer-2019-volume-1-issue-7\/racialization-and-racism-uncovering-the-implicit-in-rehabilitation-sciences-and-research\/\">Racialization and racism: Uncovering the implicit in rehabilitation sciences and research<\/a> &#8211; Commentary by LLana James, Sally Abudiab, &amp; Samira Said Omar<\/li>\n<li style=\"font-weight: 400;\"><a href=\"https:\/\/medium.com\/the-faculty\/white-academia-do-better-fa96cede1fc5\">White Academia: Do Better<\/a> &#8211; Author, advocate and Ohio State University professor Jasmine Roberts explains the problem of White Supremacy in higher education and lists 10 tangible actions to support Black faculty, staff and students<\/li>\n<li style=\"font-weight: 400;\"><a href=\"https:\/\/physiotherapy.ca\/personal-reflection-racism\">A Personal Reflection on Racism<\/a> &#8211; Mouhammad Kaddoura, second year Physical Therapy student at Western University<\/li>\n<li style=\"font-weight: 400;\"><a href=\"https:\/\/www.utpjournals.press\/doi\/abs\/10.3138\/ptc.68.3.GEE\">Mobilizing Reconciliation: Implications of the Truth and Reconciliation Commission Report for Physiotherapy in Canada<\/a><\/li>\n<li style=\"font-weight: 400;\"><a style=\"background-color: #ffffff;\" href=\"https:\/\/bjsm.bmj.com\/content\/early\/2020\/10\/13\/bjsports-2020-103061\">Unconscious bias in sport and exercise medicine<\/a> in BJSM<\/li>\n<\/ul>\n<p>&nbsp;<\/p>\n<h3>Articles et recherches approuv\u00e9s par un comit\u00e9 de lecture<\/h3>\n<ul class=\"content-list\">\n<li style=\"font-weight: 400;\"><a href=\"https:\/\/bmcpublichealth.biomedcentral.com\/articles\/10.1186\/s12889-019-7884-9\">The coin model of privilege and critical allyship: implications for health<\/a> &#8211; Stephanie Nixon<\/li>\n<li style=\"font-weight: 400;\"><a href=\"https:\/\/www.researchgate.net\/publication\/333326078_Perspectives_of_Racialized_Physiotherapists_in_Canada_on_Their_Experiences_with_Racism_in_the_Physiotherapy_Profession\">Perspectives of Racialized Physiotherapists in Canada on Their Experiences with Racism in the Physiotherapy Profession<\/a><\/li>\n<li style=\"font-weight: 400;\"><a href=\"https:\/\/eur04.safelinks.protection.outlook.com\/?url=https%3A%2F%2Fsystematicreviewsjournal.biomedcentral.com%2Farticles%2F10.1186%2Fs13643-020-01323-8&amp;data=02%7C01%7C%7C00c9ab12a3a84826e41008d85ab84fc5%7C84df9e7fe9f640afb435aaaaaaaaaaaa%7C1%7C0%7C637359094937835888&amp;sdata=9Ub9lqg1KKvobyXYrSv4Saa0PtciUhW6CB3jS8tmqOU%3D&amp;reserved=0\">Integrated care pathways for Black persons with traumatic brain injury: a protocol for a critical transdisciplinary scoping review<\/a><\/li>\n<li style=\"font-weight: 400;\"><a href=\"https:\/\/physiotherapy.ca\/global-health-division\/practice-resources\/indigenous-health-research\">Indigenous Health Research &#8211; Global Health Division<\/a><\/li>\n<li style=\"font-weight: 400;\"><a href=\"https:\/\/eur04.safelinks.protection.outlook.com\/?url=https%3A%2F%2Fjournals.sagepub.com%2Fdoi%2Fabs%2F10.1177%2F0017896920902515&amp;data=02%7C01%7C%7C00c9ab12a3a84826e41008d85ab84fc5%7C84df9e7fe9f640afb435aaaaaaaaaaaa%7C1%7C0%7C637359094937825895&amp;sdata=rYYPJIkmHEM%2BchC4%2F2AMcYv1Q5oayZ9qd4VybOSpBVc%3D&amp;reserved=0\">Cultural competency and the reproduction of White supremacy in occupational therapy education<\/a><\/li>\n<li><a href=\"https:\/\/pubmed.ncbi.nlm.nih.gov\/34939108\/\">An Exploration of the Experiences of Physical Therapists Who Identify as LGBTQIA+: Navigating Sexual Orientation and Gender Identity in Clinical, Academic, and Professional Roles<\/a><\/li>\n<li><a href=\"https:\/\/pubmed.ncbi.nlm.nih.gov\/34499177\/\">Beyond a Statement of Support: Changing the Culture of Equity, Diversity, and Inclusion in Physical Therapy<\/a><\/li>\n<\/ul>\n<p>&nbsp;<\/p>\n<h3>Bo\u00eetes \u00e0 outils et autres ressources<\/h3>\n<ul class=\"content-list\">\n<li style=\"font-weight: 400;\"><a href=\"https:\/\/raceandhealth.org\/\">Raceandhealth.org<\/a> &#8211; A hub for investigating how racism and discrimination affects health. Provides numerous resrouces, webinars, academic publications, books, and events with the goal of reducing the adverse effects of discrimination leading to poor health.<\/li>\n<li style=\"font-weight: 400;\"><a href=\"https:\/\/physiotherapy.ca\/sites\/default\/files\/indigenous_ally_toolkit_en.pdf\">Indigenous Ally Toolkit<\/a><\/li>\n<li style=\"font-weight: 400;\"><a href=\"https:\/\/www.racialequitytools.org\/home\">Racial Equity Tools<\/a> &#8211; Tools, research tips, curricular and ideas for people who want to increase their own understanding and to help those working towards justice at every level &#8211; in systems, organizations, communities and the culture at large.<\/li>\n<li style=\"font-weight: 400;\"><a href=\"https:\/\/www.aota.org\/Practice\/Manage\/Multicultural\/Cultural-Competency-Tool-Kit.aspx\">American Occupational Therapy Association &#8211; Cultural Competency Toolkit<\/a><\/li>\n<li style=\"font-weight: 400;\"><a href=\"https:\/\/physiotherapy.ca\/global-health-division\/practice-resources\/indigenous-health-resources\">Indigenous Health Practice Resources from the Global Health Division<\/a><\/li>\n<li style=\"font-weight: 400;\"><a href=\"https:\/\/physiotherapy.ca\/publications\/vol9-no5\">Physiotherapy Practice &#8211; Indigenous Health Edition<\/a><\/li>\n<li style=\"font-weight: 400;\"><a href=\"https:\/\/physiotherapy.ca\/2020-2022-goals\">Global Health Division &#8211; Indigenous Health Sub-Committee Goals for 2020-2022<\/a><\/li>\n<li style=\"font-weight: 400;\"><a href=\"https:\/\/native-land.ca\/\">https:\/\/native-land.ca\/<\/a> &#8211; To learn about your territory and whether its unceded territory<\/li>\n<li><a href=\"https:\/\/www.sunshinebehavioralhealth.com\/mental-health-issues-facing-the-black-community\/\">Mental Health Issues Facing the Black Community<\/a><\/li>\n<\/ul>\n<p>&nbsp;<\/p>\n<h3>Engagement et initiatives communautaires<\/h3>\n<ul class=\"content-list\">\n<li style=\"font-weight: 400;\"><a href=\"https:\/\/www.instagram.com\/p\/CGUutPuHtwf\/\">The BBIPOC PT Student Collective<\/a><\/li>\n<li style=\"font-weight: 400;\"><a href=\"https:\/\/drblessyl.com\/bipoc-dance-health-directory\/\">BIPOC for Dance Health<\/a> &#8211; Directory for BIPOC health professionals who support dance health.<\/li>\n<li>The Black PT Association (BPTA) &#8211; The BPTA is forming to connect and support Black PTs and PT students. The role of the BPTA will include providing networking and mentorship opportunities, increasing the voice of Black PTs within the profession and the healthcare system and inspiring Black youth to enter the field. For more information, please reach out to Meredith Smith at <a href=\"mailto:meredith.smith@utoronto.ca\">meredith.smith@utoronto.ca<\/a>.<\/li>\n<\/ul>\n<p>&nbsp;<\/p>\n<h3>Ressources en fran\u00e7ais<\/h3>\n<ul class=\"content-list\">\n<li style=\"font-weight: 400;\"><a href=\"http:\/\/www.fiqsante.qc.ca\/2020\/10\/01\/pour-des-soins-dignes-et-respectueux-exempts-de-racisme\/\">Pour des soins dignes et respectueux, exempts de racisme!<\/a><\/li>\n<li style=\"font-weight: 400;\"><a href=\"https:\/\/www.inspq.qc.ca\/formation\/institut\/adapter-nos-interventions-aux-realites-des-personnes-de-la-diversite-sexuelle-leur-couple-et-leur-famille-niveau-2\">Adapter nos interventions aux r\u00e9alit\u00e9s des personnes de la diversit\u00e9 sexuelle, leur couple et leur famille<\/a><\/li>\n<\/ul>\n","protected":false},"excerpt":{"rendered":"<p>&nbsp; Inclusion, diversit\u00e9, \u00e9quit\u00e9 et action en physioth\u00e9rapie Nous remercions vivement la division en sant\u00e9 mondiale de l\u2019Association canadienne de physioth\u00e9rapie, la professeure Tracy Blake et les nombreux membres de la division d\u2019orthop\u00e9die de l\u2019Association canadienne de physioth\u00e9rapie qui ont contribu\u00e9 \u00e0 la cr\u00e9ation de cette liste. Avertissement La liste de ressources suivantes a \u00e9t\u00e9&#8230;  <a class=\"excerpt-read-more\" href=\"https:\/\/www.orthodiv.org\/fr\/ressources-concernant-les-pratiques-exemplaires\/inclusion-diversity-equity-and-action-in-physiotherapy\/\" title=\"LireInclusion, diversit\u00e9, \u00e9quit\u00e9 et action en physioth\u00e9rapie\">Lire la suite &raquo;<\/a><\/p>\n","protected":false},"author":1623,"featured_media":0,"parent":3103,"menu_order":0,"comment_status":"closed","ping_status":"closed","template":"","meta":{"_bbp_topic_count":0,"_bbp_reply_count":0,"_bbp_total_topic_count":0,"_bbp_total_reply_count":0,"_bbp_voice_count":0,"_bbp_anonymous_reply_count":0,"_bbp_topic_count_hidden":0,"_bbp_reply_count_hidden":0,"_bbp_forum_subforum_count":0,"inline_featured_image":false,"footnotes":""},"class_list":["post-9912","page","type-page","status-publish","hentry"],"_links":{"self":[{"href":"https:\/\/www.orthodiv.org\/fr\/wp-json\/wp\/v2\/pages\/9912","targetHints":{"allow":["GET"]}}],"collection":[{"href":"https:\/\/www.orthodiv.org\/fr\/wp-json\/wp\/v2\/pages"}],"about":[{"href":"https:\/\/www.orthodiv.org\/fr\/wp-json\/wp\/v2\/types\/page"}],"author":[{"embeddable":true,"href":"https:\/\/www.orthodiv.org\/fr\/wp-json\/wp\/v2\/users\/1623"}],"replies":[{"embeddable":true,"href":"https:\/\/www.orthodiv.org\/fr\/wp-json\/wp\/v2\/comments?post=9912"}],"version-history":[{"count":14,"href":"https:\/\/www.orthodiv.org\/fr\/wp-json\/wp\/v2\/pages\/9912\/revisions"}],"predecessor-version":[{"id":14245,"href":"https:\/\/www.orthodiv.org\/fr\/wp-json\/wp\/v2\/pages\/9912\/revisions\/14245"}],"up":[{"embeddable":true,"href":"https:\/\/www.orthodiv.org\/fr\/wp-json\/wp\/v2\/pages\/3103"}],"wp:attachment":[{"href":"https:\/\/www.orthodiv.org\/fr\/wp-json\/wp\/v2\/media?parent=9912"}],"curies":[{"name":"wp","href":"https:\/\/api.w.org\/{rel}","templated":true}]}}